{"id":700521,"date":"2025-08-27T15:00:12","date_gmt":"2025-08-27T12:00:12","guid":{"rendered":"https:\/\/roveyayinevi.com.tr\/index.php\/urun\/uc-adimda-klasik-gitar-1\/"},"modified":"2026-04-15T02:12:18","modified_gmt":"2026-04-14T23:12:18","slug":"uc-adimda-klasik-gitar-1","status":"publish","type":"product","link":"https:\/\/roveyayinevi.com.tr\/index.php\/urun\/uc-adimda-klasik-gitar-1\/","title":{"rendered":"\u00dc\u00e7 Ad\u0131mda Klasik Gitar &#8211; 1"},"content":{"rendered":"<p>M\u00fczik; her ne kadar yeni eserler yaz\u0131lsa da, ne kadar yo\u011fun \u00e7al\u0131\u015fmalar yap\u0131lsa da g\u00fcn ge\u00e7meden yenilerini eklemek zorunda oldu\u011fumuz koca bir deryad\u0131r. <\/p>\n","protected":false},"excerpt":{"rendered":"<p>M\u00fczik; her ne kadar yeni eserler yaz\u0131lsa da, ne kadar yo\u011fun \u00e7al\u0131\u015fmalar yap\u0131lsa da g\u00fcn ge\u00e7meden yenilerini eklemek zorunda oldu\u011fumuz koca bir deryad\u0131r.<\/p>\n","protected":false},"featured_media":0,"template":"","meta":{"_monsterinsights_skip_tracking":false,"_monsterinsights_sitenote_active":false,"_monsterinsights_sitenote_note":"","_monsterinsights_sitenote_category":0},"product_brand":[],"product_cat":[14556,14557],"product_tag":[],"class_list":{"0":"post-700521","1":"product","2":"type-product","3":"status-publish","5":"product_cat-muzik","6":"product_cat-nota-kitaplari","7":"pa_tur-kitap","8":"pa_yayinevi-muzik-egitimi-yayinlari","9":"pa_yazar-gokhan-aladag","11":"first","12":"instock","13":"sale","14":"shipping-taxable","15":"purchasable","16":"product-type-simple"},"_links":{"self":[{"href":"https:\/\/roveyayinevi.com.tr\/index.php\/wp-json\/wp\/v2\/product\/700521","targetHints":{"allow":["GET"]}}],"collection":[{"href":"https:\/\/roveyayinevi.com.tr\/index.php\/wp-json\/wp\/v2\/product"}],"about":[{"href":"https:\/\/roveyayinevi.com.tr\/index.php\/wp-json\/wp\/v2\/types\/product"}],"wp:attachment":[{"href":"https:\/\/roveyayinevi.com.tr\/index.php\/wp-json\/wp\/v2\/media?parent=700521"}],"wp:term":[{"taxonomy":"product_brand","embeddable":true,"href":"https:\/\/roveyayinevi.com.tr\/index.php\/wp-json\/wp\/v2\/product_brand?post=700521"},{"taxonomy":"product_cat","embeddable":true,"href":"https:\/\/roveyayinevi.com.tr\/index.php\/wp-json\/wp\/v2\/product_cat?post=700521"},{"taxonomy":"product_tag","embeddable":true,"href":"https:\/\/roveyayinevi.com.tr\/index.php\/wp-json\/wp\/v2\/product_tag?post=700521"}],"curies":[{"name":"wp","href":"https:\/\/api.w.org\/{rel}","templated":true}]}}