{"id":700519,"date":"2025-08-27T15:00:11","date_gmt":"2025-08-27T12:00:11","guid":{"rendered":"https:\/\/roveyayinevi.com.tr\/index.php\/urun\/diyalektik-imgelem\/"},"modified":"2026-04-16T02:09:56","modified_gmt":"2026-04-15T23:09:56","slug":"diyalektik-imgelem","status":"publish","type":"product","link":"https:\/\/roveyayinevi.com.tr\/index.php\/urun\/diyalektik-imgelem\/","title":{"rendered":"Diyalektik \u0130mgelem"},"content":{"rendered":"<p>Karanl\u0131k ile ayd\u0131nl\u0131k aras\u0131ndaki sava\u015f, insan denilen varl\u0131k var oldu\u011fu s\u00fcrece devam edecektir. Karanl\u0131\u011fa ra\u011fmen varolma \u00e7abalar\u0131 ise, ayd\u0131nl\u0131\u011fa duyulan inan\u00e7 ve umutla ba\u015far\u0131ya ula\u015f\u0131r. Institut f\u00fcr Sozialforschung [Toplumsal Ara\u015ft\u0131rmalar Enstit\u00fcs\u00fc], bilinen ad\u0131yla Frankfurt Okulu, karanl\u0131k bir \u00e7a\u011fa girilmeden ortaya \u00e7\u0131km\u0131\u015f ve karanl\u0131k \u00e7a\u011f\u0131n i\u00e7erisinde varl\u0131\u011f\u0131n\u0131, teorik \u00e7al\u0131\u015fmalar\u0131yla ayakta tutmay\u0131 ba\u015farabilmi\u015ftir. <\/p>\n","protected":false},"excerpt":{"rendered":"<p>Karanl\u0131k ile ayd\u0131nl\u0131k aras\u0131ndaki sava\u015f, insan denilen varl\u0131k var oldu\u011fu s\u00fcrece devam edecektir. Karanl\u0131\u011fa ra\u011fmen varolma \u00e7abalar\u0131 ise, ayd\u0131nl\u0131\u011fa duyulan inan\u00e7 ve umutla ba\u015far\u0131ya ula\u015f\u0131r. Institut<span class=\"excerpt-hellip\"> [\u2026]<\/span><\/p>\n","protected":false},"featured_media":0,"template":"","meta":{"_monsterinsights_skip_tracking":false,"_monsterinsights_sitenote_active":false,"_monsterinsights_sitenote_note":"","_monsterinsights_sitenote_category":0},"product_brand":[],"product_cat":[12351,12324],"product_tag":[],"class_list":{"0":"post-700519","1":"product","2":"type-product","3":"status-publish","5":"product_cat-siyaset-sosyolojisi","6":"product_cat-sosyoloji","7":"pa_cilt-ciltsiz","8":"pa_tur-kitap","9":"pa_yayinevi-ayrinti-yayinlari","10":"pa_yazar-martin-jay","12":"first","13":"instock","14":"sale","15":"shipping-taxable","16":"purchasable","17":"product-type-simple"},"_links":{"self":[{"href":"https:\/\/roveyayinevi.com.tr\/index.php\/wp-json\/wp\/v2\/product\/700519","targetHints":{"allow":["GET"]}}],"collection":[{"href":"https:\/\/roveyayinevi.com.tr\/index.php\/wp-json\/wp\/v2\/product"}],"about":[{"href":"https:\/\/roveyayinevi.com.tr\/index.php\/wp-json\/wp\/v2\/types\/product"}],"wp:attachment":[{"href":"https:\/\/roveyayinevi.com.tr\/index.php\/wp-json\/wp\/v2\/media?parent=700519"}],"wp:term":[{"taxonomy":"product_brand","embeddable":true,"href":"https:\/\/roveyayinevi.com.tr\/index.php\/wp-json\/wp\/v2\/product_brand?post=700519"},{"taxonomy":"product_cat","embeddable":true,"href":"https:\/\/roveyayinevi.com.tr\/index.php\/wp-json\/wp\/v2\/product_cat?post=700519"},{"taxonomy":"product_tag","embeddable":true,"href":"https:\/\/roveyayinevi.com.tr\/index.php\/wp-json\/wp\/v2\/product_tag?post=700519"}],"curies":[{"name":"wp","href":"https:\/\/api.w.org\/{rel}","templated":true}]}}