{"id":700518,"date":"2025-08-27T15:00:11","date_gmt":"2025-08-27T12:00:11","guid":{"rendered":"https:\/\/roveyayinevi.com.tr\/index.php\/urun\/aramizda-beyaz-bir-cizgi\/"},"modified":"2026-04-16T02:09:56","modified_gmt":"2026-04-15T23:09:56","slug":"aramizda-beyaz-bir-cizgi","status":"publish","type":"product","link":"https:\/\/roveyayinevi.com.tr\/index.php\/urun\/aramizda-beyaz-bir-cizgi\/","title":{"rendered":"Aram\u0131zda Beyaz Bir \u00c7izgi"},"content":{"rendered":"<p>Daha G\u00fczel Bir D\u00fcnya \u0130\u00e7inKe\u015fke Hep \u00c7ocuk Kalsak&#8230;Yaprak, Id\u0131m kentinde ya\u015fayan bir ailenin k\u0131z\u0131d\u0131r. Evlerinde sadece kom\u015fu \u015e\u0131k kentinin radyosu \u00e7ekti\u011fi i\u00e7in, k\u00fc\u00e7\u00fck k\u0131z, daha konu\u015fmay\u0131 \u00f6\u011frenmeden \u015e\u0131k\u00e7a \u015fark\u0131lar s\u00f6ylemeye ba\u015flar. Bunu kimsenin bilmemesi gerekmektedir! \u00c7\u00fcnk\u00fc y\u00fcz y\u0131l \u00f6nce kopan \u201cO benim ta\u015f\u0131m\u201d, \u201cBu benim dal\u0131m\u201d kavgalar\u0131 y\u00fcz\u00fcnden, iki kentte ya\u015fayanlar birbirine darg\u0131nd\u0131r. \u00dcstelik, aralar\u0131na \u00e7ekilen beyaz \u00e7izgiyle kentler de insanlar da birbirinden ayr\u0131lm\u0131\u015ft\u0131r.Yaprak k\u00fc\u00e7\u00fck bir han\u0131mefendi oldu\u011funda, zeytin a\u011fa\u00e7lar\u0131n\u0131n aras\u0131nda dola\u015fmaya \u00e7\u0131kar bir g\u00fcn. \u015e\u0131k\u00e7a bir \u015fark\u0131 m\u0131r\u0131ldanarak gezindi\u011fi o g\u00fcn, iki kentin kaderini de\u011fi\u015ftirecek bir dostlu\u011fun da ba\u015flayaca\u011f\u0131 \u00e7ok g\u00fczel bir g\u00fcn olacakt\u0131r&#8230;Aram\u0131zda Beyaz Bir \u00c7izgi, b\u00fcy\u00fcklerin d\u00fcnyas\u0131ndaki anlams\u0131z yasaklar kar\u015f\u0131s\u0131nda, \u00e7ocuklar\u0131n \u00fcretti\u011fi yarat\u0131c\u0131 \u00e7\u00f6z\u00fcmleriyle, \u201cKe\u015fke hep \u00e7ocuk kalsak!\u201d dedirten bir kitap.Yap\u0131 Kredi Yay\u0131nlar\u0131, Do\u011fan Karde\u015f kitapl\u0131\u011f\u0131ndaki yeni bir diziyi yeni bir yazarla ba\u015flat\u0131yor. Daha G\u00fczel Bir D\u00fcnya \u0130\u00e7in dizisi, \u00c7i\u011fdem Kaplang\u0131\u2019n\u0131n ilk kitab\u0131 Aram\u0131zda Beyaz Bir \u00c7izgi ile okurlarla bulu\u015fuyor. \ufffc<\/p>\n","protected":false},"excerpt":{"rendered":"<p>Daha G\u00fczel Bir D\u00fcnya \u0130\u00e7inKe\u015fke Hep \u00c7ocuk Kalsak&#8230;Yaprak, Id\u0131m kentinde ya\u015fayan bir ailenin k\u0131z\u0131d\u0131r. Evlerinde sadece kom\u015fu \u015e\u0131k kentinin radyosu \u00e7ekti\u011fi i\u00e7in, k\u00fc\u00e7\u00fck k\u0131z, daha konu\u015fmay\u0131<span class=\"excerpt-hellip\"> [\u2026]<\/span><\/p>\n","protected":false},"featured_media":0,"template":"","meta":{"_monsterinsights_skip_tracking":false,"_monsterinsights_sitenote_active":false,"_monsterinsights_sitenote_note":"","_monsterinsights_sitenote_category":0},"product_brand":[],"product_cat":[12274,12284],"product_tag":[],"class_list":{"0":"post-700518","1":"product","2":"type-product","3":"status-publish","5":"product_cat-cocuk-ve-genclik-kitaplari","6":"product_cat-hikayeler","7":"pa_cilt-ciltsiz","8":"pa_tur-kitap","9":"pa_yayinevi-yapi-kredi-yayinlari","10":"pa_yazar-cigdem-kaplangi","12":"first","13":"instock","14":"sale","15":"shipping-taxable","16":"purchasable","17":"product-type-simple"},"_links":{"self":[{"href":"https:\/\/roveyayinevi.com.tr\/index.php\/wp-json\/wp\/v2\/product\/700518","targetHints":{"allow":["GET"]}}],"collection":[{"href":"https:\/\/roveyayinevi.com.tr\/index.php\/wp-json\/wp\/v2\/product"}],"about":[{"href":"https:\/\/roveyayinevi.com.tr\/index.php\/wp-json\/wp\/v2\/types\/product"}],"wp:attachment":[{"href":"https:\/\/roveyayinevi.com.tr\/index.php\/wp-json\/wp\/v2\/media?parent=700518"}],"wp:term":[{"taxonomy":"product_brand","embeddable":true,"href":"https:\/\/roveyayinevi.com.tr\/index.php\/wp-json\/wp\/v2\/product_brand?post=700518"},{"taxonomy":"product_cat","embeddable":true,"href":"https:\/\/roveyayinevi.com.tr\/index.php\/wp-json\/wp\/v2\/product_cat?post=700518"},{"taxonomy":"product_tag","embeddable":true,"href":"https:\/\/roveyayinevi.com.tr\/index.php\/wp-json\/wp\/v2\/product_tag?post=700518"}],"curies":[{"name":"wp","href":"https:\/\/api.w.org\/{rel}","templated":true}]}}