{"id":700517,"date":"2025-08-27T15:00:10","date_gmt":"2025-08-27T12:00:10","guid":{"rendered":"https:\/\/roveyayinevi.com.tr\/index.php\/urun\/red-kit-toplu-albumleri-2\/"},"modified":"2026-04-16T02:09:56","modified_gmt":"2026-04-15T23:09:56","slug":"red-kit-toplu-albumleri-2","status":"publish","type":"product","link":"https:\/\/roveyayinevi.com.tr\/index.php\/urun\/red-kit-toplu-albumleri-2\/","title":{"rendered":"Red Kit &#8211; Toplu Alb\u00fcmleri 2"},"content":{"rendered":"<p>Red Kit, bat\u0131 y\u0131ld\u0131zlar\u0131 alt\u0131ndaki yolculu\u011funa devam ediyor&#8230;Kalemine sar\u0131lan Morris, kahraman\u0131n\u0131n yolunu pek \u00e7ok tehlikeyle donat\u0131yor. \u0130lk s\u0131rada da, bu alb\u00fcmde ilk kez ortaya \u00e7\u0131kan Daltonlar yer al\u0131yor&#8230; <\/p>\n","protected":false},"excerpt":{"rendered":"<p>Red Kit, bat\u0131 y\u0131ld\u0131zlar\u0131 alt\u0131ndaki yolculu\u011funa devam ediyor&#8230;Kalemine sar\u0131lan Morris, kahraman\u0131n\u0131n yolunu pek \u00e7ok tehlikeyle donat\u0131yor. \u0130lk s\u0131rada da, bu alb\u00fcmde ilk kez ortaya \u00e7\u0131kan Daltonlar<span class=\"excerpt-hellip\"> [\u2026]<\/span><\/p>\n","protected":false},"featured_media":0,"template":"","meta":{"_monsterinsights_skip_tracking":false,"_monsterinsights_sitenote_active":false,"_monsterinsights_sitenote_note":"","_monsterinsights_sitenote_category":0},"product_brand":[],"product_cat":[12416,12291],"product_tag":[],"class_list":{"0":"post-700517","1":"product","2":"type-product","3":"status-publish","5":"product_cat-cizgi-roman","6":"product_cat-edebiyat","7":"pa_cilt-ciltli","8":"pa_tur-kitap","9":"pa_yayinevi-yapi-kredi-yayinlari","10":"pa_yazar-morris","12":"first","13":"instock","14":"sale","15":"shipping-taxable","16":"purchasable","17":"product-type-simple"},"_links":{"self":[{"href":"https:\/\/roveyayinevi.com.tr\/index.php\/wp-json\/wp\/v2\/product\/700517","targetHints":{"allow":["GET"]}}],"collection":[{"href":"https:\/\/roveyayinevi.com.tr\/index.php\/wp-json\/wp\/v2\/product"}],"about":[{"href":"https:\/\/roveyayinevi.com.tr\/index.php\/wp-json\/wp\/v2\/types\/product"}],"wp:attachment":[{"href":"https:\/\/roveyayinevi.com.tr\/index.php\/wp-json\/wp\/v2\/media?parent=700517"}],"wp:term":[{"taxonomy":"product_brand","embeddable":true,"href":"https:\/\/roveyayinevi.com.tr\/index.php\/wp-json\/wp\/v2\/product_brand?post=700517"},{"taxonomy":"product_cat","embeddable":true,"href":"https:\/\/roveyayinevi.com.tr\/index.php\/wp-json\/wp\/v2\/product_cat?post=700517"},{"taxonomy":"product_tag","embeddable":true,"href":"https:\/\/roveyayinevi.com.tr\/index.php\/wp-json\/wp\/v2\/product_tag?post=700517"}],"curies":[{"name":"wp","href":"https:\/\/api.w.org\/{rel}","templated":true}]}}