{"id":700516,"date":"2025-08-27T15:00:10","date_gmt":"2025-08-27T12:00:10","guid":{"rendered":"https:\/\/roveyayinevi.com.tr\/index.php\/urun\/red-kit-toplu-albumleri-1\/"},"modified":"2026-04-16T02:09:56","modified_gmt":"2026-04-15T23:09:56","slug":"red-kit-toplu-albumleri-1","status":"publish","type":"product","link":"https:\/\/roveyayinevi.com.tr\/index.php\/urun\/red-kit-toplu-albumleri-1\/","title":{"rendered":"Red Kit &#8211; Toplu Alb\u00fcmleri 1"},"content":{"rendered":"<p>G\u00f6lgesinden h\u0131zl\u0131 silah \u00e7eken adam\u0131n maceralar\u0131, hikayelerin yarat\u0131ld\u0131\u011f\u0131 y\u0131llar\u0131n s\u0131ras\u0131yla \u00f6zel bir koleksiyonda toplan\u0131yor: &#8220;Red Kit Toplu Alb\u00fcmleri&#8221;.Ku\u015faklar boyu g\u00fcld\u00fcren ve hayaller kurduran Morris ile -Goscinny ba\u015fta olmak \u00fczere- \u00f6yk\u00fc yazarlar\u0131n\u0131n bu harika d\u00fcnyas\u0131n\u0131 yeniden ke\u015ffediyoruz.Bu cilt, Bat\u0131&#8217;n\u0131n en \u00fcnl\u00fc kovboyunun ilk alb\u00fcmleri olan Dick Digger&#8217;\u0131n Madeni, Rodeo ve Arizona&#8217;y\u0131 bir araya getiriyor.<\/p>\n","protected":false},"excerpt":{"rendered":"<p>G\u00f6lgesinden h\u0131zl\u0131 silah \u00e7eken adam\u0131n maceralar\u0131, hikayelerin yarat\u0131ld\u0131\u011f\u0131 y\u0131llar\u0131n s\u0131ras\u0131yla \u00f6zel bir koleksiyonda toplan\u0131yor: &#8220;Red Kit Toplu Alb\u00fcmleri&#8221;.Ku\u015faklar boyu g\u00fcld\u00fcren ve hayaller kurduran Morris ile -Goscinny<span class=\"excerpt-hellip\"> [\u2026]<\/span><\/p>\n","protected":false},"featured_media":0,"template":"","meta":{"_monsterinsights_skip_tracking":false,"_monsterinsights_sitenote_active":false,"_monsterinsights_sitenote_note":"","_monsterinsights_sitenote_category":0},"product_brand":[],"product_cat":[12416,12291],"product_tag":[],"class_list":{"0":"post-700516","1":"product","2":"type-product","3":"status-publish","5":"product_cat-cizgi-roman","6":"product_cat-edebiyat","7":"pa_cilt-ciltli","8":"pa_tur-kitap","9":"pa_yayinevi-yapi-kredi-yayinlari","10":"pa_yazar-morris","12":"first","13":"instock","14":"sale","15":"shipping-taxable","16":"purchasable","17":"product-type-simple"},"_links":{"self":[{"href":"https:\/\/roveyayinevi.com.tr\/index.php\/wp-json\/wp\/v2\/product\/700516","targetHints":{"allow":["GET"]}}],"collection":[{"href":"https:\/\/roveyayinevi.com.tr\/index.php\/wp-json\/wp\/v2\/product"}],"about":[{"href":"https:\/\/roveyayinevi.com.tr\/index.php\/wp-json\/wp\/v2\/types\/product"}],"wp:attachment":[{"href":"https:\/\/roveyayinevi.com.tr\/index.php\/wp-json\/wp\/v2\/media?parent=700516"}],"wp:term":[{"taxonomy":"product_brand","embeddable":true,"href":"https:\/\/roveyayinevi.com.tr\/index.php\/wp-json\/wp\/v2\/product_brand?post=700516"},{"taxonomy":"product_cat","embeddable":true,"href":"https:\/\/roveyayinevi.com.tr\/index.php\/wp-json\/wp\/v2\/product_cat?post=700516"},{"taxonomy":"product_tag","embeddable":true,"href":"https:\/\/roveyayinevi.com.tr\/index.php\/wp-json\/wp\/v2\/product_tag?post=700516"}],"curies":[{"name":"wp","href":"https:\/\/api.w.org\/{rel}","templated":true}]}}