{"id":700509,"date":"2025-08-27T15:00:08","date_gmt":"2025-08-27T12:00:08","guid":{"rendered":"https:\/\/roveyayinevi.com.tr\/index.php\/urun\/doku\/"},"modified":"2026-04-16T02:09:40","modified_gmt":"2026-04-15T23:09:40","slug":"doku","status":"publish","type":"product","link":"https:\/\/roveyayinevi.com.tr\/index.php\/urun\/doku\/","title":{"rendered":"Doku"},"content":{"rendered":"<p>\u201cBug\u00fcne dek net biri olmad\u0131n\u0131z hi\u00e7, olamad\u0131n\u0131z, a noktas\u0131ndan b noktas\u0131na do\u011frudan gidemediniz, hep bir \u015feyler oldu, hep bir \u015feyler, yuvarlaks\u0131n\u0131z yahu, t\u0131rnak i\u00e7inde kabacas\u0131n\u0131z, t\u0131rnaks\u0131z kabas\u0131n\u0131z, size sabahtan ak\u015fama ge\u00e7en bir g\u00fcn\u00fcn\u00fcz\u00fc anlat\u0131n deseler, i\u015fte kabaca sabah kalkt\u0131m, biraz doland\u0131m ve g\u00fcn bitti dersiniz, evet, kaba bir tarif ama ger\u00e7ekte de b\u00f6yle, bir \u015fekilde g\u00fcn bitiyor, bir bakm\u0131\u015fs\u0131n\u0131z g\u00fcn bitmi\u015f, daha ba\u015fka nas\u0131l denir, g\u00fcn i\u00e7inde her \u015feyiniz, her durumunuz de\u011fi\u015fken, de\u011fi\u015fkenleriniz karars\u0131z, karars\u0131zlar\u0131n\u0131z ertelemeli ve ancak ertelemeleriniz kabaca kararl\u0131 y\u0131\u011f\u0131nlar olu\u015fturuyor, kararl\u0131 y\u0131\u011f\u0131nlar da \u015fimdilik bir sorun olu\u015fturmuyor, o zaman siz de tekrar elinizdekileri erteleyip karars\u0131zl\u0131klar\u0131n\u0131z\u0131n de\u011fi\u015fkenli\u011fine kendinizi b\u0131rak\u0131p kabaca g\u00fcn\u00fc kapatabiliyorsunuz, b\u00f6yle mi olmal\u0131, b\u00f6yle mi, arada bir soruyorsunuz, yar\u0131m a\u011f\u0131zla arada bir, c\u00fcmlelerin sonunu yutup yutup soruyorsunuz, sanki biri duyacak ve siz utan\u0131p s\u0131k\u0131lacaks\u0131n\u0131z, o zaman siz de bunu yaz\u0131n\u2026\u201d  \u0130\u015fte Cem K\u0131z\u0131ltu\u011f da bunlar\u0131 hem yazd\u0131 hem \u00e7izdi\u2026 G\u00fcnl\u00fck ya\u015fam\u0131n k\u00fc\u00e7\u00fck ayr\u0131nt\u0131lar\u0131ndan ta\u015fan anlamlarla akla sorular takan, hayatta durdu\u011funuz yeri d\u00f6n\u00fcp yoklama ihtiyac\u0131 hissettiren metinler bunlar. Durur gibi, d\u00fc\u015fer gibi, dans eder gibi hayat\u0131n ortas\u0131na at\u0131veriyor okurunu; sorular, kelimeler ve imgelerle ku\u015fat\u0131yor. \u00c7\u00fcnk\u00fc herkes hayat\u0131nda bir kez \u00e7\u00f6p ev olmal\u0131. <\/p>\n","protected":false},"excerpt":{"rendered":"<p>\u201cBug\u00fcne dek net biri olmad\u0131n\u0131z hi\u00e7, olamad\u0131n\u0131z, a noktas\u0131ndan b noktas\u0131na do\u011frudan gidemediniz, hep bir \u015feyler oldu, hep bir \u015feyler, yuvarlaks\u0131n\u0131z yahu, t\u0131rnak i\u00e7inde kabacas\u0131n\u0131z, t\u0131rnaks\u0131z<span class=\"excerpt-hellip\"> [\u2026]<\/span><\/p>\n","protected":false},"featured_media":0,"template":"","meta":{"_monsterinsights_skip_tracking":false,"_monsterinsights_sitenote_active":false,"_monsterinsights_sitenote_note":"","_monsterinsights_sitenote_category":0},"product_brand":[],"product_cat":[12777,12291],"product_tag":[],"class_list":{"0":"post-700509","1":"product","2":"type-product","3":"status-publish","5":"product_cat-deneme","6":"product_cat-edebiyat","7":"pa_tur-kitap","8":"pa_yayinevi-timas-yayinlari","9":"pa_yazar-cem-kiziltug","11":"first","12":"instock","13":"sale","14":"shipping-taxable","15":"purchasable","16":"product-type-simple"},"_links":{"self":[{"href":"https:\/\/roveyayinevi.com.tr\/index.php\/wp-json\/wp\/v2\/product\/700509","targetHints":{"allow":["GET"]}}],"collection":[{"href":"https:\/\/roveyayinevi.com.tr\/index.php\/wp-json\/wp\/v2\/product"}],"about":[{"href":"https:\/\/roveyayinevi.com.tr\/index.php\/wp-json\/wp\/v2\/types\/product"}],"wp:attachment":[{"href":"https:\/\/roveyayinevi.com.tr\/index.php\/wp-json\/wp\/v2\/media?parent=700509"}],"wp:term":[{"taxonomy":"product_brand","embeddable":true,"href":"https:\/\/roveyayinevi.com.tr\/index.php\/wp-json\/wp\/v2\/product_brand?post=700509"},{"taxonomy":"product_cat","embeddable":true,"href":"https:\/\/roveyayinevi.com.tr\/index.php\/wp-json\/wp\/v2\/product_cat?post=700509"},{"taxonomy":"product_tag","embeddable":true,"href":"https:\/\/roveyayinevi.com.tr\/index.php\/wp-json\/wp\/v2\/product_tag?post=700509"}],"curies":[{"name":"wp","href":"https:\/\/api.w.org\/{rel}","templated":true}]}}