{"id":700507,"date":"2025-08-27T15:00:07","date_gmt":"2025-08-27T12:00:07","guid":{"rendered":"https:\/\/roveyayinevi.com.tr\/index.php\/urun\/saygi-ve-hurmet-oykuleri\/"},"modified":"2026-04-16T02:09:40","modified_gmt":"2026-04-15T23:09:40","slug":"saygi-ve-hurmet-oykuleri","status":"publish","type":"product","link":"https:\/\/roveyayinevi.com.tr\/index.php\/urun\/saygi-ve-hurmet-oykuleri\/","title":{"rendered":"Sayg\u0131 ve H\u00fcrmet \u00d6yk\u00fcleri"},"content":{"rendered":"<p>D\u00fcnyan\u0131n en g\u00fczel \u00f6yk\u00fcleri aras\u0131ndan, iyili\u011fe \u00f6zendiren, k\u00f6t\u00fcl\u00fckten ka\u00e7\u0131nd\u0131ran harika hik\u00e2yeler se\u00e7tik&#8230; Onlar\u0131 kolayca anlayabilmeniz ve keyifle okuyabilmeniz i\u00e7in yeniden yazd\u0131k&#8230;Sizler i\u00e7in iyilik, merhamet, dostluk, karde\u015flik gibi de\u011ferlere dair harika bir \u00f6yk\u00fc dizisi haz\u0131rlad\u0131k&#8230; Bu dizinin kitaplar\u0131n\u0131 bir solukta okuyacaks\u0131n\u0131z, ama \u00f6m\u00fcr boyu unutamayacaks\u0131n\u0131z&#8230;&#8230; \ufffcTan\u0131t\u0131m Metni<\/p>\n","protected":false},"excerpt":{"rendered":"<p>D\u00fcnyan\u0131n en g\u00fczel \u00f6yk\u00fcleri aras\u0131ndan, iyili\u011fe \u00f6zendiren, k\u00f6t\u00fcl\u00fckten ka\u00e7\u0131nd\u0131ran harika hik\u00e2yeler se\u00e7tik&#8230; Onlar\u0131 kolayca anlayabilmeniz ve keyifle okuyabilmeniz i\u00e7in yeniden yazd\u0131k&#8230;Sizler i\u00e7in iyilik, merhamet, dostluk, karde\u015flik<span class=\"excerpt-hellip\"> [\u2026]<\/span><\/p>\n","protected":false},"featured_media":0,"template":"","meta":{"_monsterinsights_skip_tracking":false,"_monsterinsights_sitenote_active":false,"_monsterinsights_sitenote_note":"","_monsterinsights_sitenote_category":0},"product_brand":[],"product_cat":[12274,18802],"product_tag":[],"class_list":{"0":"post-700507","1":"product","2":"type-product","3":"status-publish","5":"product_cat-cocuk-ve-genclik-kitaplari","6":"product_cat-din-egitimi","7":"pa_cilt-ciltsiz","8":"pa_tur-kitap","9":"pa_yayinevi-ugurbocegi-yayinlari","10":"pa_yazar-saide-nur-dikmen","12":"first","13":"instock","14":"sale","15":"shipping-taxable","16":"purchasable","17":"product-type-simple"},"_links":{"self":[{"href":"https:\/\/roveyayinevi.com.tr\/index.php\/wp-json\/wp\/v2\/product\/700507","targetHints":{"allow":["GET"]}}],"collection":[{"href":"https:\/\/roveyayinevi.com.tr\/index.php\/wp-json\/wp\/v2\/product"}],"about":[{"href":"https:\/\/roveyayinevi.com.tr\/index.php\/wp-json\/wp\/v2\/types\/product"}],"wp:attachment":[{"href":"https:\/\/roveyayinevi.com.tr\/index.php\/wp-json\/wp\/v2\/media?parent=700507"}],"wp:term":[{"taxonomy":"product_brand","embeddable":true,"href":"https:\/\/roveyayinevi.com.tr\/index.php\/wp-json\/wp\/v2\/product_brand?post=700507"},{"taxonomy":"product_cat","embeddable":true,"href":"https:\/\/roveyayinevi.com.tr\/index.php\/wp-json\/wp\/v2\/product_cat?post=700507"},{"taxonomy":"product_tag","embeddable":true,"href":"https:\/\/roveyayinevi.com.tr\/index.php\/wp-json\/wp\/v2\/product_tag?post=700507"}],"curies":[{"name":"wp","href":"https:\/\/api.w.org\/{rel}","templated":true}]}}