{"id":700506,"date":"2025-08-27T15:00:07","date_gmt":"2025-08-27T12:00:07","guid":{"rendered":"https:\/\/roveyayinevi.com.tr\/index.php\/urun\/zeynep-ve-canin-dinozor-maceralari-tyrannosaurus-ve-arkadaslari\/"},"modified":"2026-04-16T02:09:40","modified_gmt":"2026-04-15T23:09:40","slug":"zeynep-ve-canin-dinozor-maceralari-tyrannosaurus-ve-arkadaslari","status":"publish","type":"product","link":"https:\/\/roveyayinevi.com.tr\/index.php\/urun\/zeynep-ve-canin-dinozor-maceralari-tyrannosaurus-ve-arkadaslari\/","title":{"rendered":"Zeynep ve Can\u2019\u0131n Dinozor Maceralar\u0131: Tyrannosaurus ve Arkada\u015flar\u0131"},"content":{"rendered":"<p>Zeynep, Can ve Efe, k\u00f6pekleri Korsan&#8217;la birlikte dinozorlar\u0131 \u00e7ok seviyor ve onlar\u0131 ara\u015ft\u0131r\u0131yor. Bu kitapta, &#8220;H\u00fck\u00fcmdar Kertenkele Kral&#8221; Tyrannosaurus Rex ile birlikte be\u015f dinozor daha sizler taraf\u0131ndan ke\u015ffedilmeyi bekliyor: Euplocephalus, Anatotitan, Brachiosaurus, Giganotosaurus ve Stegosaurus. Dinozorlar hakk\u0131nda s\u0131n\u0131fland\u0131rmalar\u0131, ebatlar\u0131, \u00f6nemli \u00f6zellikleri ve d\u00fcnya \u00fczerindeki da\u011f\u0131l\u0131mlar\u0131 gibi pek \u00e7ok bilimsel bilginin yer ald\u0131\u011f\u0131 bu kitap, harika resimleriyle sizi tarih \u00f6ncesi \u00e7a\u011flara g\u00f6t\u00fcrecek. <\/p>\n","protected":false},"excerpt":{"rendered":"<p>Zeynep, Can ve Efe, k\u00f6pekleri Korsan&#8217;la birlikte dinozorlar\u0131 \u00e7ok seviyor ve onlar\u0131 ara\u015ft\u0131r\u0131yor. Bu kitapta, &#8220;H\u00fck\u00fcmdar Kertenkele Kral&#8221; Tyrannosaurus Rex ile birlikte be\u015f dinozor daha sizler<span class=\"excerpt-hellip\"> [\u2026]<\/span><\/p>\n","protected":false},"featured_media":0,"template":"","meta":{"_monsterinsights_skip_tracking":false,"_monsterinsights_sitenote_active":false,"_monsterinsights_sitenote_note":"","_monsterinsights_sitenote_category":0},"product_brand":[],"product_cat":[12275,12274],"product_tag":[],"class_list":{"0":"post-700506","1":"product","2":"type-product","3":"status-publish","5":"product_cat-6-12-yas-kitaplari","6":"product_cat-cocuk-ve-genclik-kitaplari","7":"pa_cilt-ciltsiz","8":"pa_tur-kitap","9":"pa_yayinevi-potikare-yayincilik","10":"pa_yazar-edline","12":"first","13":"instock","14":"sale","15":"shipping-taxable","16":"purchasable","17":"product-type-simple"},"_links":{"self":[{"href":"https:\/\/roveyayinevi.com.tr\/index.php\/wp-json\/wp\/v2\/product\/700506","targetHints":{"allow":["GET"]}}],"collection":[{"href":"https:\/\/roveyayinevi.com.tr\/index.php\/wp-json\/wp\/v2\/product"}],"about":[{"href":"https:\/\/roveyayinevi.com.tr\/index.php\/wp-json\/wp\/v2\/types\/product"}],"wp:attachment":[{"href":"https:\/\/roveyayinevi.com.tr\/index.php\/wp-json\/wp\/v2\/media?parent=700506"}],"wp:term":[{"taxonomy":"product_brand","embeddable":true,"href":"https:\/\/roveyayinevi.com.tr\/index.php\/wp-json\/wp\/v2\/product_brand?post=700506"},{"taxonomy":"product_cat","embeddable":true,"href":"https:\/\/roveyayinevi.com.tr\/index.php\/wp-json\/wp\/v2\/product_cat?post=700506"},{"taxonomy":"product_tag","embeddable":true,"href":"https:\/\/roveyayinevi.com.tr\/index.php\/wp-json\/wp\/v2\/product_tag?post=700506"}],"curies":[{"name":"wp","href":"https:\/\/api.w.org\/{rel}","templated":true}]}}