{"id":700504,"date":"2025-08-27T15:00:06","date_gmt":"2025-08-27T12:00:06","guid":{"rendered":"https:\/\/roveyayinevi.com.tr\/index.php\/urun\/makroiktisada-giris\/"},"modified":"2026-04-16T02:09:40","modified_gmt":"2026-04-15T23:09:40","slug":"makroiktisada-giris","status":"publish","type":"product","link":"https:\/\/roveyayinevi.com.tr\/index.php\/urun\/makroiktisada-giris\/","title":{"rendered":"Makroiktisada Giri\u015f"},"content":{"rendered":"<p>Makroiktisat; i\u015fsizlik, enflasyon, kamu gelir-gider a\u00e7\u0131\u011f\u0131, d\u0131\u015f ticaret a\u00e7\u0131\u011f\u0131, d\u0131\u015f bor\u00e7 birikmesi, d\u00f6viz buhran\u0131 gibi toplumsal sorunlara \u00e7are olacak politikalar\u0131n ara\u015ft\u0131r\u0131l\u0131p \u00f6nerildi\u011fi iktisat dal\u0131d\u0131r. \ufffcTan\u0131t\u0131m Metni<\/p>\n","protected":false},"excerpt":{"rendered":"<p>Makroiktisat; i\u015fsizlik, enflasyon, kamu gelir-gider a\u00e7\u0131\u011f\u0131, d\u0131\u015f ticaret a\u00e7\u0131\u011f\u0131, d\u0131\u015f bor\u00e7 birikmesi, d\u00f6viz buhran\u0131 gibi toplumsal sorunlara \u00e7are olacak politikalar\u0131n ara\u015ft\u0131r\u0131l\u0131p \u00f6nerildi\u011fi iktisat dal\u0131d\u0131r. \ufffcTan\u0131t\u0131m Metni<\/p>\n","protected":false},"featured_media":0,"template":"","meta":{"_monsterinsights_skip_tracking":false,"_monsterinsights_sitenote_active":false,"_monsterinsights_sitenote_note":"","_monsterinsights_sitenote_category":0},"product_brand":[],"product_cat":[13043,14381],"product_tag":[],"class_list":{"0":"post-700504","1":"product","2":"type-product","3":"status-publish","5":"product_cat-ekonomi","6":"product_cat-isletme-muhasebe-maliye","7":"pa_cilt-ciltsiz","8":"pa_tur-kitap","9":"pa_yayinevi-yordam-kitap","10":"pa_yazar-cem-somel","12":"first","13":"instock","14":"sale","15":"shipping-taxable","16":"purchasable","17":"product-type-simple"},"_links":{"self":[{"href":"https:\/\/roveyayinevi.com.tr\/index.php\/wp-json\/wp\/v2\/product\/700504","targetHints":{"allow":["GET"]}}],"collection":[{"href":"https:\/\/roveyayinevi.com.tr\/index.php\/wp-json\/wp\/v2\/product"}],"about":[{"href":"https:\/\/roveyayinevi.com.tr\/index.php\/wp-json\/wp\/v2\/types\/product"}],"wp:attachment":[{"href":"https:\/\/roveyayinevi.com.tr\/index.php\/wp-json\/wp\/v2\/media?parent=700504"}],"wp:term":[{"taxonomy":"product_brand","embeddable":true,"href":"https:\/\/roveyayinevi.com.tr\/index.php\/wp-json\/wp\/v2\/product_brand?post=700504"},{"taxonomy":"product_cat","embeddable":true,"href":"https:\/\/roveyayinevi.com.tr\/index.php\/wp-json\/wp\/v2\/product_cat?post=700504"},{"taxonomy":"product_tag","embeddable":true,"href":"https:\/\/roveyayinevi.com.tr\/index.php\/wp-json\/wp\/v2\/product_tag?post=700504"}],"curies":[{"name":"wp","href":"https:\/\/api.w.org\/{rel}","templated":true}]}}