{"id":700502,"date":"2025-08-27T15:00:06","date_gmt":"2025-08-27T12:00:06","guid":{"rendered":"https:\/\/roveyayinevi.com.tr\/index.php\/urun\/cocuklar-icin-peygamberimizin-mucizeleri\/"},"modified":"2026-04-16T02:09:40","modified_gmt":"2026-04-15T23:09:40","slug":"cocuklar-icin-peygamberimizin-mucizeleri","status":"publish","type":"product","link":"https:\/\/roveyayinevi.com.tr\/index.php\/urun\/cocuklar-icin-peygamberimizin-mucizeleri\/","title":{"rendered":"\u00c7ocuklar \u0130\u00e7in Peygamberimizin Mucizeleri"},"content":{"rendered":"<p>U\u011eURB\u00d6CE\u011e\u0130 YAYINLARI, \u00e7ocuklar\u0131n manevi d\u00fcnyalar\u0131n\u0131 zenginle\u015ftirmeyi gaye edinen kitaplar yay\u0131nlamaya devam ediyor. \u0130\u015fte bu gaye do\u011frultusunda haz\u0131rlanan yepyeni bir kitap daha! \u00c7OCUKLAR \u0130\u00c7\u0130N PEYGAMBER\u0130M\u0130Z\u0130N MUC\u0130ZELER\u0130!Daha \u00f6nce Peygamberin K\u00fc\u00e7\u00fck Arkada\u015flar\u0131 adl\u0131 \u00e7ocuk kitab\u0131 ile, k\u00fc\u00e7\u00fck okurlar\u0131n b\u00fcy\u00fck ilgi ve be\u011fenisini \u00e7ekmeyi ba\u015faran M. Sinan Adal\u0131, son derece sade ama bir o kadar da renkli anlat\u0131m\u0131yla Peygamberimizin mucizelerini \u00e7ocuklar i\u00e7in yazd\u0131.<\/p>\n","protected":false},"excerpt":{"rendered":"<p>U\u011eURB\u00d6CE\u011e\u0130 YAYINLARI, \u00e7ocuklar\u0131n manevi d\u00fcnyalar\u0131n\u0131 zenginle\u015ftirmeyi gaye edinen kitaplar yay\u0131nlamaya devam ediyor. \u0130\u015fte bu gaye do\u011frultusunda haz\u0131rlanan yepyeni bir kitap daha! \u00c7OCUKLAR \u0130\u00c7\u0130N PEYGAMBER\u0130M\u0130Z\u0130N MUC\u0130ZELER\u0130!Daha \u00f6nce<span class=\"excerpt-hellip\"> [\u2026]<\/span><\/p>\n","protected":false},"featured_media":0,"template":"","meta":{"_monsterinsights_skip_tracking":false,"_monsterinsights_sitenote_active":false,"_monsterinsights_sitenote_note":"","_monsterinsights_sitenote_category":0},"product_brand":[],"product_cat":[12274,18802],"product_tag":[],"class_list":{"0":"post-700502","1":"product","2":"type-product","3":"status-publish","5":"product_cat-cocuk-ve-genclik-kitaplari","6":"product_cat-din-egitimi","7":"pa_cilt-ciltsiz","8":"pa_tur-kitap","9":"pa_yayinevi-ugurbocegi-yayinlari","10":"pa_yazar-m-sinan-adali","12":"first","13":"instock","14":"sale","15":"shipping-taxable","16":"purchasable","17":"product-type-simple"},"_links":{"self":[{"href":"https:\/\/roveyayinevi.com.tr\/index.php\/wp-json\/wp\/v2\/product\/700502","targetHints":{"allow":["GET"]}}],"collection":[{"href":"https:\/\/roveyayinevi.com.tr\/index.php\/wp-json\/wp\/v2\/product"}],"about":[{"href":"https:\/\/roveyayinevi.com.tr\/index.php\/wp-json\/wp\/v2\/types\/product"}],"wp:attachment":[{"href":"https:\/\/roveyayinevi.com.tr\/index.php\/wp-json\/wp\/v2\/media?parent=700502"}],"wp:term":[{"taxonomy":"product_brand","embeddable":true,"href":"https:\/\/roveyayinevi.com.tr\/index.php\/wp-json\/wp\/v2\/product_brand?post=700502"},{"taxonomy":"product_cat","embeddable":true,"href":"https:\/\/roveyayinevi.com.tr\/index.php\/wp-json\/wp\/v2\/product_cat?post=700502"},{"taxonomy":"product_tag","embeddable":true,"href":"https:\/\/roveyayinevi.com.tr\/index.php\/wp-json\/wp\/v2\/product_tag?post=700502"}],"curies":[{"name":"wp","href":"https:\/\/api.w.org\/{rel}","templated":true}]}}