{"id":700501,"date":"2025-08-27T15:00:05","date_gmt":"2025-08-27T12:00:05","guid":{"rendered":"https:\/\/roveyayinevi.com.tr\/index.php\/urun\/kapitalizmin-sinirlari-ve-toplumsal-proletarya\/"},"modified":"2026-04-16T02:09:40","modified_gmt":"2026-04-15T23:09:40","slug":"kapitalizmin-sinirlari-ve-toplumsal-proletarya","status":"publish","type":"product","link":"https:\/\/roveyayinevi.com.tr\/index.php\/urun\/kapitalizmin-sinirlari-ve-toplumsal-proletarya\/","title":{"rendered":"Kapitalizmin S\u0131n\u0131rlar\u0131 ve Toplumsal Proletarya"},"content":{"rendered":"<p>D\u00fcnyay\u0131 daha iyiye, g\u00fczele do\u011fru de\u011fi\u015ftirmek, s\u0131n\u0131fs\u0131z ve s\u00f6m\u00fcr\u00fcs\u00fcz bir toplum kurmak ger\u00e7ekten olanakl\u0131 m\u0131? Bu b\u00fcy\u00fck d\u00f6n\u00fc\u015f\u00fcm\u00fcn motoru olacak bir toplumsal \u00f6zne var m\u0131? Daha hak\u00e7a, e\u015fitlik\u00e7i ve \u00f6zg\u00fcr bir topluma ge\u00e7i\u015f i\u00e7in gerekli toplumsal rol\u00fc kim, hangi g\u00fc\u00e7 ve \u00f6zneler yerine getirebilir? Ya\u015fad\u0131\u011f\u0131m\u0131z d\u00fcnyadan ho\u015fnut olmayan, bununla da kalmay\u0131p d\u00fcnyay\u0131 de\u011fi\u015ftirmek i\u00e7in m\u00fccadele eden milyonlarca insan, s\u0131ralad\u0131\u011f\u0131m\u0131z bu sorularla y\u00fcz y\u00fczedir. Bu sorular\u0131n bir b\u00f6l\u00fcm\u00fcn\u00fcn yan\u0131tlar\u0131n\u0131n tarih i\u00e7inde verilmi\u015f oldu\u011funu d\u00fc\u015f\u00fcnebiliriz. D\u00fcnyan\u0131n toplumsal s\u0131n\u0131f ve katmanlar\u0131n pratik ele\u015ftirel eylemiyle defalarca de\u011fi\u015ftirildi\u011fi, on dokuzuncu y\u00fczy\u0131l\u0131n ortalar\u0131ndan bu yana b\u00fct\u00fcn b\u00fcy\u00fck d\u00f6n\u00fc\u015f\u00fcmlerin proletaryan\u0131n damgas\u0131n\u0131 ta\u015f\u0131d\u0131\u011f\u0131, bir tarih bilgisidir. Ama toplumlar ve insanlar bu t\u00fcr temel sorular\u0131n, her yeni durumda yeniden yan\u0131tlanmas\u0131n\u0131 isterler. Hakl\u0131d\u0131rlar. \u00c7\u00fcnk\u00fc, nesnel ili\u015fkiler, d\u0131\u015f ve i\u00e7 ko\u015fullar\/dinamikler, \u00e7\u00f6z\u00fclecek \u00f6ncelikli sorunlar, toplumsal de\u011fer dizgeleri, \u00f6ne \u00e7\u0131kan toplumsal g\u00fc\u00e7ler, d\u00fc\u015f\u00fcnce, eylem ve \u00f6rg\u00fct bi\u00e7imleri her tarihsel d\u00f6nemde ba\u015fka ba\u015fkad\u0131r. Elinizdeki kitap, g\u00fcncel kapitalizmin ekonomik toplumsal e\u011filimlerini, \u00e7eli\u015fkilerini ve s\u0131n\u0131rlar\u0131n\u0131 \u00e7\u00f6z\u00fcmleyerek, bug\u00fcnk\u00fc d\u00fcnyan\u0131n i\u00e7inden s\u0131n\u0131fs\u0131z, s\u00f6m\u00fcr\u00fcs\u00fcz bir topluma y\u00fcr\u00fcmenin ancak toplumsal proletaryan\u0131n ba\u015f\u0131n\u0131 \u00e7ekti\u011fi antikapitalist hareketlerin birle\u015fik\/bile\u015fke hareketiyle olanakl\u0131 oldu\u011funu 2011 \u00f6fke ve isyanlar\u0131n\u0131 da de\u011ferlendirerek, \u00e7e\u015fitli sorulara yan\u0131tlar vererek anlat\u0131yor. \ufffcTan\u0131t\u0131m Metni<\/p>\n","protected":false},"excerpt":{"rendered":"<p>D\u00fcnyay\u0131 daha iyiye, g\u00fczele do\u011fru de\u011fi\u015ftirmek, s\u0131n\u0131fs\u0131z ve s\u00f6m\u00fcr\u00fcs\u00fcz bir toplum kurmak ger\u00e7ekten olanakl\u0131 m\u0131? Bu b\u00fcy\u00fck d\u00f6n\u00fc\u015f\u00fcm\u00fcn motoru olacak bir toplumsal \u00f6zne var m\u0131? Daha<span class=\"excerpt-hellip\"> [\u2026]<\/span><\/p>\n","protected":false},"featured_media":0,"template":"","meta":{"_monsterinsights_skip_tracking":false,"_monsterinsights_sitenote_active":false,"_monsterinsights_sitenote_note":"","_monsterinsights_sitenote_category":0},"product_brand":[],"product_cat":[12337,14706],"product_tag":[],"class_list":{"0":"post-700501","1":"product","2":"type-product","3":"status-publish","5":"product_cat-politika-siyaset","6":"product_cat-siyaset-bilimi","7":"pa_cilt-ciltsiz","8":"pa_tur-kitap","9":"pa_yayinevi-yordam-kitap","10":"pa_yazar-haluk-yurtsever","12":"first","13":"instock","14":"sale","15":"shipping-taxable","16":"purchasable","17":"product-type-simple"},"_links":{"self":[{"href":"https:\/\/roveyayinevi.com.tr\/index.php\/wp-json\/wp\/v2\/product\/700501","targetHints":{"allow":["GET"]}}],"collection":[{"href":"https:\/\/roveyayinevi.com.tr\/index.php\/wp-json\/wp\/v2\/product"}],"about":[{"href":"https:\/\/roveyayinevi.com.tr\/index.php\/wp-json\/wp\/v2\/types\/product"}],"wp:attachment":[{"href":"https:\/\/roveyayinevi.com.tr\/index.php\/wp-json\/wp\/v2\/media?parent=700501"}],"wp:term":[{"taxonomy":"product_brand","embeddable":true,"href":"https:\/\/roveyayinevi.com.tr\/index.php\/wp-json\/wp\/v2\/product_brand?post=700501"},{"taxonomy":"product_cat","embeddable":true,"href":"https:\/\/roveyayinevi.com.tr\/index.php\/wp-json\/wp\/v2\/product_cat?post=700501"},{"taxonomy":"product_tag","embeddable":true,"href":"https:\/\/roveyayinevi.com.tr\/index.php\/wp-json\/wp\/v2\/product_tag?post=700501"}],"curies":[{"name":"wp","href":"https:\/\/api.w.org\/{rel}","templated":true}]}}