{"id":700499,"date":"2025-08-27T15:00:05","date_gmt":"2025-08-27T12:00:05","guid":{"rendered":"https:\/\/roveyayinevi.com.tr\/index.php\/urun\/lenin\/"},"modified":"2026-04-16T02:09:40","modified_gmt":"2026-04-15T23:09:40","slug":"lenin","status":"publish","type":"product","link":"https:\/\/roveyayinevi.com.tr\/index.php\/urun\/lenin\/","title":{"rendered":"Lenin"},"content":{"rendered":"<p>Lenin yirminci y\u00fczy\u0131l\u0131n en etkili liderlerinden biri ve muazzam bir fig\u00fcrd\u00fcr. Parti merkez ar\u015fivlerinin a\u00e7\u0131lmas\u0131ndan sonra Lenin ile ilgili belgelere ula\u015fm\u0131\u015f ilk tarih\u00e7idir Robert Service. Bu belgeler, ald\u0131\u011f\u0131 \u00f6vg\u00fc ve hakaret e\u015fit olan devrimci bir eylemci; Marx ve Engels yorumlar\u0131 resmi dogmaya d\u00f6n\u00fc\u015fm\u00fc\u015f enerjik bir d\u00fc\u015f\u00fcn\u00fcr; ikon stat\u00fcs\u00fcne y\u00fckselmi\u015f bir parti lideri ve devlet adam\u0131; ki\u015fili\u011fi kat\u0131 kendini kontrol ile ani patlamalar aras\u0131nda gidip gelen bir adamdan olu\u015fan karma\u015f\u0131k bir fig\u00fcr\u00fcn tam bir biyografisini m\u00fcmk\u00fcn hale getirmi\u015ftir. \ufffcTan\u0131t\u0131m Metni<\/p>\n","protected":false},"excerpt":{"rendered":"<p>Lenin yirminci y\u00fczy\u0131l\u0131n en etkili liderlerinden biri ve muazzam bir fig\u00fcrd\u00fcr. Parti merkez ar\u015fivlerinin a\u00e7\u0131lmas\u0131ndan sonra Lenin ile ilgili belgelere ula\u015fm\u0131\u015f ilk tarih\u00e7idir Robert Service. Bu<span class=\"excerpt-hellip\"> [\u2026]<\/span><\/p>\n","protected":false},"featured_media":0,"template":"","meta":{"_monsterinsights_skip_tracking":false,"_monsterinsights_sitenote_active":false,"_monsterinsights_sitenote_note":"","_monsterinsights_sitenote_category":0},"product_brand":[],"product_cat":[16098,12337],"product_tag":[],"class_list":{"0":"post-700499","1":"product","2":"type-product","3":"status-publish","5":"product_cat-politik-akimlar-hareketler","6":"product_cat-politika-siyaset","7":"pa_tur-kitap","8":"pa_yayinevi-abis-yayincilik","9":"pa_yazar-robert-service","11":"first","12":"instock","13":"sale","14":"shipping-taxable","15":"purchasable","16":"product-type-simple"},"_links":{"self":[{"href":"https:\/\/roveyayinevi.com.tr\/index.php\/wp-json\/wp\/v2\/product\/700499","targetHints":{"allow":["GET"]}}],"collection":[{"href":"https:\/\/roveyayinevi.com.tr\/index.php\/wp-json\/wp\/v2\/product"}],"about":[{"href":"https:\/\/roveyayinevi.com.tr\/index.php\/wp-json\/wp\/v2\/types\/product"}],"wp:attachment":[{"href":"https:\/\/roveyayinevi.com.tr\/index.php\/wp-json\/wp\/v2\/media?parent=700499"}],"wp:term":[{"taxonomy":"product_brand","embeddable":true,"href":"https:\/\/roveyayinevi.com.tr\/index.php\/wp-json\/wp\/v2\/product_brand?post=700499"},{"taxonomy":"product_cat","embeddable":true,"href":"https:\/\/roveyayinevi.com.tr\/index.php\/wp-json\/wp\/v2\/product_cat?post=700499"},{"taxonomy":"product_tag","embeddable":true,"href":"https:\/\/roveyayinevi.com.tr\/index.php\/wp-json\/wp\/v2\/product_tag?post=700499"}],"curies":[{"name":"wp","href":"https:\/\/api.w.org\/{rel}","templated":true}]}}