{"id":700497,"date":"2025-08-27T15:00:04","date_gmt":"2025-08-27T12:00:04","guid":{"rendered":"https:\/\/roveyayinevi.com.tr\/index.php\/urun\/denizler-altinda-yirmi-bin-fersah-2\/"},"modified":"2026-04-16T02:09:40","modified_gmt":"2026-04-15T23:09:40","slug":"denizler-altinda-yirmi-bin-fersah-2","status":"publish","type":"product","link":"https:\/\/roveyayinevi.com.tr\/index.php\/urun\/denizler-altinda-yirmi-bin-fersah-2\/","title":{"rendered":"Denizler Alt\u0131nda Yirmi Bin Fersah"},"content":{"rendered":"<p>\u201cSiz kimsiniz?\u201d diye sordu Pierre Amca.\u201cNeredeyiz biz?\u201d\u201cVe neden bizi burada tutuyorsunuz?\u201d\u201c\u00d6nce ilk soruyu yan\u0131tlayay\u0131m,\u201d dedi sakall\u0131 adam. \u201cBana Kaptan Nemo diyebilirsiniz. \u015eu anda benim ke\u015ffim olan Nautilus adl\u0131 deniz arac\u0131ndas\u0131n\u0131z.\u201d\u201cBize ne yapmay\u0131 d\u00fc\u015f\u00fcn\u00fcyorsunuz?\u201d\u201cSizi burada tutmaya niyetliyim.\u201d\u201cSizden bizi serbest b\u0131rakman\u0131z\u0131 talep ediyorum,\u201d dedi Pierre Amca.Bunu duyan Kaptan Nemo ne\u015fesiz bir kahkaha att\u0131. <\/p>\n","protected":false},"excerpt":{"rendered":"<p>\u201cSiz kimsiniz?\u201d diye sordu Pierre Amca.\u201cNeredeyiz biz?\u201d\u201cVe neden bizi burada tutuyorsunuz?\u201d\u201c\u00d6nce ilk soruyu yan\u0131tlayay\u0131m,\u201d dedi sakall\u0131 adam. \u201cBana Kaptan Nemo diyebilirsiniz. \u015eu anda benim ke\u015ffim olan<span class=\"excerpt-hellip\"> [\u2026]<\/span><\/p>\n","protected":false},"featured_media":0,"template":"","meta":{"_monsterinsights_skip_tracking":false,"_monsterinsights_sitenote_active":false,"_monsterinsights_sitenote_note":"","_monsterinsights_sitenote_category":0},"product_brand":[],"product_cat":[12275,12274],"product_tag":[],"class_list":{"0":"post-700497","1":"product","2":"type-product","3":"status-publish","5":"product_cat-6-12-yas-kitaplari","6":"product_cat-cocuk-ve-genclik-kitaplari","7":"pa_cilt-ciltsiz","8":"pa_tur-kitap","9":"pa_yayinevi-domingo-yayinevi","10":"pa_yazar-dave-eggers","12":"first","13":"instock","14":"sale","15":"shipping-taxable","16":"purchasable","17":"product-type-simple"},"_links":{"self":[{"href":"https:\/\/roveyayinevi.com.tr\/index.php\/wp-json\/wp\/v2\/product\/700497","targetHints":{"allow":["GET"]}}],"collection":[{"href":"https:\/\/roveyayinevi.com.tr\/index.php\/wp-json\/wp\/v2\/product"}],"about":[{"href":"https:\/\/roveyayinevi.com.tr\/index.php\/wp-json\/wp\/v2\/types\/product"}],"wp:attachment":[{"href":"https:\/\/roveyayinevi.com.tr\/index.php\/wp-json\/wp\/v2\/media?parent=700497"}],"wp:term":[{"taxonomy":"product_brand","embeddable":true,"href":"https:\/\/roveyayinevi.com.tr\/index.php\/wp-json\/wp\/v2\/product_brand?post=700497"},{"taxonomy":"product_cat","embeddable":true,"href":"https:\/\/roveyayinevi.com.tr\/index.php\/wp-json\/wp\/v2\/product_cat?post=700497"},{"taxonomy":"product_tag","embeddable":true,"href":"https:\/\/roveyayinevi.com.tr\/index.php\/wp-json\/wp\/v2\/product_tag?post=700497"}],"curies":[{"name":"wp","href":"https:\/\/api.w.org\/{rel}","templated":true}]}}