{"id":700494,"date":"2025-08-27T15:00:03","date_gmt":"2025-08-27T12:00:03","guid":{"rendered":"https:\/\/roveyayinevi.com.tr\/index.php\/urun\/kaptan-dusukdon-8-mor-tuvalet-kab-insanlarin-inanilmaz\/"},"modified":"2026-04-16T02:09:40","modified_gmt":"2026-04-15T23:09:40","slug":"kaptan-dusukdon-8-mor-tuvalet-kab-insanlarin-inanilmaz","status":"publish","type":"product","link":"https:\/\/roveyayinevi.com.tr\/index.php\/urun\/kaptan-dusukdon-8-mor-tuvalet-kab-insanlarin-inanilmaz\/","title":{"rendered":"Kaptan D\u00fc\u015f\u00fckdon 8 &#8211; Mor Tuvalet Kab.\u0130nsanlar\u0131n \u0130nan\u0131lmaz"},"content":{"rendered":"<p>Acaba George ve Harold\u2019a ne olmu\u015ftu? Seyyar Mor Tuvalet Kabini sayesinde kendilerini bir anda cennet gibi bir yerde bulurlar. \u00d6\u011fretmenlerinin hepsi \u015feker gibidir. Kafeteryada leziz yiyecekler vard\u0131r. Ayr\u0131ca Bay Krupp onlar\u0131n \u00e7ok komik olduklar\u0131n\u0131 d\u00fc\u015f\u00fcnmektedir. Ama bu i\u015fte bir tuhafl\u0131k vard\u0131r&#8230; Ve o\u011flanlar sevgili biyonik Hamster\u2019lar\u0131 Sulu ile u\u00e7an dinozor Kraker, George ve Harold\u2019\u0131n k\u00f6t\u00fc y\u00fcrekli benzerleri taraf\u0131ndan ka\u00e7\u0131r\u0131l\u0131nca i\u015fler daha da tuhafla\u015f\u0131r. George ve Harold en amans\u0131z d\u00fc\u015fmanlar\u0131yla, yani kendileriyle y\u00fczle\u015fmek zorundad\u0131r. Yoksa muhte\u015fem Kaptan D\u00fc\u015f\u00fckdon\u2019u yeni bir macera m\u0131 beklemektedir?<\/p>\n","protected":false},"excerpt":{"rendered":"<p>Acaba George ve Harold\u2019a ne olmu\u015ftu? Seyyar Mor Tuvalet Kabini sayesinde kendilerini bir anda cennet gibi bir yerde bulurlar. \u00d6\u011fretmenlerinin hepsi \u015feker gibidir. Kafeteryada leziz yiyecekler<span class=\"excerpt-hellip\"> [\u2026]<\/span><\/p>\n","protected":false},"featured_media":0,"template":"","meta":{"_monsterinsights_skip_tracking":false,"_monsterinsights_sitenote_active":false,"_monsterinsights_sitenote_note":"","_monsterinsights_sitenote_category":0},"product_brand":[],"product_cat":[12275,12274],"product_tag":[],"class_list":{"0":"post-700494","1":"product","2":"type-product","3":"status-publish","5":"product_cat-6-12-yas-kitaplari","6":"product_cat-cocuk-ve-genclik-kitaplari","7":"pa_cilt-ciltsiz","8":"pa_tur-kitap","9":"pa_yayinevi-altin-kitaplar-cocuk-kitaplari","10":"pa_yazar-dav-pilkey","12":"first","13":"instock","14":"sale","15":"shipping-taxable","16":"purchasable","17":"product-type-simple"},"_links":{"self":[{"href":"https:\/\/roveyayinevi.com.tr\/index.php\/wp-json\/wp\/v2\/product\/700494","targetHints":{"allow":["GET"]}}],"collection":[{"href":"https:\/\/roveyayinevi.com.tr\/index.php\/wp-json\/wp\/v2\/product"}],"about":[{"href":"https:\/\/roveyayinevi.com.tr\/index.php\/wp-json\/wp\/v2\/types\/product"}],"wp:attachment":[{"href":"https:\/\/roveyayinevi.com.tr\/index.php\/wp-json\/wp\/v2\/media?parent=700494"}],"wp:term":[{"taxonomy":"product_brand","embeddable":true,"href":"https:\/\/roveyayinevi.com.tr\/index.php\/wp-json\/wp\/v2\/product_brand?post=700494"},{"taxonomy":"product_cat","embeddable":true,"href":"https:\/\/roveyayinevi.com.tr\/index.php\/wp-json\/wp\/v2\/product_cat?post=700494"},{"taxonomy":"product_tag","embeddable":true,"href":"https:\/\/roveyayinevi.com.tr\/index.php\/wp-json\/wp\/v2\/product_tag?post=700494"}],"curies":[{"name":"wp","href":"https:\/\/api.w.org\/{rel}","templated":true}]}}