{"id":700486,"date":"2025-08-27T15:00:01","date_gmt":"2025-08-27T12:00:01","guid":{"rendered":"https:\/\/roveyayinevi.com.tr\/index.php\/urun\/alic-agaci-ile-sohbetler\/"},"modified":"2026-02-26T02:13:39","modified_gmt":"2026-02-25T23:13:39","slug":"alic-agaci-ile-sohbetler","status":"publish","type":"product","link":"https:\/\/roveyayinevi.com.tr\/index.php\/urun\/alic-agaci-ile-sohbetler\/","title":{"rendered":"Al\u0131\u00e7 A\u011fac\u0131 ile Sohbetler"},"content":{"rendered":"<p>Al\u0131\u00e7 A\u011fac\u0131 ile SohbetlerNeredeyse yar\u0131m y\u00fczy\u0131l \u00f6nce Ankara\u2019da, Dikmen s\u0131rtlar\u0131nda yaln\u0131z bir al\u0131\u00e7 a\u011fac\u0131yla bilge ruhlu bir \u00fcniversite hocas\u0131 sohbet etmeye ba\u015flar. \u00d6nce birbirlerini tan\u0131r, sonra dereden tepeden konu\u015furlar. Daha \u00e7ok da al\u0131\u00e7 a\u011fac\u0131 anlat\u0131r. Atalar\u0131ndan, ge\u00e7mi\u015finden, Anadolu\u2019nun her yerine da\u011f\u0131lm\u0131\u015f akrabalar\u0131ndan bahseder. T\u00fcm bu sohbeti, o anlar\u0131n tan\u0131\u011f\u0131 Prof. Dr. Hikmet Birand Al\u0131\u00e7 A\u011fac\u0131 ile Sohbetler ad\u0131yla kitapla\u015ft\u0131rm\u0131\u015ft\u0131r. Al\u0131\u00e7 a\u011fac\u0131n\u0131n sohbeti noktalarken s\u00f6ylediklerini kulak ard\u0131 etmek olanaks\u0131zd\u0131r:\u201cSohbetlerimizi dinlemi\u015f olanlar, Anadolu\u2019yu gezerken bak\u0131p ge\u00e7tikleri, g\u00f6rmeden ge\u00e7tikleri manzaralar\u0131 art\u0131k ba\u015fka bir g\u00f6zle g\u00f6zetleyecekler; g\u00f6rd\u00fckleri her otun, her \u00e7al\u0131 ve tek a\u011fac\u0131n, ta\u015f\u0131n topra\u011f\u0131n anlatt\u0131klar\u0131na kulak verecekler ve onlara kar\u015f\u0131 davran\u0131\u015flar\u0131na herhalde bir \u00e7ekid\u00fczen vereceklerdir.\u201dT\u00fcrkiye \u0130\u015f Bankas\u0131 K\u00fclt\u00fcr Yay\u0131nlar\u0131 olarak Prof. Dr. Hikmet Birand\u2019\u0131n Al\u0131\u00e7 A\u011fac\u0131 ile Sohbetler kitab\u0131n\u0131, Prof. Dr. Tuna Ekim\u2019in sunu\u015f yaz\u0131s\u0131 ve Yrd. Do\u00e7. Dr. Mutlu Kart G\u00fcr\u2019\u00fcn katk\u0131lar\u0131yla bir kez daha okurlarla bulu\u015fturuyoruz.Prof. Dr. Hikmet Birand (1904-1972)T\u00fcrkiye\u2019de bitki sosyolojisi alan\u0131n\u0131n kurucusu Prof. Dr. Hikmet Birand 1904 y\u0131l\u0131nda Karaman\u2019da do\u011fmu\u015ftur. \u0130stanbul Halkal\u0131 Y\u00fcksek Ziraat Mektebi\u2019nde ba\u015flayan bilim ya\u015fam\u0131 vefat etti\u011fi 1972 y\u0131l\u0131na dek aral\u0131ks\u0131z s\u00fcrm\u00fc\u015ft\u00fcr. Birand\u2019\u0131n bu alandaki ba\u015far\u0131lar\u0131 kadar, belki de onlardan daha \u00f6nemli olan \u00f6zelli\u011fi ise botanik biliminin \u00e7e\u015fitli konular\u0131n\u0131 herkesin anlayabilece\u011fi, ak\u0131c\u0131 bir dille anlatabilmi\u015f olmas\u0131d\u0131r.\u0130\u00c7\u0130NDEK\u0130LERSunu\u015f\u00d6ns\u00f6zDikmen Al\u0131c\u0131Sular\u0131n Canlanmas\u0131 \u00dcst\u00fcne SohbetKaralar\u0131n Canlanmas\u0131 \u00dcst\u00fcne Sohbet\u00c7i\u00e7ek ve \u00c7i\u00e7e\u011fin Kara Hayat\u0131 ile \u0130lgisi \u00dcst\u00fcne SohbetTohumun Kara Hayat\u0131 ile \u0130lgisi \u00dcst\u00fcne SohbetBitkilerin G\u00f6\u00e7leri ve Yerle\u015fmeleri \u00dcst\u00fcne SohbetToprak \u00dcst\u00fcne SohbetAnadolu\u2019nun Boz-Ye\u015fil \u00d6rt\u00fcs\u00fc ve Bitkilerin Toplumsal Ya\u015fant\u0131s\u0131 \u00dcst\u00fcne SohbetKuzey Anadolu Ormanlar\u0131 \u00dcst\u00fcne SohbetBat\u0131 ve G\u00fcneybat\u0131 Anadolu Ormanlar\u0131 \u00dcst\u00fcne SohbetDo\u011fu-G\u00fcneydo\u011fu ve G\u00fcney Anadolu Ormanlar\u0131 \u00dcst\u00fcne SohbetAnadolu Bozk\u0131rlar\u0131 \u00dcst\u00fcne SohbetDikmen Al\u0131c\u0131\u2019n\u0131n Ard\u0131ndanHikmet Ahmet Birand\u2019\u0131n K\u0131sa BiyografisiProf. Dr. Hikmet Ahmet Birand\u2019\u0131n Bibliyografyas\u0131 <\/p>\n","protected":false},"excerpt":{"rendered":"<p>Al\u0131\u00e7 A\u011fac\u0131 ile SohbetlerNeredeyse yar\u0131m y\u00fczy\u0131l \u00f6nce Ankara\u2019da, Dikmen s\u0131rtlar\u0131nda yaln\u0131z bir al\u0131\u00e7 a\u011fac\u0131yla bilge ruhlu bir \u00fcniversite hocas\u0131 sohbet etmeye ba\u015flar. \u00d6nce birbirlerini tan\u0131r, sonra<span class=\"excerpt-hellip\"> [\u2026]<\/span><\/p>\n","protected":false},"featured_media":0,"template":"","meta":{"_monsterinsights_skip_tracking":false,"_monsterinsights_sitenote_active":false,"_monsterinsights_sitenote_note":"","_monsterinsights_sitenote_category":0},"product_brand":[],"product_cat":[18545,12291],"product_tag":[],"class_list":{"0":"post-700486","1":"product","2":"type-product","3":"status-publish","5":"product_cat-anlati","6":"product_cat-edebiyat","7":"pa_cilt-ciltsiz","8":"pa_tur-kitap","9":"pa_yayinevi-is-bankasi-kultur-yayinlari","10":"pa_yazar-hikmet-birand","12":"first","13":"instock","14":"sale","15":"shipping-taxable","16":"purchasable","17":"product-type-simple"},"_links":{"self":[{"href":"https:\/\/roveyayinevi.com.tr\/index.php\/wp-json\/wp\/v2\/product\/700486","targetHints":{"allow":["GET"]}}],"collection":[{"href":"https:\/\/roveyayinevi.com.tr\/index.php\/wp-json\/wp\/v2\/product"}],"about":[{"href":"https:\/\/roveyayinevi.com.tr\/index.php\/wp-json\/wp\/v2\/types\/product"}],"wp:attachment":[{"href":"https:\/\/roveyayinevi.com.tr\/index.php\/wp-json\/wp\/v2\/media?parent=700486"}],"wp:term":[{"taxonomy":"product_brand","embeddable":true,"href":"https:\/\/roveyayinevi.com.tr\/index.php\/wp-json\/wp\/v2\/product_brand?post=700486"},{"taxonomy":"product_cat","embeddable":true,"href":"https:\/\/roveyayinevi.com.tr\/index.php\/wp-json\/wp\/v2\/product_cat?post=700486"},{"taxonomy":"product_tag","embeddable":true,"href":"https:\/\/roveyayinevi.com.tr\/index.php\/wp-json\/wp\/v2\/product_tag?post=700486"}],"curies":[{"name":"wp","href":"https:\/\/api.w.org\/{rel}","templated":true}]}}