{"id":700485,"date":"2025-08-27T15:00:00","date_gmt":"2025-08-27T12:00:00","guid":{"rendered":"https:\/\/roveyayinevi.com.tr\/index.php\/urun\/fullmetal-alchemist-celik-simyaci-9\/"},"modified":"2026-04-16T02:09:40","modified_gmt":"2026-04-15T23:09:40","slug":"fullmetal-alchemist-celik-simyaci-9","status":"publish","type":"product","link":"https:\/\/roveyayinevi.com.tr\/index.php\/urun\/fullmetal-alchemist-celik-simyaci-9\/","title":{"rendered":"Fullmetal Alchemist &#8211; \u00c7elik Simyac\u0131 9"},"content":{"rendered":"<p>En \u00e7ok istedikleri \u015feye sahip olabilmek i\u00e7in amat\u00f6rce y\u00f6ntemleriyle bu g\u00fcc\u00fc elde etmeye \u00e7al\u0131\u015ft\u0131klar\u0131nda, iki karde\u015f olan Edward ve AlphonseElric\u2019ten biri kolunu ve bir baca\u011f\u0131n\u0131 kaybetmi\u015f, di\u011feri de ya\u015fayan bir \u00e7elik par\u00e7as\u0131n\u0131n i\u00e7ine t\u0131k\u0131l\u0131p kalm\u0131\u015f bir ruha d\u00f6n\u00fc\u015f\u00fcvermi\u015ftir.Edward art\u0131k bir h\u00fck\u00fbmet ajan\u0131d\u0131r ve asker\u00ee bir simya tesisinde \u00e7al\u0131\u015fmaktad\u0131r. Benzersiz g\u00fc\u00e7lerini emirlere uymak, hatta \u00f6ld\u00fcrmek i\u00e7in kullan\u0131r. Ancak Edward, ba\u015fkalar\u0131n\u0131n da ayn\u0131 g\u00fc\u00e7lere sahip oldu\u011funun fark\u0131nda de\u011fildir. Simyan\u0131n a\u015f\u0131r\u0131 kullan\u0131m\u0131 sonucunda d\u00fcnya \u00e2deta bir cehenneme d\u00f6ner. En de\u011ferli simya hazinesi Felsefe Ta\u015f\u0131\u2019n\u0131 ele ge\u00e7irmeye \u00e7abalayan d\u00fc\u015fmanlar\u0131, kahramanlar\u0131m\u0131zdan \u00e7ok daha zalim ve ac\u0131mas\u0131zd\u0131rlar. Ed, Al ve Winry Merkez Komutanl\u0131\u011f\u0131na d\u00f6nerler ama ne yaz\u0131k ki \u00c7elik Simyac\u0131 ve arkada\u015flar\u0131n\u0131 burada k\u00f6t\u00fc haberler beklemektedir. Yarbay MaesHughes \u00f6ld\u00fcr\u00fclm\u00fc\u015f ve Te\u011fmen Maria Ross ba\u015f \u015f\u00fcpheli olarak tutuklanm\u0131\u015ft\u0131r. Maria kaderine boyun e\u011fmi\u015f vaziyette hapiste beklerken seri katil Kasap Berry\u2019nin ruhunu ta\u015f\u0131yan metal z\u0131rh onu hapishaneden ka\u00e7\u0131r\u0131r. \u015eimdi gizemli homunculusunplanlad\u0131klar\u0131 korkun\u00e7 komplolar\u0131 ortaya \u00e7\u0131kmadan bu meseleyi halletmesi gerekmektedir. Ne var kiMaesHughes\u2019un en iyi arkada\u015f\u0131 Albay Mustang i\u00e7in bu, ger\u00e7e\u011fin ortaya \u00e7\u0131kmas\u0131 de\u011fil, bir intikam meselesidir. \ufffcTan\u0131t\u0131m Metni<\/p>\n","protected":false},"excerpt":{"rendered":"<p>En \u00e7ok istedikleri \u015feye sahip olabilmek i\u00e7in amat\u00f6rce y\u00f6ntemleriyle bu g\u00fcc\u00fc elde etmeye \u00e7al\u0131\u015ft\u0131klar\u0131nda, iki karde\u015f olan Edward ve AlphonseElric\u2019ten biri kolunu ve bir baca\u011f\u0131n\u0131 kaybetmi\u015f,<span class=\"excerpt-hellip\"> [\u2026]<\/span><\/p>\n","protected":false},"featured_media":0,"template":"","meta":{"_monsterinsights_skip_tracking":false,"_monsterinsights_sitenote_active":false,"_monsterinsights_sitenote_note":"","_monsterinsights_sitenote_category":0},"product_brand":[],"product_cat":[12416,12291],"product_tag":[],"class_list":{"0":"post-700485","1":"product","2":"type-product","3":"status-publish","5":"product_cat-cizgi-roman","6":"product_cat-edebiyat","7":"pa_cilt-ciltsiz","8":"pa_tur-kitap","9":"pa_yayinevi-akil-celen-kitaplar","10":"pa_yazar-hiromu-arakawa","12":"first","13":"instock","14":"sale","15":"shipping-taxable","16":"purchasable","17":"product-type-simple"},"_links":{"self":[{"href":"https:\/\/roveyayinevi.com.tr\/index.php\/wp-json\/wp\/v2\/product\/700485","targetHints":{"allow":["GET"]}}],"collection":[{"href":"https:\/\/roveyayinevi.com.tr\/index.php\/wp-json\/wp\/v2\/product"}],"about":[{"href":"https:\/\/roveyayinevi.com.tr\/index.php\/wp-json\/wp\/v2\/types\/product"}],"wp:attachment":[{"href":"https:\/\/roveyayinevi.com.tr\/index.php\/wp-json\/wp\/v2\/media?parent=700485"}],"wp:term":[{"taxonomy":"product_brand","embeddable":true,"href":"https:\/\/roveyayinevi.com.tr\/index.php\/wp-json\/wp\/v2\/product_brand?post=700485"},{"taxonomy":"product_cat","embeddable":true,"href":"https:\/\/roveyayinevi.com.tr\/index.php\/wp-json\/wp\/v2\/product_cat?post=700485"},{"taxonomy":"product_tag","embeddable":true,"href":"https:\/\/roveyayinevi.com.tr\/index.php\/wp-json\/wp\/v2\/product_tag?post=700485"}],"curies":[{"name":"wp","href":"https:\/\/api.w.org\/{rel}","templated":true}]}}