{"id":700483,"date":"2025-08-27T15:00:00","date_gmt":"2025-08-27T12:00:00","guid":{"rendered":"https:\/\/roveyayinevi.com.tr\/index.php\/urun\/hancer\/"},"modified":"2026-04-16T02:09:40","modified_gmt":"2026-04-15T23:09:40","slug":"hancer","status":"publish","type":"product","link":"https:\/\/roveyayinevi.com.tr\/index.php\/urun\/hancer\/","title":{"rendered":"Han\u00e7er"},"content":{"rendered":"<p>Mihail Yuryevi\u00e7 Lermontov (1814-1841): Yirmi yedi y\u0131ll\u0131k k\u0131sa ya\u015fam\u0131na ra\u011fmen etkisi yirminci y\u00fczy\u0131l\u0131n ba\u015flar\u0131na, Gorki\u2019ye ve simgecilere dek uzanan, Rus \u015fiirinin b\u00fcy\u00fck devrimci romanti\u011fi. Lermontov Dekabrist hareketin ac\u0131mas\u0131zca bast\u0131r\u0131ld\u0131\u011f\u0131, \u00c7arl\u0131k Rusyas\u0131\u2019n\u0131n k\u00fclt\u00fcr ve sanat ya\u015fam\u0131na yo\u011fun bir sans\u00fcr uygulad\u0131\u011f\u0131 d\u00f6nemde, aristokrat bir subay ailesinde b\u00fcy\u00fcd\u00fc. Pu\u015fkin\u2019in \u00f6l\u00fcm\u00fcnden sonra yazd\u0131\u011f\u0131 \u201c\u015eairin \u00d6l\u00fcm\u00fc\u201d \u015fiiri y\u00fcz\u00fcnden s\u00fcrg\u00fcne g\u00f6nderildi\u011fi Kafkasya\u2019n\u0131n do\u011fas\u0131 ve Kafkas halklar\u0131n\u0131n ya\u015fam\u0131 sanat\u00e7\u0131n\u0131n \u00fczerinde derin izler b\u0131rakt\u0131. Halk \u015fiiri, t\u00fcrk\u00fcler, Slav ve Kafkas folklorunun \u00f6\u011feleri, muazzam do\u011fa betimlemeleri Lermontov\u2019un \u015fiirinde \u00f6nemli bir yer tutar. Han\u00e7er ilkgen\u00e7lik \u015fiirlerinden, isyan, ac\u0131 ve \u00f6fke duygular\u0131n\u0131n yo\u011funla\u015ft\u0131\u011f\u0131 olgunluk d\u00f6nemine dek, \u015fairin d\u00fcnyas\u0131n\u0131 ustal\u0131kla yans\u0131tan \u015fiirlerinden \u00f6zenle yap\u0131lm\u0131\u015f en g\u00fczel se\u00e7kilerden biridir. Han\u00e7er\u2019in yeni bas\u0131m\u0131na \u015fairin do\u011fumunun 200. y\u0131l\u0131nda en g\u00fczel manzumelerinden \u201c\u0130blis\u201d ile \u201cMts\u0131ri\u201d de eklenmi\u015ftir. \ufffcTan\u0131t\u0131m Metni<\/p>\n","protected":false},"excerpt":{"rendered":"<p>Mihail Yuryevi\u00e7 Lermontov (1814-1841): Yirmi yedi y\u0131ll\u0131k k\u0131sa ya\u015fam\u0131na ra\u011fmen etkisi yirminci y\u00fczy\u0131l\u0131n ba\u015flar\u0131na, Gorki\u2019ye ve simgecilere dek uzanan, Rus \u015fiirinin b\u00fcy\u00fck devrimci romanti\u011fi. Lermontov Dekabrist<span class=\"excerpt-hellip\"> [\u2026]<\/span><\/p>\n","protected":false},"featured_media":0,"template":"","meta":{"_monsterinsights_skip_tracking":false,"_monsterinsights_sitenote_active":false,"_monsterinsights_sitenote_note":"","_monsterinsights_sitenote_category":0},"product_brand":[],"product_cat":[12291,13570],"product_tag":[],"class_list":{"0":"post-700483","1":"product","2":"type-product","3":"status-publish","5":"product_cat-edebiyat","6":"product_cat-rus-edebiyati","7":"pa_cilt-ciltsiz","8":"pa_tur-kitap","9":"pa_yayinevi-is-bankasi-kultur-yayinlari","10":"pa_yazar-mihail-yuryevic-lermontov","12":"first","13":"instock","14":"sale","15":"shipping-taxable","16":"purchasable","17":"product-type-simple"},"_links":{"self":[{"href":"https:\/\/roveyayinevi.com.tr\/index.php\/wp-json\/wp\/v2\/product\/700483","targetHints":{"allow":["GET"]}}],"collection":[{"href":"https:\/\/roveyayinevi.com.tr\/index.php\/wp-json\/wp\/v2\/product"}],"about":[{"href":"https:\/\/roveyayinevi.com.tr\/index.php\/wp-json\/wp\/v2\/types\/product"}],"wp:attachment":[{"href":"https:\/\/roveyayinevi.com.tr\/index.php\/wp-json\/wp\/v2\/media?parent=700483"}],"wp:term":[{"taxonomy":"product_brand","embeddable":true,"href":"https:\/\/roveyayinevi.com.tr\/index.php\/wp-json\/wp\/v2\/product_brand?post=700483"},{"taxonomy":"product_cat","embeddable":true,"href":"https:\/\/roveyayinevi.com.tr\/index.php\/wp-json\/wp\/v2\/product_cat?post=700483"},{"taxonomy":"product_tag","embeddable":true,"href":"https:\/\/roveyayinevi.com.tr\/index.php\/wp-json\/wp\/v2\/product_tag?post=700483"}],"curies":[{"name":"wp","href":"https:\/\/api.w.org\/{rel}","templated":true}]}}