{"id":700481,"date":"2025-08-27T14:59:59","date_gmt":"2025-08-27T11:59:59","guid":{"rendered":"https:\/\/roveyayinevi.com.tr\/index.php\/urun\/robinson-crusoe-12\/"},"modified":"2026-04-14T02:12:36","modified_gmt":"2026-04-13T23:12:36","slug":"robinson-crusoe-12","status":"publish","type":"product","link":"https:\/\/roveyayinevi.com.tr\/index.php\/urun\/robinson-crusoe-12\/","title":{"rendered":"Robinson Crusoe"},"content":{"rendered":"<p>Daniel Defoe (1660-1731) Londra\u2019da varl\u0131kl\u0131 bir ailede d\u00fcnyaya geldi. \u0130yi bir akademik e\u011fitimin ard\u0131ndan ticarete at\u0131ld\u0131. \u00c7etin ve macera dolu bir ticaret hayat\u0131n\u0131n ard\u0131ndan siyasi yergilerle yazarl\u0131\u011fa ba\u015flad\u0131. G\u00f6z\u00fc pek bir gazetecilik kariyeri ve pek be\u011fenilen didaktik eserlerinin ard\u0131ndan, ge\u00e7 say\u0131labilecek bir ya\u015fta onu d\u00fcnya edebiyat\u0131n\u0131n ba\u015fk\u00f6\u015felerinden birine yerle\u015ftiren Robinson Crusoe roman\u0131n\u0131 yazd\u0131. Defoe bu \u00f6l\u00fcms\u00fcz eserinde, gemi kazas\u0131 sonucu d\u00fc\u015ft\u00fc\u011f\u00fc \u0131ss\u0131z bir adada hayatta kalma m\u00fccadelesi veren Robinson Crusoe\u2019nun hik\u00e2yesini ustal\u0131kla anlat\u0131r. \u0130nsan do\u011fas\u0131n\u0131 \u00e7ok iyi tan\u0131yan yazar g\u00fc\u00e7l\u00fc kalemi ve yal\u0131n \u00fcslubuyla insanl\u0131k tarihinin her d\u00f6neminde, her okurun kendisinden bir \u015feyler bulabilece\u011fi bir kahraman yaratmay\u0131 ba\u015far\u0131r. \u00c7e\u015fitli konularda pek \u00e7ok eser yazan Defoe, \u0130ngiliz roman\u0131n\u0131n kurucular\u0131ndan say\u0131l\u0131r. Fadime K\u00e2hya (1963): A.\u00dc. Siyasal Bilgiler fak\u00fcltesi \u0130ktisat B\u00f6l\u00fcm\u00fc&#8217;nde \u00f6\u011frenim g\u00f6rd\u00fc. Uzun y\u0131llar bankac\u0131l\u0131k sekt\u00f6r\u00fcnde \u00e7al\u0131\u015ft\u0131. B. Kellerman, D. Ulrich ve N. Smallwood&#8217;dan i\u015fletme ve i\u015f idaresi kitaplar\u0131 \u00e7evirdi. T\u00fcrk\u00e7eye kazand\u0131rd\u0131\u011f\u0131 eserler aras\u0131nda C. Eagleton&#8217;\u0131n Paran\u0131n Tarihi adl\u0131 ara\u015ft\u0131rmas\u0131, B. Jerrold&#8217;\u0131n Gustave Dor&#8217;e, A. Gold ve R. Fitzdale&#8217;in Sarah Bernhardt biyografileri, G. Elliot&#8217;\u0131n Silas Marner adl\u0131 roman\u0131 da bulunmaktad\u0131r. <\/p>\n","protected":false},"excerpt":{"rendered":"<p>Daniel Defoe (1660-1731) Londra\u2019da varl\u0131kl\u0131 bir ailede d\u00fcnyaya geldi. \u0130yi bir akademik e\u011fitimin ard\u0131ndan ticarete at\u0131ld\u0131. \u00c7etin ve macera dolu bir ticaret hayat\u0131n\u0131n ard\u0131ndan siyasi yergilerle<span class=\"excerpt-hellip\"> [\u2026]<\/span><\/p>\n","protected":false},"featured_media":0,"template":"","meta":{"_monsterinsights_skip_tracking":false,"_monsterinsights_sitenote_active":false,"_monsterinsights_sitenote_note":"","_monsterinsights_sitenote_category":0},"product_brand":[],"product_cat":[12291,12866],"product_tag":[],"class_list":{"0":"post-700481","1":"product","2":"type-product","3":"status-publish","5":"product_cat-edebiyat","6":"product_cat-ingiliz-edebiyati","7":"pa_cilt-ciltli","8":"pa_tur-kitap","9":"pa_yayinevi-is-bankasi-kultur-yayinlari","10":"pa_yazar-daniel-defoe","12":"first","13":"instock","14":"sale","15":"shipping-taxable","16":"purchasable","17":"product-type-simple"},"_links":{"self":[{"href":"https:\/\/roveyayinevi.com.tr\/index.php\/wp-json\/wp\/v2\/product\/700481","targetHints":{"allow":["GET"]}}],"collection":[{"href":"https:\/\/roveyayinevi.com.tr\/index.php\/wp-json\/wp\/v2\/product"}],"about":[{"href":"https:\/\/roveyayinevi.com.tr\/index.php\/wp-json\/wp\/v2\/types\/product"}],"wp:attachment":[{"href":"https:\/\/roveyayinevi.com.tr\/index.php\/wp-json\/wp\/v2\/media?parent=700481"}],"wp:term":[{"taxonomy":"product_brand","embeddable":true,"href":"https:\/\/roveyayinevi.com.tr\/index.php\/wp-json\/wp\/v2\/product_brand?post=700481"},{"taxonomy":"product_cat","embeddable":true,"href":"https:\/\/roveyayinevi.com.tr\/index.php\/wp-json\/wp\/v2\/product_cat?post=700481"},{"taxonomy":"product_tag","embeddable":true,"href":"https:\/\/roveyayinevi.com.tr\/index.php\/wp-json\/wp\/v2\/product_tag?post=700481"}],"curies":[{"name":"wp","href":"https:\/\/api.w.org\/{rel}","templated":true}]}}