{"id":700480,"date":"2025-08-27T14:59:59","date_gmt":"2025-08-27T11:59:59","guid":{"rendered":"https:\/\/roveyayinevi.com.tr\/index.php\/urun\/kazak-edebiyatinda-hikaye\/"},"modified":"2026-04-16T02:09:40","modified_gmt":"2026-04-15T23:09:40","slug":"kazak-edebiyatinda-hikaye","status":"publish","type":"product","link":"https:\/\/roveyayinevi.com.tr\/index.php\/urun\/kazak-edebiyatinda-hikaye\/","title":{"rendered":"Kazak Edebiyat\u0131nda Hikaye"},"content":{"rendered":"<p>Elinizdeki eserin amac\u0131 Kazak hik\u00e2yecili\u011finin geli\u015fme s\u00fcreci hakk\u0131nda bilgi vermek, bu t\u00fcrde yazan yazarlarla bunlar\u0131n eserlerinden aktar\u0131lm\u0131\u015f \u00f6rnekleri sunmak suretiyle okuyuculara bu karde\u015f edebiyat d\u00fcnyas\u0131n\u0131 tan\u0131tmakt\u0131r. Bunlar y\u00fczlerce yazar\u0131n binlerce hik\u00e2yesi i\u00e7inden se\u00e7ilen eserlerdir, Kazak Hik\u00e2yecili\u011fi hakk\u0131nda umum\u00ee bir bilgi vermeyi ve kanaat olu\u015fturmay\u0131 hedeflemektedir.Yazarlar do\u011fum tarihlerine g\u00f6re s\u0131ralanm\u0131\u015f olup aktarmada metinlerin as\u0131llar\u0131na sad\u0131k kalmak i\u00e7in azami gayret g\u00f6sterilmi\u015ftir. Her hik\u00e2yenin ba\u015f\u0131nda yazarlar\u0131n \u00f6zge\u00e7mi\u015fi verilmi\u015f ve hik\u00e2yelerinden bir \u00f6rnek sunulmadan \u00f6nce, hik\u00e2yecinin sanat ve edebiyat anlay\u0131\u015f\u0131na da temas edilmeye \u00e7al\u0131\u015f\u0131lm\u0131\u015ft\u0131r. <\/p>\n","protected":false},"excerpt":{"rendered":"<p>Elinizdeki eserin amac\u0131 Kazak hik\u00e2yecili\u011finin geli\u015fme s\u00fcreci hakk\u0131nda bilgi vermek, bu t\u00fcrde yazan yazarlarla bunlar\u0131n eserlerinden aktar\u0131lm\u0131\u015f \u00f6rnekleri sunmak suretiyle okuyuculara bu karde\u015f edebiyat d\u00fcnyas\u0131n\u0131 tan\u0131tmakt\u0131r.<span class=\"excerpt-hellip\"> [\u2026]<\/span><\/p>\n","protected":false},"featured_media":0,"template":"","meta":{"_monsterinsights_skip_tracking":false,"_monsterinsights_sitenote_active":false,"_monsterinsights_sitenote_note":"","_monsterinsights_sitenote_category":0},"product_brand":[],"product_cat":[13072,12291],"product_tag":[],"class_list":{"0":"post-700480","1":"product","2":"type-product","3":"status-publish","5":"product_cat-arastirma-inceleme-referans","6":"product_cat-edebiyat","7":"pa_tur-kitap","8":"pa_yayinevi-otuken-nesriyat","9":"pa_yazar-asur-ozdemir","11":"first","12":"instock","13":"sale","14":"shipping-taxable","15":"purchasable","16":"product-type-simple"},"_links":{"self":[{"href":"https:\/\/roveyayinevi.com.tr\/index.php\/wp-json\/wp\/v2\/product\/700480","targetHints":{"allow":["GET"]}}],"collection":[{"href":"https:\/\/roveyayinevi.com.tr\/index.php\/wp-json\/wp\/v2\/product"}],"about":[{"href":"https:\/\/roveyayinevi.com.tr\/index.php\/wp-json\/wp\/v2\/types\/product"}],"wp:attachment":[{"href":"https:\/\/roveyayinevi.com.tr\/index.php\/wp-json\/wp\/v2\/media?parent=700480"}],"wp:term":[{"taxonomy":"product_brand","embeddable":true,"href":"https:\/\/roveyayinevi.com.tr\/index.php\/wp-json\/wp\/v2\/product_brand?post=700480"},{"taxonomy":"product_cat","embeddable":true,"href":"https:\/\/roveyayinevi.com.tr\/index.php\/wp-json\/wp\/v2\/product_cat?post=700480"},{"taxonomy":"product_tag","embeddable":true,"href":"https:\/\/roveyayinevi.com.tr\/index.php\/wp-json\/wp\/v2\/product_tag?post=700480"}],"curies":[{"name":"wp","href":"https:\/\/api.w.org\/{rel}","templated":true}]}}