{"id":700476,"date":"2025-08-27T14:59:58","date_gmt":"2025-08-27T11:59:58","guid":{"rendered":"https:\/\/roveyayinevi.com.tr\/index.php\/urun\/cografya-ve-kultur\/"},"modified":"2026-04-16T02:09:40","modified_gmt":"2026-04-15T23:09:40","slug":"cografya-ve-kultur","status":"publish","type":"product","link":"https:\/\/roveyayinevi.com.tr\/index.php\/urun\/cografya-ve-kultur\/","title":{"rendered":"Co\u011frafya Ve K\u00fclt\u00fcr"},"content":{"rendered":"<p>Mek\u00e2n insan\u0131n ya\u015fam alan\u0131, var olma nedenidir. Mek\u00e2n\u0131n do\u011fal \u00f6zellikleri, o mekan\u0131 vatan olarak se\u00e7mi\u015f ulusun k\u00fclt\u00fcr\u00fcn\u00fc \u015fekillendirmede \u00f6nemli bir g\u00f6revi ifa etmektedir. Konut tipleri, giyim-ku\u015fam, yeti\u015ftirilen \u00fcr\u00fcnler ve bu \u00fcr\u00fcnlerin kullan\u0131m\u0131yla yap\u0131lan yemek \u00e7e\u015fitleri gibi k\u00fclt\u00fcrel \u00f6zellikler, o mek\u00e2n\u0131n iklim \u00f6zelikleri, y\u00fczey \u015fekilleri, toprak \u00f6zellikleri ve su kaynaklar\u0131 ba\u015fta olmak \u00fczere co\u011frafi hususiyetlerine g\u00f6re \u015fekillenmektedir. Co\u011frafya ise bir mek\u00e2n bilimidir. \u0130nsan\u0131n mek\u00e2n\u0131, mek\u00e2n\u0131n insan\u0131 \u015fekillendirmesi bir bilim olarak co\u011frafyan\u0131n \u00f6z\u00fcn\u00fc olu\u015fturmaktad\u0131r. Bu nedenle denilebilir ki k\u00fclt\u00fcr, insan\u0131n do\u011fayla her alandaki etkile\u015fiminin bir sonucu olarak ortaya \u00e7\u0131kan be\u015feri faaliyetlerin bir \u00fcr\u00fcn\u00fcd\u00fcr ve co\u011frafyan\u0131n konular\u0131 aras\u0131ndad\u0131r. Co\u011frafya, k\u00fclt\u00fcr\u00fc be\u015feri co\u011frafyan\u0131n bir dal\u0131 olan k\u00fclt\u00fcrel co\u011frafya ile ele al\u0131r. Burada co\u011frafya, mek\u00e2n, k\u00fclt\u00fcr, k\u00fclt\u00fcrel co\u011frafya ve Anadolu&#8217;nun T\u00fcrk yurdu olma s\u00fcreci \u00fczerinde durulmu\u015ftur. Ard\u0131ndan \u00fclkemizde co\u011frafi i\u015faret olarak kabul edilen Anadolu T\u00fcrk k\u00fclt\u00fcr co\u011frafyas\u0131n\u0131n se\u00e7kin k\u00fclt\u00fcrel de\u011ferlerinin koruma alt\u0131na al\u0131narak tescil edilmesindeki s\u00fcre\u00e7 tarihi seyriyle birlikte i\u015flenmi\u015ftir. Nihayet bu k\u00fclt\u00fcrel de\u011ferlerden tescil edilmi\u015f ve tescil edilmek i\u00e7in m\u00fcracaat etmi\u015f olan co\u011frafi i\u015faretler toplu bir \u015fekilde verilmi\u015ftir. Bu anlamda eser, co\u011frafya, k\u00fclt\u00fcr, k\u00fclt\u00fcrel co\u011frafya, T\u00fcrk k\u00fclt\u00fcr oca\u011f\u0131 olarak Anadolu&#8217;nun T\u00fcrkle\u015fme tarihi ve T\u00fcrk k\u00fclt\u00fcr \u00fcr\u00fcnlerine ilgi duyan kesimin faydas\u0131na sunulmu\u015ftur. <\/p>\n","protected":false},"excerpt":{"rendered":"<p>Mek\u00e2n insan\u0131n ya\u015fam alan\u0131, var olma nedenidir. Mek\u00e2n\u0131n do\u011fal \u00f6zellikleri, o mekan\u0131 vatan olarak se\u00e7mi\u015f ulusun k\u00fclt\u00fcr\u00fcn\u00fc \u015fekillendirmede \u00f6nemli bir g\u00f6revi ifa etmektedir. Konut tipleri, giyim-ku\u015fam,<span class=\"excerpt-hellip\"> [\u2026]<\/span><\/p>\n","protected":false},"featured_media":0,"template":"","meta":{"_monsterinsights_skip_tracking":false,"_monsterinsights_sitenote_active":false,"_monsterinsights_sitenote_note":"","_monsterinsights_sitenote_category":0},"product_brand":[],"product_cat":[12835,12324],"product_tag":[],"class_list":{"0":"post-700476","1":"product","2":"type-product","3":"status-publish","5":"product_cat-genel-sosyoloji","6":"product_cat-sosyoloji","7":"pa_cilt-ciltsiz","8":"pa_tur-kitap","9":"pa_yayinevi-edge-akademi","10":"pa_yazar-murat-tanrikulu","12":"first","13":"instock","14":"sale","15":"shipping-taxable","16":"purchasable","17":"product-type-simple"},"_links":{"self":[{"href":"https:\/\/roveyayinevi.com.tr\/index.php\/wp-json\/wp\/v2\/product\/700476","targetHints":{"allow":["GET"]}}],"collection":[{"href":"https:\/\/roveyayinevi.com.tr\/index.php\/wp-json\/wp\/v2\/product"}],"about":[{"href":"https:\/\/roveyayinevi.com.tr\/index.php\/wp-json\/wp\/v2\/types\/product"}],"wp:attachment":[{"href":"https:\/\/roveyayinevi.com.tr\/index.php\/wp-json\/wp\/v2\/media?parent=700476"}],"wp:term":[{"taxonomy":"product_brand","embeddable":true,"href":"https:\/\/roveyayinevi.com.tr\/index.php\/wp-json\/wp\/v2\/product_brand?post=700476"},{"taxonomy":"product_cat","embeddable":true,"href":"https:\/\/roveyayinevi.com.tr\/index.php\/wp-json\/wp\/v2\/product_cat?post=700476"},{"taxonomy":"product_tag","embeddable":true,"href":"https:\/\/roveyayinevi.com.tr\/index.php\/wp-json\/wp\/v2\/product_tag?post=700476"}],"curies":[{"name":"wp","href":"https:\/\/api.w.org\/{rel}","templated":true}]}}