{"id":700474,"date":"2025-08-27T14:59:57","date_gmt":"2025-08-27T11:59:57","guid":{"rendered":"https:\/\/roveyayinevi.com.tr\/index.php\/urun\/canavar-pesinde-serisi-30-olumun-golgesi-boceklerin-kralicesi-amiktus\/"},"modified":"2026-04-13T02:11:55","modified_gmt":"2026-04-12T23:11:55","slug":"canavar-pesinde-serisi-30-olumun-golgesi-boceklerin-kralicesi-amiktus","status":"publish","type":"product","link":"https:\/\/roveyayinevi.com.tr\/index.php\/urun\/canavar-pesinde-serisi-30-olumun-golgesi-boceklerin-kralicesi-amiktus\/","title":{"rendered":"Canavar Pe\u015finde Serisi 30 &#8211; \u00d6l\u00fcm\u00fcn G\u00f6lgesi (B\u00f6ceklerin Krali\u00e7esi Amiktus)"},"content":{"rendered":"<p>Tom&#8217;u hi\u00e7 bilmedi\u011fi bir krall\u0131kta yeni bir G\u00f6rev bekliyor. Gwildor&#8217;un Canavar Ustas\u0131 Freya, k\u00f6t\u00fc b\u00fcy\u00fcc\u00fc Velmal&#8217;in etkisi alt\u0131nda. Canavarlar\u0131, t\u00fcm krall\u0131kta deh\u015fet sa\u00e7\u0131yor. \u00dcstelik bir zamanlar iyi olan bu Canavarlar, Avantia&#8217;dakilerden \u00e7ok daha ac\u0131mas\u0131zlar. Kaybedecek vakit yok. E\u011fer k\u00f6t\u00fcl\u00fc\u011f\u00fcn Gwildor&#8217;u ele ge\u00e7irmesine izin verirlerse, s\u0131ra Avantia&#8217;ya da gelecek.Tom&#8217;un yeni maceras\u0131, onu insan\u0131 s\u0131caktan bunaltan bir ormana s\u00fcr\u00fckl\u00fcyor. Kahraman\u0131m\u0131z, burada kurnaz canavar Amiktus ile kar\u015f\u0131la\u015fmak ve onu yenmek zorunda.Tom, bu canavar\u0131n inan\u0131lmaz h\u0131z\u0131yla ba\u015fa \u00e7\u0131kabilecek mi?\u00d6te yandan Tom&#8217;un babas\u0131 ve B\u00fcy\u00fcc\u00fc Aduro, ondan bir s\u0131r sakl\u0131yor.Tom, bunun ne oldu\u011funu \u00f6\u011frenebilecek mi?<\/p>\n","protected":false},"excerpt":{"rendered":"<p>Tom&#8217;u hi\u00e7 bilmedi\u011fi bir krall\u0131kta yeni bir G\u00f6rev bekliyor. Gwildor&#8217;un Canavar Ustas\u0131 Freya, k\u00f6t\u00fc b\u00fcy\u00fcc\u00fc Velmal&#8217;in etkisi alt\u0131nda. Canavarlar\u0131, t\u00fcm krall\u0131kta deh\u015fet sa\u00e7\u0131yor. \u00dcstelik bir zamanlar<span class=\"excerpt-hellip\"> [\u2026]<\/span><\/p>\n","protected":false},"featured_media":0,"template":"","meta":{"_monsterinsights_skip_tracking":false,"_monsterinsights_sitenote_active":false,"_monsterinsights_sitenote_note":"","_monsterinsights_sitenote_category":0},"product_brand":[],"product_cat":[12275,12274],"product_tag":[],"class_list":{"0":"post-700474","1":"product","2":"type-product","3":"status-publish","5":"product_cat-6-12-yas-kitaplari","6":"product_cat-cocuk-ve-genclik-kitaplari","7":"pa_cilt-ciltsiz","8":"pa_tur-kitap","9":"pa_yayinevi-beyaz-balina-yayinlari","10":"pa_yazar-adam-blade","12":"first","13":"instock","14":"sale","15":"shipping-taxable","16":"purchasable","17":"product-type-simple"},"_links":{"self":[{"href":"https:\/\/roveyayinevi.com.tr\/index.php\/wp-json\/wp\/v2\/product\/700474","targetHints":{"allow":["GET"]}}],"collection":[{"href":"https:\/\/roveyayinevi.com.tr\/index.php\/wp-json\/wp\/v2\/product"}],"about":[{"href":"https:\/\/roveyayinevi.com.tr\/index.php\/wp-json\/wp\/v2\/types\/product"}],"wp:attachment":[{"href":"https:\/\/roveyayinevi.com.tr\/index.php\/wp-json\/wp\/v2\/media?parent=700474"}],"wp:term":[{"taxonomy":"product_brand","embeddable":true,"href":"https:\/\/roveyayinevi.com.tr\/index.php\/wp-json\/wp\/v2\/product_brand?post=700474"},{"taxonomy":"product_cat","embeddable":true,"href":"https:\/\/roveyayinevi.com.tr\/index.php\/wp-json\/wp\/v2\/product_cat?post=700474"},{"taxonomy":"product_tag","embeddable":true,"href":"https:\/\/roveyayinevi.com.tr\/index.php\/wp-json\/wp\/v2\/product_tag?post=700474"}],"curies":[{"name":"wp","href":"https:\/\/api.w.org\/{rel}","templated":true}]}}