{"id":700468,"date":"2025-08-27T14:59:55","date_gmt":"2025-08-27T11:59:55","guid":{"rendered":"https:\/\/roveyayinevi.com.tr\/index.php\/urun\/esas-durusta-cinayet\/"},"modified":"2026-04-16T02:09:40","modified_gmt":"2026-04-15T23:09:40","slug":"esas-durusta-cinayet","status":"publish","type":"product","link":"https:\/\/roveyayinevi.com.tr\/index.php\/urun\/esas-durusta-cinayet\/","title":{"rendered":"Esas Duru\u015fta Cinayet"},"content":{"rendered":"<p>Baba Kenan Polat: \u201cAsker \u00f6l\u00fcs\u00fc, tavuk \u00f6l\u00fcs\u00fc gibi\u2026 Hani bir asker \u00f6lm\u00fc\u015f, onlar\u0131n umurunda m\u0131 ki? Onlar\u0131n \u00e7ocuklar\u0131 askerde yok ki, \u00f6ls\u00fcn. \u00c7ocuklar\u0131 d\u00fcnyan\u0131n dolarlar\u0131n\u0131 g\u00f6t\u00fcrd\u00fc, hi\u00e7bir \u015fey yok&#8230;\u201d Anne Ani Bal\u0131k\u00e7\u0131: \u201cO g\u00fcn o bir kur\u015fun hayat\u0131m\u0131z\u0131 bir saniyede de\u011fi\u015ftirdi. Derler ya, bir \u00f6lenin arkas\u0131ndan k\u0131rk g\u00fcn mum yanarm\u0131\u015f, her g\u00fcn biri s\u00f6nermi\u015f. Bizde hi\u00e7biri s\u00f6nmedi daha. \u0130ki bu\u00e7uk y\u0131l oldu. K\u0131rk\u0131 da yan\u0131yor.\u201d Baba Ya\u015far \u00d6zel: \u201cTSK, yavrumun hayati sorumlulu\u011funu \u00fcstlenmeyecekse neden yavrumuzu bizden zorla kopar\u0131p ald\u0131n\u0131z? Niye yavrumuzu o k\u0131\u015fladaki canavarlara teslim ederken, \u2018Bu \u00e7ocuklar ana kuzusudur, sak\u0131n ha incitmeyin bunlar\u0131\u2019 demediniz?\u201d Anne Zekine Ta\u015ftan: \u201dVatan sa\u011f olsun demem. Benim evlad\u0131m yok ki, benim Tolgam yok. Vatan sa\u011f olsa ne olur ki, vatan\u0131 bats\u0131n. Bana ne vatandan! Demem, asla demem! Hi\u00e7bir zaman dedirtemezler!\u201d Zorunlu askerlik hizmeti alt\u0131nda her y\u0131l pek \u00e7ok asker hayat\u0131n\u0131 kaybediyor. Ba\u015ftan savma soru\u015fturmalar arac\u0131l\u0131\u011f\u0131yla, \u00f6l\u00fcmlerde sorumlulu\u011fu olanlar\u0131n aklanmas\u0131na ya da su\u00e7un hafifletilmesine y\u00f6nelik bir davran\u0131\u015f kal\u0131b\u0131 devreye giriyor. \u00d6len \u00f6ld\u00fc\u011f\u00fcyle kal\u0131yor ama devlet kendi g\u00fcvencesi alt\u0131ndaki -\u00fcstelik vatan borcu i\u00e7in silah alt\u0131na ald\u0131\u011f\u0131- vatanda\u015flar\u0131n\u0131n hayatlar\u0131n\u0131 korumuyor! \u0130smail Saymaz Esas Duru\u015fta Cinayet\u2019te, \u00e7e\u015fitli \u00f6rnekleriyle asker \u00f6l\u00fcmlerini mercek alt\u0131na al\u0131yor. Tahkir, k\u00f6t\u00fc muamele, dayak, eziyet, intihar ve cinayet sebebiyle hayatlar\u0131n\u0131 kaybeden askerlerin ba\u015flar\u0131na ger\u00e7ekte ne geldi\u011fini ara\u015ft\u0131r\u0131yor, \u00f6l\u00fcmlerin ger\u00e7ek sebeplerini ve bunlar\u0131n \u00fczerinin nas\u0131l \u00f6rt\u00fcld\u00fc\u011f\u00fcn\u00fc ortaya koyuyor. Ba\u015fka canlar\u0131n sorumsuzca feda edilmesine g\u00f6z yumulmas\u0131n diye\u2026<\/p>\n","protected":false},"excerpt":{"rendered":"<p>Baba Kenan Polat: \u201cAsker \u00f6l\u00fcs\u00fc, tavuk \u00f6l\u00fcs\u00fc gibi\u2026 Hani bir asker \u00f6lm\u00fc\u015f, onlar\u0131n umurunda m\u0131 ki? Onlar\u0131n \u00e7ocuklar\u0131 askerde yok ki, \u00f6ls\u00fcn. \u00c7ocuklar\u0131 d\u00fcnyan\u0131n dolarlar\u0131n\u0131 g\u00f6t\u00fcrd\u00fc,<span class=\"excerpt-hellip\"> [\u2026]<\/span><\/p>\n","protected":false},"featured_media":0,"template":"","meta":{"_monsterinsights_skip_tracking":false,"_monsterinsights_sitenote_active":false,"_monsterinsights_sitenote_note":"","_monsterinsights_sitenote_category":0},"product_brand":[],"product_cat":[12312,12304],"product_tag":[],"class_list":{"0":"post-700468","1":"product","2":"type-product","3":"status-publish","5":"product_cat-diger","6":"product_cat-tarih","7":"pa_cilt-ciltsiz","8":"pa_tur-kitap","9":"pa_yayinevi-iletisim-yayinlari","10":"pa_yazar-ismail-saymaz","12":"first","13":"instock","14":"sale","15":"shipping-taxable","16":"purchasable","17":"product-type-simple"},"_links":{"self":[{"href":"https:\/\/roveyayinevi.com.tr\/index.php\/wp-json\/wp\/v2\/product\/700468","targetHints":{"allow":["GET"]}}],"collection":[{"href":"https:\/\/roveyayinevi.com.tr\/index.php\/wp-json\/wp\/v2\/product"}],"about":[{"href":"https:\/\/roveyayinevi.com.tr\/index.php\/wp-json\/wp\/v2\/types\/product"}],"wp:attachment":[{"href":"https:\/\/roveyayinevi.com.tr\/index.php\/wp-json\/wp\/v2\/media?parent=700468"}],"wp:term":[{"taxonomy":"product_brand","embeddable":true,"href":"https:\/\/roveyayinevi.com.tr\/index.php\/wp-json\/wp\/v2\/product_brand?post=700468"},{"taxonomy":"product_cat","embeddable":true,"href":"https:\/\/roveyayinevi.com.tr\/index.php\/wp-json\/wp\/v2\/product_cat?post=700468"},{"taxonomy":"product_tag","embeddable":true,"href":"https:\/\/roveyayinevi.com.tr\/index.php\/wp-json\/wp\/v2\/product_tag?post=700468"}],"curies":[{"name":"wp","href":"https:\/\/api.w.org\/{rel}","templated":true}]}}