{"id":700467,"date":"2025-08-27T14:59:55","date_gmt":"2025-08-27T11:59:55","guid":{"rendered":"https:\/\/roveyayinevi.com.tr\/index.php\/urun\/sultan-1-kilic-arslan\/"},"modified":"2026-04-16T02:09:40","modified_gmt":"2026-04-15T23:09:40","slug":"sultan-1-kilic-arslan","status":"publish","type":"product","link":"https:\/\/roveyayinevi.com.tr\/index.php\/urun\/sultan-1-kilic-arslan\/","title":{"rendered":"Sultan 1. K\u0131l\u0131\u00e7 Arslan"},"content":{"rendered":"<p>\u0130smi bilinen, ancak yapt\u0131klar\u0131, yapmaya \u00e7al\u0131\u015ft\u0131klar\u0131, b\u00fcy\u00fck idealleri tarihin karanl\u0131k sayfalar\u0131nda kaybolmu\u015f bir sultan: 1. K\u0131l\u0131\u00e7 Arslan.Melik\u015fah\u2019\u0131n vefat\u0131yla \u0130sfahan\u2019dan yola \u00e7\u0131karak Anadolu\u2019da babas\u0131 Kutalm\u0131\u015fo\u011flu S\u00fcleyman \u015eah\u2019\u0131n taht\u0131na ge\u00e7en 1. K\u0131l\u0131\u00e7 Arslan, \u00f6mr\u00fc boyunca Ha\u00e7l\u0131 ordular\u0131 ile sava\u015fm\u0131\u015ft\u0131r. Ha\u00e7l\u0131lar\u0131 bozguna u\u011fratan K\u0131l\u0131\u00e7 Arslan\u2019\u0131n ser\u00fcveni sizi Anadolu Sel\u00e7uklu Devleti\u2019nin b\u00fcy\u00fck idealleriyle y\u00fczle\u015ftirecek&#8230;Sultan 1. K\u0131l\u0131\u00e7 Arslan, Anadolu\u2019yu ele ge\u00e7irmek \u00fczere sel gibi ak\u0131p gelen Ha\u00e7l\u0131lara ve Bizans\u2019a meydan okuyu\u015fun roman\u0131. <\/p>\n","protected":false},"excerpt":{"rendered":"<p>\u0130smi bilinen, ancak yapt\u0131klar\u0131, yapmaya \u00e7al\u0131\u015ft\u0131klar\u0131, b\u00fcy\u00fck idealleri tarihin karanl\u0131k sayfalar\u0131nda kaybolmu\u015f bir sultan: 1. K\u0131l\u0131\u00e7 Arslan.Melik\u015fah\u2019\u0131n vefat\u0131yla \u0130sfahan\u2019dan yola \u00e7\u0131karak Anadolu\u2019da babas\u0131 Kutalm\u0131\u015fo\u011flu S\u00fcleyman \u015eah\u2019\u0131n<span class=\"excerpt-hellip\"> [\u2026]<\/span><\/p>\n","protected":false},"featured_media":0,"template":"","meta":{"_monsterinsights_skip_tracking":false,"_monsterinsights_sitenote_active":false,"_monsterinsights_sitenote_note":"","_monsterinsights_sitenote_category":0},"product_brand":[],"product_cat":[12291,12745],"product_tag":[],"class_list":{"0":"post-700467","1":"product","2":"type-product","3":"status-publish","5":"product_cat-edebiyat","6":"product_cat-tarihi-roman","7":"pa_tur-kitap","8":"pa_yayinevi-nesil-yayinlari","9":"pa_yazar-hasan-bayraktar","11":"first","12":"instock","13":"sale","14":"shipping-taxable","15":"purchasable","16":"product-type-simple"},"_links":{"self":[{"href":"https:\/\/roveyayinevi.com.tr\/index.php\/wp-json\/wp\/v2\/product\/700467","targetHints":{"allow":["GET"]}}],"collection":[{"href":"https:\/\/roveyayinevi.com.tr\/index.php\/wp-json\/wp\/v2\/product"}],"about":[{"href":"https:\/\/roveyayinevi.com.tr\/index.php\/wp-json\/wp\/v2\/types\/product"}],"wp:attachment":[{"href":"https:\/\/roveyayinevi.com.tr\/index.php\/wp-json\/wp\/v2\/media?parent=700467"}],"wp:term":[{"taxonomy":"product_brand","embeddable":true,"href":"https:\/\/roveyayinevi.com.tr\/index.php\/wp-json\/wp\/v2\/product_brand?post=700467"},{"taxonomy":"product_cat","embeddable":true,"href":"https:\/\/roveyayinevi.com.tr\/index.php\/wp-json\/wp\/v2\/product_cat?post=700467"},{"taxonomy":"product_tag","embeddable":true,"href":"https:\/\/roveyayinevi.com.tr\/index.php\/wp-json\/wp\/v2\/product_tag?post=700467"}],"curies":[{"name":"wp","href":"https:\/\/api.w.org\/{rel}","templated":true}]}}