{"id":700464,"date":"2025-08-27T14:59:54","date_gmt":"2025-08-27T11:59:54","guid":{"rendered":"https:\/\/roveyayinevi.com.tr\/index.php\/urun\/derin-basitlik\/"},"modified":"2025-09-22T09:46:02","modified_gmt":"2025-09-22T06:46:02","slug":"derin-basitlik","status":"publish","type":"product","link":"https:\/\/roveyayinevi.com.tr\/index.php\/urun\/derin-basitlik\/","title":{"rendered":"Derin Basitlik"},"content":{"rendered":"<p>Etraf\u0131m\u0131zdaki d\u00fcnya bize olduk\u00e7a karma\u015f\u0131k ve s\u00fcrprizlerle dolu g\u00f6r\u00fcn\u00fcr; depremler olur, borsada ini\u015fler \u00e7\u0131k\u0131\u015flar ya\u015fan\u0131r, hava durumu \u00e7o\u011fu zaman do\u011fru \u00e7\u0131kmaz. B\u00fct\u00fcn bunlar\u0131n bir kural\u0131 var m\u0131d\u0131r? Asl\u0131nda Gribbin bize rastgele g\u00f6z\u00fcken evrenin basit bir neden-sonu\u00e7 ili\u015fkisinden olu\u015ftu\u011funu a\u00e7\u0131klamakta. \u00d6rne\u011fin neden fren yapan bir s\u00fcr\u00fcc\u00fc b\u00fct\u00fcn trafi\u011fi kitler, neden atmosferdeki \u00e7ok k\u00fc\u00e7\u00fck bir de\u011fi\u015fimden b\u00fcy\u00fck f\u0131rt\u0131nalar \u00e7\u0131kar ve hatta nas\u0131l olur da bizler cans\u0131z maddeden ortaya \u00e7\u0131k\u0131p evrimle\u015ftik. \u0130\u015fte b\u00fct\u00fcn bu sorular\u0131n cevab\u0131n\u0131 Derin Basitlik\u2019te bulabilirsiniz. Gribbin, kaos ve karma\u015f\u0131kl\u0131k kuramlar\u0131n\u0131 sentezleyerek var olu\u015fumuzun gizemlerini a\u00e7\u0131klamakla kalm\u0131yor, d\u00fcnya d\u0131\u015f\u0131 ya\u015fam\u0131n izlerini de s\u00fcr\u00fcyor. \u201cDerin Basitlik\u2019teki en b\u00fcy\u00fck s\u00fcrpriz, kaosun karma\u015f\u0131kl\u0131\u011fa, karma\u015f\u0131kl\u0131\u011f\u0131nsa ya\u015fama yol a\u00e7t\u0131\u011f\u0131n\u0131 ortaya koymas\u0131.\u201d\u2013 Scientific American \u201cGribbin karma\u015f\u0131kl\u0131k biliminin merkezine hayat g\u00f6t\u00fcr\u00fcyor.\u201d\u2013 Nature \u201cDerin Basitlik\u2019i karma\u015f\u0131kl\u0131k \u00fczerine yaz\u0131lm\u0131\u015f di\u011fer kitaplardan ay\u0131ran \u015fey, Gribbin\u2019in temel kavramlar\u0131 ele al\u0131\u015f bi\u00e7imi\u2026\u201d\u2013 Daily Telegraph \u201cGribbin b\u00fcy\u00fck bir ba\u015far\u0131 ve a\u00e7\u0131kl\u0131kla bizi  en temel ger\u00e7eklere g\u00f6t\u00fcr\u00fcyor.\u201d\u2013 Sunday Times<\/p>\n","protected":false},"excerpt":{"rendered":"<p>Etraf\u0131m\u0131zdaki d\u00fcnya bize olduk\u00e7a karma\u015f\u0131k ve s\u00fcrprizlerle dolu g\u00f6r\u00fcn\u00fcr; depremler olur, borsada ini\u015fler \u00e7\u0131k\u0131\u015flar ya\u015fan\u0131r, hava durumu \u00e7o\u011fu zaman do\u011fru \u00e7\u0131kmaz. B\u00fct\u00fcn bunlar\u0131n bir kural\u0131 var<span class=\"excerpt-hellip\"> [\u2026]<\/span><\/p>\n","protected":false},"featured_media":0,"template":"","meta":{"_monsterinsights_skip_tracking":false,"_monsterinsights_sitenote_active":false,"_monsterinsights_sitenote_note":"","_monsterinsights_sitenote_category":0},"product_brand":[],"product_cat":[13005,13006],"product_tag":[],"class_list":{"0":"post-700464","1":"product","2":"type-product","3":"status-publish","5":"product_cat-bilim-muhendislik","6":"product_cat-populer-bilim","7":"pa_cilt-ciltsiz","8":"pa_tur-kitap","9":"pa_yayinevi-alfa-yayinlari","10":"pa_yazar-john-gribbin","12":"first","13":"instock","14":"sale","15":"shipping-taxable","16":"purchasable","17":"product-type-simple"},"_links":{"self":[{"href":"https:\/\/roveyayinevi.com.tr\/index.php\/wp-json\/wp\/v2\/product\/700464","targetHints":{"allow":["GET"]}}],"collection":[{"href":"https:\/\/roveyayinevi.com.tr\/index.php\/wp-json\/wp\/v2\/product"}],"about":[{"href":"https:\/\/roveyayinevi.com.tr\/index.php\/wp-json\/wp\/v2\/types\/product"}],"wp:attachment":[{"href":"https:\/\/roveyayinevi.com.tr\/index.php\/wp-json\/wp\/v2\/media?parent=700464"}],"wp:term":[{"taxonomy":"product_brand","embeddable":true,"href":"https:\/\/roveyayinevi.com.tr\/index.php\/wp-json\/wp\/v2\/product_brand?post=700464"},{"taxonomy":"product_cat","embeddable":true,"href":"https:\/\/roveyayinevi.com.tr\/index.php\/wp-json\/wp\/v2\/product_cat?post=700464"},{"taxonomy":"product_tag","embeddable":true,"href":"https:\/\/roveyayinevi.com.tr\/index.php\/wp-json\/wp\/v2\/product_tag?post=700464"}],"curies":[{"name":"wp","href":"https:\/\/api.w.org\/{rel}","templated":true}]}}