{"id":700447,"date":"2025-08-27T14:59:48","date_gmt":"2025-08-27T11:59:48","guid":{"rendered":"https:\/\/roveyayinevi.com.tr\/index.php\/urun\/hadith-buch-fur-kinder-cocuklar-icin-hadis-kitabi-almanca\/"},"modified":"2026-04-16T02:09:39","modified_gmt":"2026-04-15T23:09:39","slug":"hadith-buch-fur-kinder-cocuklar-icin-hadis-kitabi-almanca","status":"publish","type":"product","link":"https:\/\/roveyayinevi.com.tr\/index.php\/urun\/hadith-buch-fur-kinder-cocuklar-icin-hadis-kitabi-almanca\/","title":{"rendered":"Hadith-Buch F\u00fcr Kinder &#8211; \u00c7ocuklar \u0130\u00e7in Hadis Kitab\u0131 (Almanca)"},"content":{"rendered":"<p>Unser Prophet Muhammed (Friede sei mit Ihm) sagte: Jedes Kind wird als M\u00fcslim geboren. Danach machen die Eltern aus einem Kind, einen Christen, Juden \u00f6der einen Feueranbeter.  -Buh\u00e2r\u00ee- Jedes Kind hat das Recht \u00fcber die islamischen Grundwerte und Tugenden zu erfahren! Aber wie und wo kann dies erlernt werden? Diese Fragen stellten wir uns auch und suchten Antworten. Als Antwort auf diese Fragen ergab sich das vorliegende Buch. Dieses kleine aber wertvolle Buch ist f\u00fcr euch Kinder geschrieben. Es enthalt viele kurze Ausspr\u00fcche unseres Propheten Muhammed (Friede sei mit Ihm). Ihr k\u00f6nnt diese wertvollen Ausspr\u00fcche im Alltag gut venvenden. Versucht es doch einmal, jeden Tag eine in Tat umzusetzen. Ihr werdet sehen, dass eure Eltern mit euch zufrieden werden. Aber ihr werdet auch mit euren Eltern zufrieden sein. Denn unseren Propheten Muhammed (Friede sei mit Ihm) nachzuah men ist eine islamische Pflicht. in Sura Al-Ahsab 33, Aya 21 heiEt es: Es ist euch im Gesandten Allahs ein sch\u00f6nes, nachahmenswertes Beis-piel gegeben worden, f\u00fcr diejenigen, die auf Allah und den j\u00fcngsten Tag horfen und Allahs oftmals gedenken! <\/p>\n","protected":false},"excerpt":{"rendered":"<p>Unser Prophet Muhammed (Friede sei mit Ihm) sagte: Jedes Kind wird als M\u00fcslim geboren. Danach machen die Eltern aus einem Kind, einen Christen, Juden \u00f6der einen<span class=\"excerpt-hellip\"> [\u2026]<\/span><\/p>\n","protected":false},"featured_media":0,"template":"","meta":{"_monsterinsights_skip_tracking":false,"_monsterinsights_sitenote_active":false,"_monsterinsights_sitenote_note":"","_monsterinsights_sitenote_category":0},"product_brand":[],"product_cat":[12492,12274],"product_tag":[],"class_list":{"0":"post-700447","1":"product","2":"type-product","3":"status-publish","5":"product_cat-bilmece-bulmaca","6":"product_cat-cocuk-ve-genclik-kitaplari","7":"pa_tur-kitap","8":"pa_yayinevi-ugurbocegi-yayinlari","9":"pa_yazar-emine-aydin","11":"first","12":"instock","13":"sale","14":"shipping-taxable","15":"purchasable","16":"product-type-simple"},"_links":{"self":[{"href":"https:\/\/roveyayinevi.com.tr\/index.php\/wp-json\/wp\/v2\/product\/700447","targetHints":{"allow":["GET"]}}],"collection":[{"href":"https:\/\/roveyayinevi.com.tr\/index.php\/wp-json\/wp\/v2\/product"}],"about":[{"href":"https:\/\/roveyayinevi.com.tr\/index.php\/wp-json\/wp\/v2\/types\/product"}],"wp:attachment":[{"href":"https:\/\/roveyayinevi.com.tr\/index.php\/wp-json\/wp\/v2\/media?parent=700447"}],"wp:term":[{"taxonomy":"product_brand","embeddable":true,"href":"https:\/\/roveyayinevi.com.tr\/index.php\/wp-json\/wp\/v2\/product_brand?post=700447"},{"taxonomy":"product_cat","embeddable":true,"href":"https:\/\/roveyayinevi.com.tr\/index.php\/wp-json\/wp\/v2\/product_cat?post=700447"},{"taxonomy":"product_tag","embeddable":true,"href":"https:\/\/roveyayinevi.com.tr\/index.php\/wp-json\/wp\/v2\/product_tag?post=700447"}],"curies":[{"name":"wp","href":"https:\/\/api.w.org\/{rel}","templated":true}]}}