{"id":700446,"date":"2025-08-27T14:59:48","date_gmt":"2025-08-27T11:59:48","guid":{"rendered":"https:\/\/roveyayinevi.com.tr\/index.php\/urun\/kapitalizmin-arkaik-kulturu\/"},"modified":"2026-04-16T02:09:39","modified_gmt":"2026-04-15T23:09:39","slug":"kapitalizmin-arkaik-kulturu","status":"publish","type":"product","link":"https:\/\/roveyayinevi.com.tr\/index.php\/urun\/kapitalizmin-arkaik-kulturu\/","title":{"rendered":"Kapitalizmin Arkaik K\u00fclt\u00fcr\u00fc"},"content":{"rendered":"<p>Bat\u0131&#8217;da egemen olan modernite kavramlar\u0131n\u0131 ve tarihsel olarak &#8220;burjuva&#8221; toplumu modelinin geli\u015fimini irdeleyen bu kitapta, Ellen Meiksins Wood, burjuva modernitesinin, &#8220;modern&#8221; devletin ve siyasi k\u00fclt\u00fcr\u00fcn somut \u00f6rne\u011finin K\u0131ta Avrupa&#8217;s\u0131nda ortaya \u00e7\u0131kt\u0131\u011f\u0131na ili\u015fkin varsay\u0131mlara kar\u015f\u0131, asl\u0131nda s\u00f6z\u00fc edilen somut \u00f6rne\u011fin prekapitalist toplumsal m\u00fclkiyet ili\u015fkilerini g\u00f6sterdi\u011fini ileri s\u00fcr\u00fcyor. Bunun ters \u00f6rne\u011fi \u0130ngiltere&#8217;de ise, &#8220;modern&#8221; devlet ve buna ili\u015fkin siyasi s\u00f6ylemin olmamas\u0131, geli\u015fkin bir kapitalizme tan\u0131kl\u0131k ediyordu. Britanya ekonomisinin temel eksiklikleri ise, engellenen geli\u015fme belirtilerini de\u011fil, kapitalist sistemin \u00e7eli\u015fkilerini g\u00f6stermektedir. \u0130ktisadi ve siyasi tarihi, d\u00fc\u015f\u00fcnce tarihiyle birlikte ele alan Wood, g\u00fcncel &#8220;Nairn-Anderson&#8221; tezlerinden, C. D. Clark&#8217;a ve Alan Macfarlane&#8217;e kadar geni\u015f bir yelpazeyi i\u00e7eren tart\u0131\u015fmalara giriyor ve \u00e7e\u015fitli konular\u0131 inceliyor: Britanya kapitalizminin ve Frans\u0131z mutlakiyet\u00e7ili\u011finin izledi\u011fi geli\u015fim yolu; devlet ve ulusun sembolik simgeleri; \u0130ngiliz dilinin k\u00fclt\u00fcrel kal\u0131plar\u0131; \u015fehircilik, k\u0131rsalc\u0131l\u0131k ve bah\u00e7e peyzaj\u0131; egemenlik, demokrasi, m\u00fclkiyet ve ilerlemeye ili\u015fkin d\u00fc\u015f\u00fcnceler. \u00c7a\u011fda\u015f kapitalizmle ilgilenenler i\u00e7in oldu\u011fu kadar, erken modern Avrupa ya da Bat\u0131 siyasi d\u00fc\u015f\u00fcnce tarihiyle ilgilenenler i\u00e7in de ilgin\u00e7 bir \u00e7al\u0131\u015fma. &#8220;Taze bir nefes&#8230;.. on y\u0131llard\u0131r okudu\u011fum kitaplar aras\u0131nda, en \u00e7ok bu kitap beni d\u00fc\u015f\u00fcnmeye ve yeniden d\u00fc\u015f\u00fcnmeye itti&#8230; Okumas\u0131 keyif verdi.&#8221; Christopher Hill <\/p>\n","protected":false},"excerpt":{"rendered":"<p>Bat\u0131&#8217;da egemen olan modernite kavramlar\u0131n\u0131 ve tarihsel olarak &#8220;burjuva&#8221; toplumu modelinin geli\u015fimini irdeleyen bu kitapta, Ellen Meiksins Wood, burjuva modernitesinin, &#8220;modern&#8221; devletin ve siyasi k\u00fclt\u00fcr\u00fcn somut<span class=\"excerpt-hellip\"> [\u2026]<\/span><\/p>\n","protected":false},"featured_media":0,"template":"","meta":{"_monsterinsights_skip_tracking":false,"_monsterinsights_sitenote_active":false,"_monsterinsights_sitenote_note":"","_monsterinsights_sitenote_category":0},"product_brand":[],"product_cat":[12337,14706],"product_tag":[],"class_list":{"0":"post-700446","1":"product","2":"type-product","3":"status-publish","5":"product_cat-politika-siyaset","6":"product_cat-siyaset-bilimi","7":"pa_cilt-ciltsiz","8":"pa_tur-kitap","9":"pa_yayinevi-yordam-kitap","10":"pa_yazar-ellen-meiksins-wood","12":"first","13":"instock","14":"sale","15":"shipping-taxable","16":"purchasable","17":"product-type-simple"},"_links":{"self":[{"href":"https:\/\/roveyayinevi.com.tr\/index.php\/wp-json\/wp\/v2\/product\/700446","targetHints":{"allow":["GET"]}}],"collection":[{"href":"https:\/\/roveyayinevi.com.tr\/index.php\/wp-json\/wp\/v2\/product"}],"about":[{"href":"https:\/\/roveyayinevi.com.tr\/index.php\/wp-json\/wp\/v2\/types\/product"}],"wp:attachment":[{"href":"https:\/\/roveyayinevi.com.tr\/index.php\/wp-json\/wp\/v2\/media?parent=700446"}],"wp:term":[{"taxonomy":"product_brand","embeddable":true,"href":"https:\/\/roveyayinevi.com.tr\/index.php\/wp-json\/wp\/v2\/product_brand?post=700446"},{"taxonomy":"product_cat","embeddable":true,"href":"https:\/\/roveyayinevi.com.tr\/index.php\/wp-json\/wp\/v2\/product_cat?post=700446"},{"taxonomy":"product_tag","embeddable":true,"href":"https:\/\/roveyayinevi.com.tr\/index.php\/wp-json\/wp\/v2\/product_tag?post=700446"}],"curies":[{"name":"wp","href":"https:\/\/api.w.org\/{rel}","templated":true}]}}