{"id":700442,"date":"2025-08-27T14:59:47","date_gmt":"2025-08-27T11:59:47","guid":{"rendered":"https:\/\/roveyayinevi.com.tr\/index.php\/urun\/islamin-kaynaklari-1-coktanricilik-hiristiyanlik-ve-kabe\/"},"modified":"2026-04-16T02:09:39","modified_gmt":"2026-04-15T23:09:39","slug":"islamin-kaynaklari-1-coktanricilik-hiristiyanlik-ve-kabe","status":"publish","type":"product","link":"https:\/\/roveyayinevi.com.tr\/index.php\/urun\/islamin-kaynaklari-1-coktanricilik-hiristiyanlik-ve-kabe\/","title":{"rendered":"\u0130slam\u0131n Kaynaklar\u0131 1: \u00c7oktanr\u0131c\u0131l\u0131k H\u0131ristiyanl\u0131k ve Kabe"},"content":{"rendered":"<p>Erol Sever, bu \u00f6nemli yap\u0131t\u0131nda, \u201c\u0130slam \u00f6ncesi Arap \u015fairleri, K\u00e2be\u2019nin tanr\u0131s\u0131n\u0131, H\u0131ristiyanl\u0131\u011f\u0131n tanr\u0131s\u0131 olarak g\u00f6r\u00fcyorlard\u0131 ve bunun sonucu olarak da, K\u00e2be k\u00fclt\u00fcne, \u0130sa\u2019ya y\u00f6nelik oldu\u011fu i\u00e7in kat\u0131l\u0131yorlard\u0131\u201d saptamas\u0131yla \u0130slam\u2019\u0131n \u00e7ok tanr\u0131c\u0131l\u0131k ve H\u0131ristiyanl\u0131k\u2019taki tarihsel k\u00f6kenini mercek alt\u0131na almaktad\u0131r. \u0130slam\u2019\u0131n Tevrat\u2019tan etkilenmesi, ilk H\u0131ristiyan kiliselerinin kat\u0131 kal\u0131plar\u0131n\u0131 \u00f6rnek almas\u0131 ve erken \u0130slam d\u00f6nemindeki tarih yaz\u0131c\u0131l\u0131\u011f\u0131n\u0131n b\u00f6lgenin siyasal ve toplumsal ger\u00e7eklerinden kaynaklanmas\u0131; \u0130slam tarihinin, resmi \u0130slam tarih\u00e7ileri taraf\u0131ndan nas\u0131l de\u011fi\u015ftirildi\u011fini g\u00f6zler \u00f6n\u00fcne sermektedir. <\/p>\n","protected":false},"excerpt":{"rendered":"<p>Erol Sever, bu \u00f6nemli yap\u0131t\u0131nda, \u201c\u0130slam \u00f6ncesi Arap \u015fairleri, K\u00e2be\u2019nin tanr\u0131s\u0131n\u0131, H\u0131ristiyanl\u0131\u011f\u0131n tanr\u0131s\u0131 olarak g\u00f6r\u00fcyorlard\u0131 ve bunun sonucu olarak da, K\u00e2be k\u00fclt\u00fcne, \u0130sa\u2019ya y\u00f6nelik oldu\u011fu i\u00e7in<span class=\"excerpt-hellip\"> [\u2026]<\/span><\/p>\n","protected":false},"featured_media":0,"template":"","meta":{"_monsterinsights_skip_tracking":false,"_monsterinsights_sitenote_active":false,"_monsterinsights_sitenote_note":"","_monsterinsights_sitenote_category":0},"product_brand":[],"product_cat":[13036,12718,12719],"product_tag":[],"class_list":{"0":"post-700442","1":"product","2":"type-product","3":"status-publish","5":"product_cat-arastirma-inceleme-islam","6":"product_cat-din","7":"product_cat-islam","8":"pa_tur-kitap","9":"pa_yayinevi-berfin-yayinlari","10":"pa_yazar-erol-sever","12":"first","13":"instock","14":"sale","15":"shipping-taxable","16":"purchasable","17":"product-type-simple"},"_links":{"self":[{"href":"https:\/\/roveyayinevi.com.tr\/index.php\/wp-json\/wp\/v2\/product\/700442","targetHints":{"allow":["GET"]}}],"collection":[{"href":"https:\/\/roveyayinevi.com.tr\/index.php\/wp-json\/wp\/v2\/product"}],"about":[{"href":"https:\/\/roveyayinevi.com.tr\/index.php\/wp-json\/wp\/v2\/types\/product"}],"wp:attachment":[{"href":"https:\/\/roveyayinevi.com.tr\/index.php\/wp-json\/wp\/v2\/media?parent=700442"}],"wp:term":[{"taxonomy":"product_brand","embeddable":true,"href":"https:\/\/roveyayinevi.com.tr\/index.php\/wp-json\/wp\/v2\/product_brand?post=700442"},{"taxonomy":"product_cat","embeddable":true,"href":"https:\/\/roveyayinevi.com.tr\/index.php\/wp-json\/wp\/v2\/product_cat?post=700442"},{"taxonomy":"product_tag","embeddable":true,"href":"https:\/\/roveyayinevi.com.tr\/index.php\/wp-json\/wp\/v2\/product_tag?post=700442"}],"curies":[{"name":"wp","href":"https:\/\/api.w.org\/{rel}","templated":true}]}}