{"id":700434,"date":"2025-08-27T14:58:35","date_gmt":"2025-08-27T11:58:35","guid":{"rendered":"https:\/\/roveyayinevi.com.tr\/index.php\/urun\/cobanin-taci\/"},"modified":"2026-04-16T02:09:39","modified_gmt":"2026-04-15T23:09:39","slug":"cobanin-taci","status":"publish","type":"product","link":"https:\/\/roveyayinevi.com.tr\/index.php\/urun\/cobanin-taci\/","title":{"rendered":"\u00c7oban\u0131n Tac\u0131"},"content":{"rendered":"<p>Seni \u00e7ok \u00f6zleyece\u011fiz Terry Pratchett! Ne mutlu ki bize devasa bir kaplumba\u011fan\u0131n \u00fczerindeki d\u00f6rt filin s\u0131rtlad\u0131\u011f\u0131 diskten olu\u015fan muazzam bir d\u00fcnya ve e\u015fsiz bir mizahi anlay\u0131\u015f ve ironiyle yo\u011frulmu\u015f 41 ola\u011fan\u00fcst\u00fc kitap arma\u011fan ettin. Delidolu olarak senin bu de\u011ferli miras\u0131n\u0131 gelece\u011fe ta\u015f\u0131maktan ve yeni nesillere ula\u015ft\u0131rmaktan b\u00fcy\u00fck gurur duyuyoruz. Ve de bir ilke imza atarak \u00f6l\u00fcm y\u00fcr\u00fcy\u00fc\u015f\u00fcndeyken yazd\u0131\u011f\u0131n o paha bi\u00e7ilmez son eserini T\u00fcrk\u00e7eye kazand\u0131r\u0131yoruz\u2026 <\/p>\n","protected":false},"excerpt":{"rendered":"<p>Seni \u00e7ok \u00f6zleyece\u011fiz Terry Pratchett! Ne mutlu ki bize devasa bir kaplumba\u011fan\u0131n \u00fczerindeki d\u00f6rt filin s\u0131rtlad\u0131\u011f\u0131 diskten olu\u015fan muazzam bir d\u00fcnya ve e\u015fsiz bir mizahi anlay\u0131\u015f<span class=\"excerpt-hellip\"> [\u2026]<\/span><\/p>\n","protected":false},"featured_media":0,"template":"","meta":{"_monsterinsights_skip_tracking":false,"_monsterinsights_sitenote_active":false,"_monsterinsights_sitenote_note":"","_monsterinsights_sitenote_category":0},"product_brand":[],"product_cat":[12291,14777],"product_tag":[],"class_list":{"0":"post-700434","1":"product","2":"type-product","3":"status-publish","5":"product_cat-edebiyat","6":"product_cat-fantastik","7":"pa_tur-kitap","8":"pa_yayinevi-delidolu","9":"pa_yazar-terry-pratchett","11":"first","12":"instock","13":"sale","14":"shipping-taxable","15":"purchasable","16":"product-type-simple"},"_links":{"self":[{"href":"https:\/\/roveyayinevi.com.tr\/index.php\/wp-json\/wp\/v2\/product\/700434","targetHints":{"allow":["GET"]}}],"collection":[{"href":"https:\/\/roveyayinevi.com.tr\/index.php\/wp-json\/wp\/v2\/product"}],"about":[{"href":"https:\/\/roveyayinevi.com.tr\/index.php\/wp-json\/wp\/v2\/types\/product"}],"wp:attachment":[{"href":"https:\/\/roveyayinevi.com.tr\/index.php\/wp-json\/wp\/v2\/media?parent=700434"}],"wp:term":[{"taxonomy":"product_brand","embeddable":true,"href":"https:\/\/roveyayinevi.com.tr\/index.php\/wp-json\/wp\/v2\/product_brand?post=700434"},{"taxonomy":"product_cat","embeddable":true,"href":"https:\/\/roveyayinevi.com.tr\/index.php\/wp-json\/wp\/v2\/product_cat?post=700434"},{"taxonomy":"product_tag","embeddable":true,"href":"https:\/\/roveyayinevi.com.tr\/index.php\/wp-json\/wp\/v2\/product_tag?post=700434"}],"curies":[{"name":"wp","href":"https:\/\/api.w.org\/{rel}","templated":true}]}}