{"id":700433,"date":"2025-08-27T14:58:35","date_gmt":"2025-08-27T11:58:35","guid":{"rendered":"https:\/\/roveyayinevi.com.tr\/index.php\/urun\/maliye-bakanligi-teskilat-yapisi-ve-teftis-usulleri\/"},"modified":"2026-04-16T02:09:39","modified_gmt":"2026-04-15T23:09:39","slug":"maliye-bakanligi-teskilat-yapisi-ve-teftis-usulleri","status":"publish","type":"product","link":"https:\/\/roveyayinevi.com.tr\/index.php\/urun\/maliye-bakanligi-teskilat-yapisi-ve-teftis-usulleri\/","title":{"rendered":"Maliye Bakanl\u0131\u011f\u0131 Te\u015fkilat Yap\u0131s\u0131 ve Tefti\u015f Usulleri"},"content":{"rendered":"<p>Maliye Bakanl\u0131\u011f\u0131, personelinin e\u011fitimini tamamlayabilmesi i\u00e7in hizmet i\u00e7i e\u011fitimler, mesleki e\u011fitim kurslar\u0131, kurum i\u00e7i y\u00fckselme s\u0131navlar\u0131 ve yeterlilik s\u0131navlar\u0131 d\u00fczenlemektedir. Maliye Bakanl\u0131\u011f\u0131 Te\u015fkilat Yap\u0131s\u0131 ve Tefti\u015f Usulleri kitab\u0131 Maliye Bakanl\u0131\u011f\u0131nda \u00e7al\u0131\u015fan t\u00fcm personel ile bu alanda \u00e7al\u0131\u015fan di\u011fer t\u00fcm meslek gruplar\u0131n\u0131n ihtiyac\u0131n\u0131 b\u00fcy\u00fck \u00f6l\u00e7\u00fcde giderebilecek bir k\u0131lavuz kitap niteli\u011fi ta\u015f\u0131maktad\u0131r. Ayn\u0131 zamanda bu kitap gerek g\u00f6revde y\u00fckselme s\u0131navlar\u0131nda gerekse de mesleki yeterlilik s\u0131navlar\u0131nda yararlan\u0131labilecek pratik bir ba\u015fvuru kitab\u0131 niteli\u011fi ta\u015f\u0131maktad\u0131r. <\/p>\n","protected":false},"excerpt":{"rendered":"<p>Maliye Bakanl\u0131\u011f\u0131, personelinin e\u011fitimini tamamlayabilmesi i\u00e7in hizmet i\u00e7i e\u011fitimler, mesleki e\u011fitim kurslar\u0131, kurum i\u00e7i y\u00fckselme s\u0131navlar\u0131 ve yeterlilik s\u0131navlar\u0131 d\u00fczenlemektedir. Maliye Bakanl\u0131\u011f\u0131 Te\u015fkilat Yap\u0131s\u0131 ve Tefti\u015f<span class=\"excerpt-hellip\"> [\u2026]<\/span><\/p>\n","protected":false},"featured_media":0,"template":"","meta":{"_monsterinsights_skip_tracking":false,"_monsterinsights_sitenote_active":false,"_monsterinsights_sitenote_note":"","_monsterinsights_sitenote_category":0},"product_brand":[],"product_cat":[12573,12566],"product_tag":[],"class_list":{"0":"post-700433","1":"product","2":"type-product","3":"status-publish","5":"product_cat-akademik-kitaplar","6":"product_cat-egitim","7":"pa_cilt-ciltsiz","8":"pa_tur-kitap","9":"pa_yayinevi-gazi-kitabevi-sinav-kitaplari","10":"pa_yazar-fazli-emektar","12":"first","13":"instock","14":"sale","15":"shipping-taxable","16":"purchasable","17":"product-type-simple"},"_links":{"self":[{"href":"https:\/\/roveyayinevi.com.tr\/index.php\/wp-json\/wp\/v2\/product\/700433","targetHints":{"allow":["GET"]}}],"collection":[{"href":"https:\/\/roveyayinevi.com.tr\/index.php\/wp-json\/wp\/v2\/product"}],"about":[{"href":"https:\/\/roveyayinevi.com.tr\/index.php\/wp-json\/wp\/v2\/types\/product"}],"wp:attachment":[{"href":"https:\/\/roveyayinevi.com.tr\/index.php\/wp-json\/wp\/v2\/media?parent=700433"}],"wp:term":[{"taxonomy":"product_brand","embeddable":true,"href":"https:\/\/roveyayinevi.com.tr\/index.php\/wp-json\/wp\/v2\/product_brand?post=700433"},{"taxonomy":"product_cat","embeddable":true,"href":"https:\/\/roveyayinevi.com.tr\/index.php\/wp-json\/wp\/v2\/product_cat?post=700433"},{"taxonomy":"product_tag","embeddable":true,"href":"https:\/\/roveyayinevi.com.tr\/index.php\/wp-json\/wp\/v2\/product_tag?post=700433"}],"curies":[{"name":"wp","href":"https:\/\/api.w.org\/{rel}","templated":true}]}}