{"id":700431,"date":"2025-08-27T14:58:34","date_gmt":"2025-08-27T11:58:34","guid":{"rendered":"https:\/\/roveyayinevi.com.tr\/index.php\/urun\/akl-i-kemal-cilt-5\/"},"modified":"2026-04-16T02:09:39","modified_gmt":"2026-04-15T23:09:39","slug":"akl-i-kemal-cilt-5","status":"publish","type":"product","link":"https:\/\/roveyayinevi.com.tr\/index.php\/urun\/akl-i-kemal-cilt-5\/","title":{"rendered":"Akl-\u0131 Kemal Cilt: 5"},"content":{"rendered":"<p>O Nas\u0131l Yapt\u0131 \u00d6tekiler Nas\u0131l Y\u0131kt\u0131?\u201cDevrim ve Kar\u015f\u0131 Devrim\u201d d\u00fcnyaya parmak \u0131s\u0131rtan Cumhuriyet mucizesi ak\u0131ll\u0131 projelerin, ak\u0131ll\u0131 projeler ise Akl-\u0131 Kemal\u2019in (Atat\u00fcrk\u2019\u00fcn akl\u0131n\u0131n) bir \u00fcr\u00fcn\u00fcd\u00fcr. Akl-\u0131 Kemal\u2019in 5. cildinde yer alan \u201cAtat\u00fcrk\u2019\u00fcn Ak\u0131ll\u0131 Projeleri\u201d \u015funlard\u0131r:\u2022 Y\u00fczen Fuar Projesi: (Karadeniz: Seyr-i T\u00fcrkiye): 1926\u2019da Karadeniz Vapuru\u2019nun yeni T\u00fcrkiye\u2019yi tan\u0131tan bir y\u00fczen fuara\/sergiye d\u00f6n\u00fc\u015ft\u00fcr\u00fcl\u00fcp 12 Avrupa \u00fclkesinin 16 liman\u0131na yapt\u0131\u011f\u0131 yolculu\u011fun \u00f6yk\u00fcs\u00fc&#8230; Tarihimizin en b\u00fcy\u00fck tan\u0131t\u0131m\/reklam \u00e7al\u0131\u015fmas\u0131&#8230; Emperyalizme ve oryantalizme farkl\u0131 bir kar\u015f\u0131 \u00e7\u0131k\u0131\u015f&#8230; Atat\u00fcrk\u2019\u00fcn y\u00fczen fuar\u0131n\u0131n d\u00fcnyaya \u00f6rnek olmas\u0131&#8230;\u2022 Musiki ve Sanat Projesi: T\u00fcrkiye\u2019de gecikmi\u015f R\u00f6nesans, Atat\u00fcrk\u2019\u00fcn sanata verdi\u011fi \u00f6nem, T\u00fcrk M\u00fczik Devrimi\u2019nin ayr\u0131nt\u0131lar\u0131, Cumhuriyet\u2019in T\u00fcrk Halk M\u00fczi\u011fi\u2019ne katk\u0131lar\u0131, ilk T\u00fcrk operas\u0131 \u00d6zsoy\u2019un \u00f6yk\u00fcs\u00fc, Cumhuriyet\u2019in resim sergileri ve gezici ressamlar\u0131, Atat\u00fcrk heykellerinin s\u0131rr\u0131, T\u00fcrk b\u00fcy\u00fcklerinin heykelleri projesi, ilk T\u00fcrk dramaturg lider Atat\u00fcrk\u2019\u00fcn d\u00fczeltti\u011fi operalar, Cumhuriyet tiyatrosu, gezici tiyatrolar, fabrika tiyatrolar\u0131, Cumhuriyet sinemas\u0131, Atat\u00fcrk\u2019\u00fcn film senaryosu, Cumhuriyet edebiyat\u0131, Atat\u00fcrk\u2019\u00fcn manzum eserleri, Millet Mekteplerinin, Gezici Dersanelerin, Seyyar Muallimlerin, Halkevlerinin, K\u00f6y Enstit\u00fclerinin, Halk Hatiplerinin sanat\u0131, k\u00fclt\u00fcr\u00fc Anadolu\u2019ya yaymas\u0131&#8230;\u2022 \u00c7a\u011fda\u015f \u00dcniversite Projesi: Atat\u00fcrk\u2019\u00fcn e\u011fitim ve k\u00fclt\u00fcr ordusu, Misak-\u0131 Maarif, Atat\u00fcrk\u2019\u00fcn E\u011fitim Devrimi, Tar\u0131m Enstit\u00fcleri, Ankara\u2019n\u0131n y\u00fcksekokullar merkezi yap\u0131lmas\u0131, Do\u011fu\u2019da \u00fcniversite projeleri, \u00dcniversite Reformu, Malche\u2019nin Raporu, Atat\u00fcrk\u2019\u00fcn, Malche\u2019nin Raporu\u2019ndan ald\u0131\u011f\u0131 notlar, Hitler bask\u0131s\u0131ndan ka\u00e7an Yahudi k\u00f6kenli Alman profes\u00f6rlerin g\u00f6revlendirilmesi, 1930\u2019lar\u0131n T\u00fcrkiyesi\u2019nden y\u00fckselen bilim, k\u00fclt\u00fcr&#8230;\u2022 Modern Ankara Projesi: M\u00fcbarek Anadolu\u2019nun modern k\u00fc\u00e7\u00fck evleri, Anadolu\u2019nun ortas\u0131nda modern bir kent yaratmak, Jansen Plan\u0131 ve Atat\u00fcrk, Ankara\u2019n\u0131n imar\u0131ndan T\u00fcrkiye\u2019nin imar\u0131na: Tunceli Spor ve E\u011flence Merkezi Projesi&#8230;\u2022 Sa\u011fl\u0131k Projesi: T\u00fcrk ulusunun amans\u0131z d\u00fc\u015fman\u0131: Hastal\u0131klar, sa\u011fl\u0131k Cumhuriyeti, 1930\u2019larda a\u015f\u0131, serum \u00fcretip yurtd\u0131\u015f\u0131na satan bir T\u00fcrkiye, Cumhuriyet\u2019in veremle, s\u0131tmayla, trahomla, frengiyle, kuduzla m\u00fccadelede elde etti\u011fi b\u00fcy\u00fck ba\u015far\u0131lar, Hilal-i Ahmer ve Himaye-i Etfal cemiyetlerinin sa\u011fl\u0131k m\u00fccadelesi, Halkevlerinin sa\u011fl\u0131k \u00e7al\u0131\u015fmalar\u0131&#8230;\u2022 \u0130nsanl\u0131k Projesi: Emperyalizme kar\u015f\u0131 kurtulu\u015f sava\u015f\u0131, geri kalm\u0131\u015fl\u0131\u011fa kar\u015f\u0131 uygarl\u0131k sava\u015f\u0131, yurtta bar\u0131\u015f d\u00fcnyada bar\u0131\u015f, uluslararas\u0131 b\u00f6lgesel paktlar\/bar\u0131\u015f \u00e7emberleri, tatl\u0131 bir d\u00fc\u015f: Birle\u015fik d\u00fcnya hayali, insanl\u0131\u011f\u0131n ortak k\u00f6keninden insanl\u0131\u011f\u0131n karde\u015fli\u011fine&#8230;Atat\u00fcrk\u2019\u00fcn Ak\u0131ll\u0131 Projeleri, Atat\u00fcrk\u2019\u00fcn \u00f6l\u00fcm\u00fcnden hemen sonra yok edilmeye ba\u015flanm\u0131\u015ft\u0131r. <\/p>\n","protected":false},"excerpt":{"rendered":"<p>O Nas\u0131l Yapt\u0131 \u00d6tekiler Nas\u0131l Y\u0131kt\u0131?\u201cDevrim ve Kar\u015f\u0131 Devrim\u201d d\u00fcnyaya parmak \u0131s\u0131rtan Cumhuriyet mucizesi ak\u0131ll\u0131 projelerin, ak\u0131ll\u0131 projeler ise Akl-\u0131 Kemal\u2019in (Atat\u00fcrk\u2019\u00fcn akl\u0131n\u0131n) bir \u00fcr\u00fcn\u00fcd\u00fcr. Akl-\u0131<span class=\"excerpt-hellip\"> [\u2026]<\/span><\/p>\n","protected":false},"featured_media":0,"template":"","meta":{"_monsterinsights_skip_tracking":false,"_monsterinsights_sitenote_active":false,"_monsterinsights_sitenote_note":"","_monsterinsights_sitenote_category":0},"product_brand":[],"product_cat":[13590,12337],"product_tag":[],"class_list":{"0":"post-700431","1":"product","2":"type-product","3":"status-publish","5":"product_cat-arastirma-inceleme-politika-siyaset","6":"product_cat-politika-siyaset","7":"pa_cilt-ciltsiz","8":"pa_tur-kitap","9":"pa_yayinevi-inkilap-kitabevi","10":"pa_yazar-sinan-meydan","12":"first","13":"instock","14":"sale","15":"shipping-taxable","16":"purchasable","17":"product-type-simple"},"_links":{"self":[{"href":"https:\/\/roveyayinevi.com.tr\/index.php\/wp-json\/wp\/v2\/product\/700431","targetHints":{"allow":["GET"]}}],"collection":[{"href":"https:\/\/roveyayinevi.com.tr\/index.php\/wp-json\/wp\/v2\/product"}],"about":[{"href":"https:\/\/roveyayinevi.com.tr\/index.php\/wp-json\/wp\/v2\/types\/product"}],"wp:attachment":[{"href":"https:\/\/roveyayinevi.com.tr\/index.php\/wp-json\/wp\/v2\/media?parent=700431"}],"wp:term":[{"taxonomy":"product_brand","embeddable":true,"href":"https:\/\/roveyayinevi.com.tr\/index.php\/wp-json\/wp\/v2\/product_brand?post=700431"},{"taxonomy":"product_cat","embeddable":true,"href":"https:\/\/roveyayinevi.com.tr\/index.php\/wp-json\/wp\/v2\/product_cat?post=700431"},{"taxonomy":"product_tag","embeddable":true,"href":"https:\/\/roveyayinevi.com.tr\/index.php\/wp-json\/wp\/v2\/product_tag?post=700431"}],"curies":[{"name":"wp","href":"https:\/\/api.w.org\/{rel}","templated":true}]}}