{"id":700430,"date":"2025-08-27T14:58:34","date_gmt":"2025-08-27T11:58:34","guid":{"rendered":"https:\/\/roveyayinevi.com.tr\/index.php\/urun\/ayaktakimi-arasinda\/"},"modified":"2026-04-16T02:09:39","modified_gmt":"2026-04-15T23:09:39","slug":"ayaktakimi-arasinda","status":"publish","type":"product","link":"https:\/\/roveyayinevi.com.tr\/index.php\/urun\/ayaktakimi-arasinda\/","title":{"rendered":"Ayaktak\u0131m\u0131 Aras\u0131nda"},"content":{"rendered":"<p>Rusya\u2019da on dokuzuncu y\u00fczy\u0131l sonlar\u0131nda patlak veren ekonomik kriz binlerce i\u015f\u00e7i ve k\u00f6yl\u00fcy\u00fc ya\u015famlar\u0131n\u0131 s\u00fcrd\u00fcrecek imk\u00e2nlardan yoksun b\u0131rakm\u0131\u015ft\u0131. Gorki\u2019nin krizin vahim sonu\u00e7lar\u0131n\u0131n h\u00e2l\u00e2 hissedildi\u011fi bir d\u00f6nemde yazd\u0131\u011f\u0131 Ayaktak\u0131m\u0131 Aras\u0131nda, hem sosyal hem de manevi a\u00e7\u0131dan dibe vurmu\u015f insanlar\u0131 konu edindi\u011fi yenilik\u00e7i oyunlar\u0131ndan biridir. Yazar, \u00c7ehov piyeslerindeki \u201c\u00e7alkant\u0131s\u0131z\u201d g\u00fcnl\u00fck ya\u015fam\u0131n \u201crafine\u201d havas\u0131n\u0131 bu oyuna aktar\u0131rken, farkl\u0131 d\u00fcnya g\u00f6r\u00fc\u015flerinin \u00e7at\u0131\u015fmas\u0131n\u0131 g\u00f6zlemledi\u011fi ger\u00e7eklere dayand\u0131r\u0131r.<\/p>\n","protected":false},"excerpt":{"rendered":"<p>Rusya\u2019da on dokuzuncu y\u00fczy\u0131l sonlar\u0131nda patlak veren ekonomik kriz binlerce i\u015f\u00e7i ve k\u00f6yl\u00fcy\u00fc ya\u015famlar\u0131n\u0131 s\u00fcrd\u00fcrecek imk\u00e2nlardan yoksun b\u0131rakm\u0131\u015ft\u0131. Gorki\u2019nin krizin vahim sonu\u00e7lar\u0131n\u0131n h\u00e2l\u00e2 hissedildi\u011fi bir d\u00f6nemde<span class=\"excerpt-hellip\"> [\u2026]<\/span><\/p>\n","protected":false},"featured_media":0,"template":"","meta":{"_monsterinsights_skip_tracking":false,"_monsterinsights_sitenote_active":false,"_monsterinsights_sitenote_note":"","_monsterinsights_sitenote_category":0},"product_brand":[],"product_cat":[12291,13570],"product_tag":[],"class_list":{"0":"post-700430","1":"product","2":"type-product","3":"status-publish","5":"product_cat-edebiyat","6":"product_cat-rus-edebiyati","7":"pa_cilt-ciltsiz","8":"pa_tur-kitap","9":"pa_yayinevi-is-bankasi-kultur-yayinlari","10":"pa_yazar-maksim-gorki","12":"first","13":"instock","14":"sale","15":"shipping-taxable","16":"purchasable","17":"product-type-simple"},"_links":{"self":[{"href":"https:\/\/roveyayinevi.com.tr\/index.php\/wp-json\/wp\/v2\/product\/700430","targetHints":{"allow":["GET"]}}],"collection":[{"href":"https:\/\/roveyayinevi.com.tr\/index.php\/wp-json\/wp\/v2\/product"}],"about":[{"href":"https:\/\/roveyayinevi.com.tr\/index.php\/wp-json\/wp\/v2\/types\/product"}],"wp:attachment":[{"href":"https:\/\/roveyayinevi.com.tr\/index.php\/wp-json\/wp\/v2\/media?parent=700430"}],"wp:term":[{"taxonomy":"product_brand","embeddable":true,"href":"https:\/\/roveyayinevi.com.tr\/index.php\/wp-json\/wp\/v2\/product_brand?post=700430"},{"taxonomy":"product_cat","embeddable":true,"href":"https:\/\/roveyayinevi.com.tr\/index.php\/wp-json\/wp\/v2\/product_cat?post=700430"},{"taxonomy":"product_tag","embeddable":true,"href":"https:\/\/roveyayinevi.com.tr\/index.php\/wp-json\/wp\/v2\/product_tag?post=700430"}],"curies":[{"name":"wp","href":"https:\/\/api.w.org\/{rel}","templated":true}]}}