{"id":700426,"date":"2025-08-27T14:58:33","date_gmt":"2025-08-27T11:58:33","guid":{"rendered":"https:\/\/roveyayinevi.com.tr\/index.php\/urun\/insan-beyni\/"},"modified":"2026-04-16T02:09:39","modified_gmt":"2026-04-15T23:09:39","slug":"insan-beyni","status":"publish","type":"product","link":"https:\/\/roveyayinevi.com.tr\/index.php\/urun\/insan-beyni\/","title":{"rendered":"\u0130nsan Beyni"},"content":{"rendered":"<p>Evrenin en karma\u015f\u0131k ve gizemli nesnesi g\u00f6r\u00fcn\u00fc\u015fte hi\u00e7 de cezbedici de\u011fildir. Mat gri renkte bir zarla kapl\u0131 olan ve k\u0131vr\u0131ml\u0131 bir mantar\u0131 and\u0131ran bu nesne esrarengizli\u011fiyle biliminsanlar\u0131n\u0131n, filozoflar\u0131n ve sanat\u00e7\u0131lar\u0131n y\u00fczy\u0131llar boyunca ilgisini \u00e7ekmi\u015ftir. S\u00f6z konusu nesne, elbette ki insan beynidir. Teknoloji alan\u0131nda ya\u015fanan yeni geli\u015fmeler bizlere beynin insan zihnini nas\u0131l ortaya \u00e7\u0131kard\u0131\u011f\u0131n\u0131 anlamada yard\u0131mc\u0131 olmaktad\u0131r. Art\u0131k beyin devrelerinin ola\u011fan\u00fcst\u00fc karma\u015f\u0131kl\u0131\u011f\u0131n\u0131 g\u00f6rebiliyor, \u00e2\u015f\u0131k oldu\u011fumuzda, yalan s\u00f6yledi\u011fimizde ya da piyangoyu kazand\u0131\u011f\u0131m\u0131z\u0131 hayal etti\u011fimizde hangi b\u00f6lgelerinin enerji harcay\u0131p hangilerinin elektrik \u00fcretti\u011fini g\u00f6zlemleyebiliyoruz. Bu kau\u00e7u\u011fu and\u0131ran a\u011f \u00f6rg\u00fcs\u00fcn\u00fcn milyonlarca h\u00fccresinin i\u00e7inde fevkalade bir \u015fey var: Siz. Robert Winston bizleri insan beyninin derinliklerine g\u00f6t\u00fcrerek hayat\u0131m\u0131z\u0131n gidi\u015fat\u0131n\u0131 belirleyen duyular\u0131m\u0131z\u0131n, duygular\u0131m\u0131z\u0131n ve ki\u015fili\u011fimizin nas\u0131l olup da tek bir noktadan idare edildi\u011fini g\u00f6zler \u00f6n\u00fcne seriyor. Winston, an\u0131lar\u0131n nas\u0131l olu\u015fturulup kaybedildi\u011fini, s\u00fcrekli de\u011fi\u015fim halinde olan beynin k\u00fc\u00e7\u00fck \u00e7ocuklar\u0131n \u00f6fke n\u00f6betlerinden ergenlik \u00e7a\u011f\u0131ndaki gen\u00e7lerin bunal\u0131ml\u0131 hallerine kadar nas\u0131l sorumlu oldu\u011funu a\u00e7\u0131klarken, duyu\u00fcst\u00fc alg\u0131lar, dejavu ve beden d\u0131\u015f\u0131 deneyimlerin arkas\u0131ndaki ger\u00e7e\u011fi de ortaya koyuyor. Bir yandan zek\u00e2m\u0131z\u0131 nas\u0131l geli\u015ftirebilece\u011fimizi, sahip oldu\u011fumuz ancak hi\u00e7 fark etmedi\u011fimiz becerilerimizi nas\u0131l ortaya \u00e7\u0131kar\u0131p eski al\u0131\u015fkanl\u0131klar\u0131m\u0131zdan nas\u0131l vazge\u00e7ebilece\u011fimizi ve ya\u015flan\u0131rken beynimizi ne \u015fekilde formda tutabilece\u011fimizi ke\u015ffederken, di\u011fer yandan da b\u00fcy\u00fck bir paradoksla kar\u015f\u0131 kar\u015f\u0131ya kal\u0131yoruz. Zira insan beynini anlamam\u0131z\u0131 m\u00fcmk\u00fcn k\u0131lan tek ara\u00e7 yine insan beyninin kendisidir ve bilimin her birimizi benzersiz yapan ola\u011fan\u00fcst\u00fc mekanizmay\u0131 hi\u00e7bir zaman tam olarak a\u00e7\u0131klayamayacak olmas\u0131 kuvvetle muhtemel. <\/p>\n","protected":false},"excerpt":{"rendered":"<p>Evrenin en karma\u015f\u0131k ve gizemli nesnesi g\u00f6r\u00fcn\u00fc\u015fte hi\u00e7 de cezbedici de\u011fildir. Mat gri renkte bir zarla kapl\u0131 olan ve k\u0131vr\u0131ml\u0131 bir mantar\u0131 and\u0131ran bu nesne esrarengizli\u011fiyle<span class=\"excerpt-hellip\"> [\u2026]<\/span><\/p>\n","protected":false},"featured_media":0,"template":"","meta":{"_monsterinsights_skip_tracking":false,"_monsterinsights_sitenote_active":false,"_monsterinsights_sitenote_note":"","_monsterinsights_sitenote_category":0},"product_brand":[],"product_cat":[12358,12357],"product_tag":[],"class_list":{"0":"post-700426","1":"product","2":"type-product","3":"status-publish","5":"product_cat-genel-psikoloji","6":"product_cat-psikoloji","7":"pa_cilt-ciltsiz","8":"pa_tur-kitap","9":"pa_yayinevi-say-yayinlari","10":"pa_yazar-robert-winston","12":"first","13":"instock","14":"sale","15":"shipping-taxable","16":"purchasable","17":"product-type-simple"},"_links":{"self":[{"href":"https:\/\/roveyayinevi.com.tr\/index.php\/wp-json\/wp\/v2\/product\/700426","targetHints":{"allow":["GET"]}}],"collection":[{"href":"https:\/\/roveyayinevi.com.tr\/index.php\/wp-json\/wp\/v2\/product"}],"about":[{"href":"https:\/\/roveyayinevi.com.tr\/index.php\/wp-json\/wp\/v2\/types\/product"}],"wp:attachment":[{"href":"https:\/\/roveyayinevi.com.tr\/index.php\/wp-json\/wp\/v2\/media?parent=700426"}],"wp:term":[{"taxonomy":"product_brand","embeddable":true,"href":"https:\/\/roveyayinevi.com.tr\/index.php\/wp-json\/wp\/v2\/product_brand?post=700426"},{"taxonomy":"product_cat","embeddable":true,"href":"https:\/\/roveyayinevi.com.tr\/index.php\/wp-json\/wp\/v2\/product_cat?post=700426"},{"taxonomy":"product_tag","embeddable":true,"href":"https:\/\/roveyayinevi.com.tr\/index.php\/wp-json\/wp\/v2\/product_tag?post=700426"}],"curies":[{"name":"wp","href":"https:\/\/api.w.org\/{rel}","templated":true}]}}