{"id":700419,"date":"2025-08-27T14:58:31","date_gmt":"2025-08-27T11:58:31","guid":{"rendered":"https:\/\/roveyayinevi.com.tr\/index.php\/urun\/korku\/"},"modified":"2026-04-16T02:09:39","modified_gmt":"2026-04-15T23:09:39","slug":"korku","status":"publish","type":"product","link":"https:\/\/roveyayinevi.com.tr\/index.php\/urun\/korku\/","title":{"rendered":"Korku"},"content":{"rendered":"<p>Okumaya ba\u015flad\u0131\u011f\u0131n\u0131z anda sizi etkisi alt\u0131na alacak. \u0130lk sayfada ba\u015flayan aksiyon, kitab\u0131n sonuna dek pe\u015finizi b\u0131rakmayacak. <\/p>\n","protected":false},"excerpt":{"rendered":"<p>Okumaya ba\u015flad\u0131\u011f\u0131n\u0131z anda sizi etkisi alt\u0131na alacak. \u0130lk sayfada ba\u015flayan aksiyon, kitab\u0131n sonuna dek pe\u015finizi b\u0131rakmayacak.<\/p>\n","protected":false},"featured_media":0,"template":"","meta":{"_monsterinsights_skip_tracking":false,"_monsterinsights_sitenote_active":false,"_monsterinsights_sitenote_note":"","_monsterinsights_sitenote_category":0},"product_brand":[],"product_cat":[12291,12711],"product_tag":[],"class_list":{"0":"post-700419","1":"product","2":"type-product","3":"status-publish","5":"product_cat-edebiyat","6":"product_cat-roman-oyku","7":"pa_tur-kitap","8":"pa_yayinevi-tudem-yayinlari","9":"pa_yazar-charlie-higson","11":"first","12":"instock","13":"sale","14":"shipping-taxable","15":"purchasable","16":"product-type-simple"},"_links":{"self":[{"href":"https:\/\/roveyayinevi.com.tr\/index.php\/wp-json\/wp\/v2\/product\/700419","targetHints":{"allow":["GET"]}}],"collection":[{"href":"https:\/\/roveyayinevi.com.tr\/index.php\/wp-json\/wp\/v2\/product"}],"about":[{"href":"https:\/\/roveyayinevi.com.tr\/index.php\/wp-json\/wp\/v2\/types\/product"}],"wp:attachment":[{"href":"https:\/\/roveyayinevi.com.tr\/index.php\/wp-json\/wp\/v2\/media?parent=700419"}],"wp:term":[{"taxonomy":"product_brand","embeddable":true,"href":"https:\/\/roveyayinevi.com.tr\/index.php\/wp-json\/wp\/v2\/product_brand?post=700419"},{"taxonomy":"product_cat","embeddable":true,"href":"https:\/\/roveyayinevi.com.tr\/index.php\/wp-json\/wp\/v2\/product_cat?post=700419"},{"taxonomy":"product_tag","embeddable":true,"href":"https:\/\/roveyayinevi.com.tr\/index.php\/wp-json\/wp\/v2\/product_tag?post=700419"}],"curies":[{"name":"wp","href":"https:\/\/api.w.org\/{rel}","templated":true}]}}