{"id":700417,"date":"2025-08-27T14:58:30","date_gmt":"2025-08-27T11:58:30","guid":{"rendered":"https:\/\/roveyayinevi.com.tr\/index.php\/urun\/degisim-2\/"},"modified":"2026-04-08T02:12:29","modified_gmt":"2026-04-07T23:12:29","slug":"degisim-2","status":"publish","type":"product","link":"https:\/\/roveyayinevi.com.tr\/index.php\/urun\/degisim-2\/","title":{"rendered":"De\u011fi\u015fim"},"content":{"rendered":"<p>\u00c7in\u2019in en \u00fcnl\u00fc ve Nobel \u00f6d\u00fcll\u00fc yazar\u0131 Mo Yan, De\u011fi\u015fim adl\u0131 uzun \u00f6yk\u00fcs\u00fcnde \u00fclkesindeki toplumsal ve siyasal de\u011fi\u015fimleri dile getiriyor. Otobiyografi tarz\u0131nda \u00f6yk\u00fc ya da \u00f6yk\u00fc tarz\u0131nda otobiyografi diyebilece\u011fimiz bu yap\u0131t, \u00c7in edebiyat\u0131ndaki \u00e7o\u011funlukla siyasal olaylara odaklanan tarihsel anlat\u0131lar\u0131n tersine, \u201cinsanlar\u201d\u0131n tarihini ele al\u0131yor. De\u011fi\u015fim bu niteli\u011fiyle de\u011fi\u015fme s\u00fcrecindeki bir \u00fclkenin g\u00f6r\u00fcn\u00fcm\u00fcnde tavandan a\u015fa\u011f\u0131ya de\u011fil, tabandan yukar\u0131ya bakan bir yakla\u015f\u0131m\u0131n temsilcisi oluyor.Mo Yan, anlat\u0131m\u0131nda zaman i\u00e7inde ileriye ve geriye d\u00f6n\u00fc\u015fler yap\u0131yor; \u00f6nemsiz olaylar ile s\u0131radan insanlar\u0131n ya\u015fam\u0131na y\u00f6neliyor. G\u00fcndelik ya\u015fam\u0131n boyutlar\u0131n\u0131 a\u015fan b\u00fcy\u00fck olaylar\u0131n sokaktaki insan \u00fczerindeki etkisini aktararak tarihe insan s\u0131ca\u011f\u0131n\u0131n solu\u011funu kat\u0131yor.<\/p>\n","protected":false},"excerpt":{"rendered":"<p>\u00c7in\u2019in en \u00fcnl\u00fc ve Nobel \u00f6d\u00fcll\u00fc yazar\u0131 Mo Yan, De\u011fi\u015fim adl\u0131 uzun \u00f6yk\u00fcs\u00fcnde \u00fclkesindeki toplumsal ve siyasal de\u011fi\u015fimleri dile getiriyor. Otobiyografi tarz\u0131nda \u00f6yk\u00fc ya da \u00f6yk\u00fc<span class=\"excerpt-hellip\"> [\u2026]<\/span><\/p>\n","protected":false},"featured_media":0,"template":"","meta":{"_monsterinsights_skip_tracking":false,"_monsterinsights_sitenote_active":false,"_monsterinsights_sitenote_note":"","_monsterinsights_sitenote_category":0},"product_brand":[],"product_cat":[12291,12711],"product_tag":[],"class_list":{"0":"post-700417","1":"product","2":"type-product","3":"status-publish","5":"product_cat-edebiyat","6":"product_cat-roman-oyku","7":"pa_cilt-ciltsiz","8":"pa_tur-kitap","9":"pa_yayinevi-can-yayinlari","10":"pa_yazar-mo-yan","12":"first","13":"instock","14":"sale","15":"shipping-taxable","16":"purchasable","17":"product-type-simple"},"_links":{"self":[{"href":"https:\/\/roveyayinevi.com.tr\/index.php\/wp-json\/wp\/v2\/product\/700417","targetHints":{"allow":["GET"]}}],"collection":[{"href":"https:\/\/roveyayinevi.com.tr\/index.php\/wp-json\/wp\/v2\/product"}],"about":[{"href":"https:\/\/roveyayinevi.com.tr\/index.php\/wp-json\/wp\/v2\/types\/product"}],"wp:attachment":[{"href":"https:\/\/roveyayinevi.com.tr\/index.php\/wp-json\/wp\/v2\/media?parent=700417"}],"wp:term":[{"taxonomy":"product_brand","embeddable":true,"href":"https:\/\/roveyayinevi.com.tr\/index.php\/wp-json\/wp\/v2\/product_brand?post=700417"},{"taxonomy":"product_cat","embeddable":true,"href":"https:\/\/roveyayinevi.com.tr\/index.php\/wp-json\/wp\/v2\/product_cat?post=700417"},{"taxonomy":"product_tag","embeddable":true,"href":"https:\/\/roveyayinevi.com.tr\/index.php\/wp-json\/wp\/v2\/product_tag?post=700417"}],"curies":[{"name":"wp","href":"https:\/\/api.w.org\/{rel}","templated":true}]}}