{"id":700416,"date":"2025-08-27T14:58:30","date_gmt":"2025-08-27T11:58:30","guid":{"rendered":"https:\/\/roveyayinevi.com.tr\/index.php\/urun\/bilim-insanlari\/"},"modified":"2026-04-16T02:09:39","modified_gmt":"2026-04-15T23:09:39","slug":"bilim-insanlari","status":"publish","type":"product","link":"https:\/\/roveyayinevi.com.tr\/index.php\/urun\/bilim-insanlari\/","title":{"rendered":"Bilim \u0130nsanlar\u0131"},"content":{"rendered":"<p>Bilimsel ilerleme her zaman g\u00fc\u00e7l\u00fc ki\u015filiklerce s\u00fcrd\u00fcr\u00fclm\u00fc\u015ft\u00fcr. Elinizdeki kitap \u2013Galileo, Newton, Faraday, Darwin, Pasteur ve Marie Curie\u2019den Einstein, Freud, Turing, Crick ve Watson\u2019a\u2013 bu dikkate de\u011fer \u00f6nc\u00fclerin hayatlar\u0131n\u0131 anlat\u0131yor. \u00c7o\u011fu zaman ayk\u0131r\u0131 d\u00fc\u015f\u00fcn\u00fcrler olan bu bilim insanlar\u0131 gelecek nesillere miraslar\u0131n\u0131 b\u0131rakabilmek i\u00e7in \u00e7al\u0131\u015fmalar\u0131n\u0131n tan\u0131nmas\u0131 yolunda s\u0131k s\u0131k muhalif \u00e7a\u011fda\u015flar\u0131na kar\u015f\u0131 m\u00fccadele vermek zorunda kald\u0131lar. \ufffc<\/p>\n","protected":false},"excerpt":{"rendered":"<p>Bilimsel ilerleme her zaman g\u00fc\u00e7l\u00fc ki\u015filiklerce s\u00fcrd\u00fcr\u00fclm\u00fc\u015ft\u00fcr. Elinizdeki kitap \u2013Galileo, Newton, Faraday, Darwin, Pasteur ve Marie Curie\u2019den Einstein, Freud, Turing, Crick ve Watson\u2019a\u2013 bu dikkate de\u011fer<span class=\"excerpt-hellip\"> [\u2026]<\/span><\/p>\n","protected":false},"featured_media":0,"template":"","meta":{"_monsterinsights_skip_tracking":false,"_monsterinsights_sitenote_active":false,"_monsterinsights_sitenote_note":"","_monsterinsights_sitenote_category":0},"product_brand":[],"product_cat":[22249,13527],"product_tag":[],"class_list":{"0":"post-700416","1":"product","2":"type-product","3":"status-publish","5":"product_cat-bilim","6":"product_cat-sureli-yayinlar","7":"pa_cilt-ciltli","8":"pa_tur-kitap","9":"pa_yayinevi-yapi-kredi-yayinlari","10":"pa_yazar-andrew-robinson","12":"first","13":"instock","14":"sale","15":"shipping-taxable","16":"purchasable","17":"product-type-simple"},"_links":{"self":[{"href":"https:\/\/roveyayinevi.com.tr\/index.php\/wp-json\/wp\/v2\/product\/700416","targetHints":{"allow":["GET"]}}],"collection":[{"href":"https:\/\/roveyayinevi.com.tr\/index.php\/wp-json\/wp\/v2\/product"}],"about":[{"href":"https:\/\/roveyayinevi.com.tr\/index.php\/wp-json\/wp\/v2\/types\/product"}],"wp:attachment":[{"href":"https:\/\/roveyayinevi.com.tr\/index.php\/wp-json\/wp\/v2\/media?parent=700416"}],"wp:term":[{"taxonomy":"product_brand","embeddable":true,"href":"https:\/\/roveyayinevi.com.tr\/index.php\/wp-json\/wp\/v2\/product_brand?post=700416"},{"taxonomy":"product_cat","embeddable":true,"href":"https:\/\/roveyayinevi.com.tr\/index.php\/wp-json\/wp\/v2\/product_cat?post=700416"},{"taxonomy":"product_tag","embeddable":true,"href":"https:\/\/roveyayinevi.com.tr\/index.php\/wp-json\/wp\/v2\/product_tag?post=700416"}],"curies":[{"name":"wp","href":"https:\/\/api.w.org\/{rel}","templated":true}]}}