{"id":700414,"date":"2025-08-27T14:58:30","date_gmt":"2025-08-27T11:58:30","guid":{"rendered":"https:\/\/roveyayinevi.com.tr\/index.php\/urun\/masaustu-yayincilikta-baski-oncesi-hazirlik-ve-photoshop-uygulamalari\/"},"modified":"2026-04-16T02:09:39","modified_gmt":"2026-04-15T23:09:39","slug":"masaustu-yayincilikta-baski-oncesi-hazirlik-ve-photoshop-uygulamalari","status":"publish","type":"product","link":"https:\/\/roveyayinevi.com.tr\/index.php\/urun\/masaustu-yayincilikta-baski-oncesi-hazirlik-ve-photoshop-uygulamalari\/","title":{"rendered":"Masa\u00fcst\u00fc Yay\u0131nc\u0131l\u0131kta Bask\u0131 \u00d6ncesi Haz\u0131rl\u0131k ve Photoshop Uygulamalar\u0131"},"content":{"rendered":"<p>H\u0131zla de\u011fi\u015fen d\u00fcnyada her alanda oldu\u011fu gibi g\u00f6r\u00fcnt\u00fc i\u015fleme tekniklerinden de \u00e7ok h\u0131zl\u0131 bir de\u011fi\u015fim mevcuttur. Yay\u0131nlanan bu kitapta grafikerler, matbaac\u0131lar, ajanslar, foto\u011fraf\u00e7\u0131lar, web sayfa tasar\u0131mc\u0131lar\u0131 ve \u00f6zellikle \u00e7ok fazla ayr\u0131nt\u0131l\u0131 de\u011filde direkt uygulamalarla i\u015fe ba\u015flamak isteyen bilgisayar merakl\u0131lar\u0131na \u00e7ok yard\u0131mc\u0131 olacakt\u0131r. <\/p>\n","protected":false},"excerpt":{"rendered":"<p>H\u0131zla de\u011fi\u015fen d\u00fcnyada her alanda oldu\u011fu gibi g\u00f6r\u00fcnt\u00fc i\u015fleme tekniklerinden de \u00e7ok h\u0131zl\u0131 bir de\u011fi\u015fim mevcuttur. Yay\u0131nlanan bu kitapta grafikerler, matbaac\u0131lar, ajanslar, foto\u011fraf\u00e7\u0131lar, web sayfa tasar\u0131mc\u0131lar\u0131<span class=\"excerpt-hellip\"> [\u2026]<\/span><\/p>\n","protected":false},"featured_media":0,"template":"","meta":{"_monsterinsights_skip_tracking":false,"_monsterinsights_sitenote_active":false,"_monsterinsights_sitenote_note":"","_monsterinsights_sitenote_category":0},"product_brand":[],"product_cat":[12573,12566],"product_tag":[],"class_list":{"0":"post-700414","1":"product","2":"type-product","3":"status-publish","5":"product_cat-akademik-kitaplar","6":"product_cat-egitim","7":"pa_cilt-ciltsiz","8":"pa_tur-kitap","9":"pa_yayinevi-gazi-kitabevi","10":"pa_yazar-bunyamin-ciylan","12":"first","13":"instock","14":"sale","15":"shipping-taxable","16":"purchasable","17":"product-type-simple"},"_links":{"self":[{"href":"https:\/\/roveyayinevi.com.tr\/index.php\/wp-json\/wp\/v2\/product\/700414","targetHints":{"allow":["GET"]}}],"collection":[{"href":"https:\/\/roveyayinevi.com.tr\/index.php\/wp-json\/wp\/v2\/product"}],"about":[{"href":"https:\/\/roveyayinevi.com.tr\/index.php\/wp-json\/wp\/v2\/types\/product"}],"wp:attachment":[{"href":"https:\/\/roveyayinevi.com.tr\/index.php\/wp-json\/wp\/v2\/media?parent=700414"}],"wp:term":[{"taxonomy":"product_brand","embeddable":true,"href":"https:\/\/roveyayinevi.com.tr\/index.php\/wp-json\/wp\/v2\/product_brand?post=700414"},{"taxonomy":"product_cat","embeddable":true,"href":"https:\/\/roveyayinevi.com.tr\/index.php\/wp-json\/wp\/v2\/product_cat?post=700414"},{"taxonomy":"product_tag","embeddable":true,"href":"https:\/\/roveyayinevi.com.tr\/index.php\/wp-json\/wp\/v2\/product_tag?post=700414"}],"curies":[{"name":"wp","href":"https:\/\/api.w.org\/{rel}","templated":true}]}}