{"id":700413,"date":"2025-08-27T14:58:29","date_gmt":"2025-08-27T11:58:29","guid":{"rendered":"https:\/\/roveyayinevi.com.tr\/index.php\/urun\/maliyet-yontemleri-muhasebesi-ve-tekduzen-muhasebe-sistemi-uygulamasi\/"},"modified":"2026-04-16T02:09:38","modified_gmt":"2026-04-15T23:09:38","slug":"maliyet-yontemleri-muhasebesi-ve-tekduzen-muhasebe-sistemi-uygulamasi","status":"publish","type":"product","link":"https:\/\/roveyayinevi.com.tr\/index.php\/urun\/maliyet-yontemleri-muhasebesi-ve-tekduzen-muhasebe-sistemi-uygulamasi\/","title":{"rendered":"Maliyet Y\u00f6ntemleri Muhasebesi ve Tekd\u00fczen Muhasebe Sistemi Uygulamas\u0131"},"content":{"rendered":"<p>G\u00fcn\u00fcm\u00fcz modern \u0130\u015fletme Y\u00f6netimi anlay\u0131\u015f\u0131 i\u00e7inde, maliyetlerin ger\u00e7ekleri yans\u0131tabilecek bir \u015fekilde hesaplanarak, buna g\u00f6re sat\u0131\u015f ve di\u011fer i\u015fletme politikalar\u0131n\u0131n saptanmas\u0131 ka\u00e7\u0131n\u0131lmaz bir duruma gelmi\u015ftir. \u0130\u015fletme y\u00f6netiminin gereksinim duydu\u011fu her t\u00fcrl\u00fc maliyet hesaplamalar\u0131n\u0131, maliyet muhasebesi denilen bir muhasebe t\u00fcr\u00fc \u00fcstlenmi\u015f bulunmaktad\u0131r. <\/p>\n","protected":false},"excerpt":{"rendered":"<p>G\u00fcn\u00fcm\u00fcz modern \u0130\u015fletme Y\u00f6netimi anlay\u0131\u015f\u0131 i\u00e7inde, maliyetlerin ger\u00e7ekleri yans\u0131tabilecek bir \u015fekilde hesaplanarak, buna g\u00f6re sat\u0131\u015f ve di\u011fer i\u015fletme politikalar\u0131n\u0131n saptanmas\u0131 ka\u00e7\u0131n\u0131lmaz bir duruma gelmi\u015ftir. \u0130\u015fletme y\u00f6netiminin<span class=\"excerpt-hellip\"> [\u2026]<\/span><\/p>\n","protected":false},"featured_media":0,"template":"","meta":{"_monsterinsights_skip_tracking":false,"_monsterinsights_sitenote_active":false,"_monsterinsights_sitenote_note":"","_monsterinsights_sitenote_category":0},"product_brand":[],"product_cat":[12573,12566],"product_tag":[],"class_list":{"0":"post-700413","1":"product","2":"type-product","3":"status-publish","5":"product_cat-akademik-kitaplar","6":"product_cat-egitim","7":"pa_cilt-ciltsiz","8":"pa_tur-kitap","9":"pa_yayinevi-gazi-kitabevi","10":"pa_yazar-recep-sener","12":"first","13":"instock","14":"sale","15":"shipping-taxable","16":"purchasable","17":"product-type-simple"},"_links":{"self":[{"href":"https:\/\/roveyayinevi.com.tr\/index.php\/wp-json\/wp\/v2\/product\/700413","targetHints":{"allow":["GET"]}}],"collection":[{"href":"https:\/\/roveyayinevi.com.tr\/index.php\/wp-json\/wp\/v2\/product"}],"about":[{"href":"https:\/\/roveyayinevi.com.tr\/index.php\/wp-json\/wp\/v2\/types\/product"}],"wp:attachment":[{"href":"https:\/\/roveyayinevi.com.tr\/index.php\/wp-json\/wp\/v2\/media?parent=700413"}],"wp:term":[{"taxonomy":"product_brand","embeddable":true,"href":"https:\/\/roveyayinevi.com.tr\/index.php\/wp-json\/wp\/v2\/product_brand?post=700413"},{"taxonomy":"product_cat","embeddable":true,"href":"https:\/\/roveyayinevi.com.tr\/index.php\/wp-json\/wp\/v2\/product_cat?post=700413"},{"taxonomy":"product_tag","embeddable":true,"href":"https:\/\/roveyayinevi.com.tr\/index.php\/wp-json\/wp\/v2\/product_tag?post=700413"}],"curies":[{"name":"wp","href":"https:\/\/api.w.org\/{rel}","templated":true}]}}