{"id":700408,"date":"2025-08-27T14:58:28","date_gmt":"2025-08-27T11:58:28","guid":{"rendered":"https:\/\/roveyayinevi.com.tr\/index.php\/urun\/moda-illustrasyonlari\/"},"modified":"2026-04-16T02:09:38","modified_gmt":"2026-04-15T23:09:38","slug":"moda-illustrasyonlari","status":"publish","type":"product","link":"https:\/\/roveyayinevi.com.tr\/index.php\/urun\/moda-illustrasyonlari\/","title":{"rendered":"Moda \u0130ll\u00fcstrasyonlar\u0131"},"content":{"rendered":"<p>Moda \u00e7izimlerini bir tasar\u0131mc\u0131n\u0131n bak\u0131\u015f a\u00e7\u0131s\u0131ndan \u00f6\u011frenin.   Birka\u00e7 basit ad\u0131m izleyerek, fig\u00fcr \u00e7izimi konusunda hareket ve tav\u0131r kazan\u0131n.   \u00c7arp\u0131c\u0131 ve enerji dolu sayfa kompozisyonlar\u0131 geli\u015ftirin.    B\u00fcy\u00fck \u00e7abalar harcamadan bask\u0131, desen ve s\u00fcsleme ill\u00fcstrasyonlar\u0131 yapman\u0131n yolunu ke\u015ffedin.     Kendinize \u00f6zg\u00fc \u00e7izim tarz\u0131n\u0131z\u0131 zenginle\u015ftirmeye yarayacak, heyecan verecek derecede \u00e7e\u015fitli malzeme ve teknikleri ke\u015ffedin. <\/p>\n","protected":false},"excerpt":{"rendered":"<p>Moda \u00e7izimlerini bir tasar\u0131mc\u0131n\u0131n bak\u0131\u015f a\u00e7\u0131s\u0131ndan \u00f6\u011frenin. Birka\u00e7 basit ad\u0131m izleyerek, fig\u00fcr \u00e7izimi konusunda hareket ve tav\u0131r kazan\u0131n. \u00c7arp\u0131c\u0131 ve enerji dolu sayfa kompozisyonlar\u0131 geli\u015ftirin. B\u00fcy\u00fck<span class=\"excerpt-hellip\"> [\u2026]<\/span><\/p>\n","protected":false},"featured_media":0,"template":"","meta":{"_monsterinsights_skip_tracking":false,"_monsterinsights_sitenote_active":false,"_monsterinsights_sitenote_note":"","_monsterinsights_sitenote_category":0},"product_brand":[],"product_cat":[15733,12408],"product_tag":[],"class_list":{"0":"post-700408","1":"product","2":"type-product","3":"status-publish","5":"product_cat-resim","6":"product_cat-sanat","7":"pa_cilt-ciltsiz","8":"pa_tur-kitap","9":"pa_yayinevi-bilge-kultur-sanat","10":"pa_yazar-anna-kiper","12":"first","13":"instock","14":"sale","15":"shipping-taxable","16":"purchasable","17":"product-type-simple"},"_links":{"self":[{"href":"https:\/\/roveyayinevi.com.tr\/index.php\/wp-json\/wp\/v2\/product\/700408","targetHints":{"allow":["GET"]}}],"collection":[{"href":"https:\/\/roveyayinevi.com.tr\/index.php\/wp-json\/wp\/v2\/product"}],"about":[{"href":"https:\/\/roveyayinevi.com.tr\/index.php\/wp-json\/wp\/v2\/types\/product"}],"wp:attachment":[{"href":"https:\/\/roveyayinevi.com.tr\/index.php\/wp-json\/wp\/v2\/media?parent=700408"}],"wp:term":[{"taxonomy":"product_brand","embeddable":true,"href":"https:\/\/roveyayinevi.com.tr\/index.php\/wp-json\/wp\/v2\/product_brand?post=700408"},{"taxonomy":"product_cat","embeddable":true,"href":"https:\/\/roveyayinevi.com.tr\/index.php\/wp-json\/wp\/v2\/product_cat?post=700408"},{"taxonomy":"product_tag","embeddable":true,"href":"https:\/\/roveyayinevi.com.tr\/index.php\/wp-json\/wp\/v2\/product_tag?post=700408"}],"curies":[{"name":"wp","href":"https:\/\/api.w.org\/{rel}","templated":true}]}}