{"id":700402,"date":"2025-08-27T14:58:26","date_gmt":"2025-08-27T11:58:26","guid":{"rendered":"https:\/\/roveyayinevi.com.tr\/index.php\/urun\/buyumeyen-cocuk\/"},"modified":"2026-04-16T02:09:38","modified_gmt":"2026-04-15T23:09:38","slug":"buyumeyen-cocuk","status":"publish","type":"product","link":"https:\/\/roveyayinevi.com.tr\/index.php\/urun\/buyumeyen-cocuk\/","title":{"rendered":"B\u00fcy\u00fcmeyen \u00c7ocuk"},"content":{"rendered":"<p>Sovyetler Birli\u011fi da\u011f\u0131ld\u0131ktan sonra ba\u011f\u0131ms\u0131zl\u0131\u011f\u0131n\u0131 kazanan Azerbeycan\u2019\u0131n stratejik b\u00f6lgelerinden biri olan Hocal\u0131\u2019da 1992 y\u0131l\u0131n\u0131n \u015eubat ay\u0131n 25\u2019ini 26\u2019s\u0131na ba\u011flayan gece deh\u015fetli bir soyk\u0131r\u0131m ya\u015fand\u0131. Bu soyk\u0131r\u0131m Ermenistan taraf\u0131ndan Azerbaycan T\u00fcrklerine kar\u015f\u0131 yap\u0131lan \u2018\u2019Hocal\u0131 Soyk\u0131r\u0131m\u0131\u2019\u2019d\u0131r. <\/p>\n","protected":false},"excerpt":{"rendered":"<p>Sovyetler Birli\u011fi da\u011f\u0131ld\u0131ktan sonra ba\u011f\u0131ms\u0131zl\u0131\u011f\u0131n\u0131 kazanan Azerbeycan\u2019\u0131n stratejik b\u00f6lgelerinden biri olan Hocal\u0131\u2019da 1992 y\u0131l\u0131n\u0131n \u015eubat ay\u0131n 25\u2019ini 26\u2019s\u0131na ba\u011flayan gece deh\u015fetli bir soyk\u0131r\u0131m ya\u015fand\u0131. Bu soyk\u0131r\u0131m<span class=\"excerpt-hellip\"> [\u2026]<\/span><\/p>\n","protected":false},"featured_media":0,"template":"","meta":{"_monsterinsights_skip_tracking":false,"_monsterinsights_sitenote_active":false,"_monsterinsights_sitenote_note":"","_monsterinsights_sitenote_category":0},"product_brand":[],"product_cat":[12370,12304],"product_tag":[],"class_list":{"0":"post-700402","1":"product","2":"type-product","3":"status-publish","5":"product_cat-arastirma-inceleme","6":"product_cat-tarih","7":"pa_tur-kitap","8":"pa_yayinevi-yeditepe-yayinevi","9":"pa_yazar-elsad-eyvazli","11":"first","12":"instock","13":"sale","14":"shipping-taxable","15":"purchasable","16":"product-type-simple"},"_links":{"self":[{"href":"https:\/\/roveyayinevi.com.tr\/index.php\/wp-json\/wp\/v2\/product\/700402","targetHints":{"allow":["GET"]}}],"collection":[{"href":"https:\/\/roveyayinevi.com.tr\/index.php\/wp-json\/wp\/v2\/product"}],"about":[{"href":"https:\/\/roveyayinevi.com.tr\/index.php\/wp-json\/wp\/v2\/types\/product"}],"wp:attachment":[{"href":"https:\/\/roveyayinevi.com.tr\/index.php\/wp-json\/wp\/v2\/media?parent=700402"}],"wp:term":[{"taxonomy":"product_brand","embeddable":true,"href":"https:\/\/roveyayinevi.com.tr\/index.php\/wp-json\/wp\/v2\/product_brand?post=700402"},{"taxonomy":"product_cat","embeddable":true,"href":"https:\/\/roveyayinevi.com.tr\/index.php\/wp-json\/wp\/v2\/product_cat?post=700402"},{"taxonomy":"product_tag","embeddable":true,"href":"https:\/\/roveyayinevi.com.tr\/index.php\/wp-json\/wp\/v2\/product_tag?post=700402"}],"curies":[{"name":"wp","href":"https:\/\/api.w.org\/{rel}","templated":true}]}}