{"id":700399,"date":"2025-08-27T14:58:25","date_gmt":"2025-08-27T11:58:25","guid":{"rendered":"https:\/\/roveyayinevi.com.tr\/index.php\/urun\/cince-ilk-bin-sozcuk\/"},"modified":"2025-10-30T10:08:00","modified_gmt":"2025-10-30T07:08:00","slug":"cince-ilk-bin-sozcuk","status":"publish","type":"product","link":"https:\/\/roveyayinevi.com.tr\/index.php\/urun\/cince-ilk-bin-sozcuk\/","title":{"rendered":"\u00c7ince \u0130lk Bin S\u00f6zc\u00fck"},"content":{"rendered":"<p>\u00c7ince \u0130lk Bin S\u00f6zc\u00fck \u00e7ocuklar\u0131n ve gen\u00e7lerin dil \u00f6\u011frenimi i\u00e7in haz\u0131rlanm\u0131\u015ft\u0131r. Bu kitap, hem okul \u00f6ncesi hem de okul \u00e7a\u011f\u0131ndaki \u00e7ocuklar i\u00e7in e\u015fsiz bir hazine niteli\u011findedir. <\/p>\n","protected":false},"excerpt":{"rendered":"<p>\u00c7ince \u0130lk Bin S\u00f6zc\u00fck \u00e7ocuklar\u0131n ve gen\u00e7lerin dil \u00f6\u011frenimi i\u00e7in haz\u0131rlanm\u0131\u015ft\u0131r. Bu kitap, hem okul \u00f6ncesi hem de okul \u00e7a\u011f\u0131ndaki \u00e7ocuklar i\u00e7in e\u015fsiz bir hazine niteli\u011findedir.<\/p>\n","protected":false},"featured_media":0,"template":"","meta":{"_monsterinsights_skip_tracking":false,"_monsterinsights_sitenote_active":false,"_monsterinsights_sitenote_note":"","_monsterinsights_sitenote_category":0},"product_brand":[],"product_cat":[12492,12274],"product_tag":[],"class_list":{"0":"post-700399","1":"product","2":"type-product","3":"status-publish","5":"product_cat-bilmece-bulmaca","6":"product_cat-cocuk-ve-genclik-kitaplari","7":"pa_tur-kitap","8":"pa_yayinevi-1001-cicek-kitaplar","9":"pa_yazar-heather-amery","11":"first","12":"instock","13":"sale","14":"shipping-taxable","15":"purchasable","16":"product-type-simple"},"_links":{"self":[{"href":"https:\/\/roveyayinevi.com.tr\/index.php\/wp-json\/wp\/v2\/product\/700399","targetHints":{"allow":["GET"]}}],"collection":[{"href":"https:\/\/roveyayinevi.com.tr\/index.php\/wp-json\/wp\/v2\/product"}],"about":[{"href":"https:\/\/roveyayinevi.com.tr\/index.php\/wp-json\/wp\/v2\/types\/product"}],"wp:attachment":[{"href":"https:\/\/roveyayinevi.com.tr\/index.php\/wp-json\/wp\/v2\/media?parent=700399"}],"wp:term":[{"taxonomy":"product_brand","embeddable":true,"href":"https:\/\/roveyayinevi.com.tr\/index.php\/wp-json\/wp\/v2\/product_brand?post=700399"},{"taxonomy":"product_cat","embeddable":true,"href":"https:\/\/roveyayinevi.com.tr\/index.php\/wp-json\/wp\/v2\/product_cat?post=700399"},{"taxonomy":"product_tag","embeddable":true,"href":"https:\/\/roveyayinevi.com.tr\/index.php\/wp-json\/wp\/v2\/product_tag?post=700399"}],"curies":[{"name":"wp","href":"https:\/\/api.w.org\/{rel}","templated":true}]}}