{"id":700397,"date":"2025-08-27T14:58:25","date_gmt":"2025-08-27T11:58:25","guid":{"rendered":"https:\/\/roveyayinevi.com.tr\/index.php\/urun\/degerli-masallar-kirmizi-baslikli-kiz\/"},"modified":"2025-11-06T03:14:13","modified_gmt":"2025-11-06T00:14:13","slug":"degerli-masallar-kirmizi-baslikli-kiz","status":"publish","type":"product","link":"https:\/\/roveyayinevi.com.tr\/index.php\/urun\/degerli-masallar-kirmizi-baslikli-kiz\/","title":{"rendered":"De\u011ferli Masallar &#8211; K\u0131rm\u0131z\u0131 Ba\u015fl\u0131kl\u0131 K\u0131z"},"content":{"rendered":"<p>De\u011ferli Masallar Serisi, en sevilen masallar\u0131n b\u00fcy\u00fcs\u00fcn\u00fc, yeni ve \u00f6zg\u00fcn \u00e7izimlerle en k\u00fc\u00e7\u00fcklere aktar\u0131yor. <\/p>\n","protected":false},"excerpt":{"rendered":"<p>De\u011ferli Masallar Serisi, en sevilen masallar\u0131n b\u00fcy\u00fcs\u00fcn\u00fc, yeni ve \u00f6zg\u00fcn \u00e7izimlerle en k\u00fc\u00e7\u00fcklere aktar\u0131yor.<\/p>\n","protected":false},"featured_media":0,"template":"","meta":{"_monsterinsights_skip_tracking":false,"_monsterinsights_sitenote_active":false,"_monsterinsights_sitenote_note":"","_monsterinsights_sitenote_category":0},"product_brand":[],"product_cat":[12274,12284],"product_tag":[],"class_list":{"0":"post-700397","1":"product","2":"type-product","3":"status-publish","5":"product_cat-cocuk-ve-genclik-kitaplari","6":"product_cat-hikayeler","7":"pa_tur-kitap","8":"pa_yayinevi-1001-cicek-kitaplar","9":"pa_yazar-kolektif","11":"first","12":"instock","13":"sale","14":"shipping-taxable","15":"purchasable","16":"product-type-simple"},"_links":{"self":[{"href":"https:\/\/roveyayinevi.com.tr\/index.php\/wp-json\/wp\/v2\/product\/700397","targetHints":{"allow":["GET"]}}],"collection":[{"href":"https:\/\/roveyayinevi.com.tr\/index.php\/wp-json\/wp\/v2\/product"}],"about":[{"href":"https:\/\/roveyayinevi.com.tr\/index.php\/wp-json\/wp\/v2\/types\/product"}],"wp:attachment":[{"href":"https:\/\/roveyayinevi.com.tr\/index.php\/wp-json\/wp\/v2\/media?parent=700397"}],"wp:term":[{"taxonomy":"product_brand","embeddable":true,"href":"https:\/\/roveyayinevi.com.tr\/index.php\/wp-json\/wp\/v2\/product_brand?post=700397"},{"taxonomy":"product_cat","embeddable":true,"href":"https:\/\/roveyayinevi.com.tr\/index.php\/wp-json\/wp\/v2\/product_cat?post=700397"},{"taxonomy":"product_tag","embeddable":true,"href":"https:\/\/roveyayinevi.com.tr\/index.php\/wp-json\/wp\/v2\/product_tag?post=700397"}],"curies":[{"name":"wp","href":"https:\/\/api.w.org\/{rel}","templated":true}]}}