{"id":700391,"date":"2025-08-27T14:58:23","date_gmt":"2025-08-27T11:58:23","guid":{"rendered":"https:\/\/roveyayinevi.com.tr\/index.php\/urun\/franklin-bisiklete-biniyor\/"},"modified":"2026-04-16T02:09:38","modified_gmt":"2026-04-15T23:09:38","slug":"franklin-bisiklete-biniyor","status":"publish","type":"product","link":"https:\/\/roveyayinevi.com.tr\/index.php\/urun\/franklin-bisiklete-biniyor\/","title":{"rendered":"Franklin Bisiklete Biniyor"},"content":{"rendered":"<p>T\u00fcm D\u00fcnya \u00e7ocuklar\u0131n\u0131n sevimli kahraman\u0131 Franklin \u015fimdi T\u00fcrkiye&#8217;de. <\/p>\n","protected":false},"excerpt":{"rendered":"<p>T\u00fcm D\u00fcnya \u00e7ocuklar\u0131n\u0131n sevimli kahraman\u0131 Franklin \u015fimdi T\u00fcrkiye&#8217;de.<\/p>\n","protected":false},"featured_media":0,"template":"","meta":{"_monsterinsights_skip_tracking":false,"_monsterinsights_sitenote_active":false,"_monsterinsights_sitenote_note":"","_monsterinsights_sitenote_category":0},"product_brand":[],"product_cat":[12274,12284],"product_tag":[],"class_list":{"0":"post-700391","1":"product","2":"type-product","3":"status-publish","5":"product_cat-cocuk-ve-genclik-kitaplari","6":"product_cat-hikayeler","7":"pa_cilt-ciltsiz","8":"pa_tur-kitap","9":"pa_yayinevi-mavi-kelebek-yayinlari","10":"pa_yazar-paulette-bourgeois","12":"first","13":"instock","14":"sale","15":"shipping-taxable","16":"purchasable","17":"product-type-simple"},"_links":{"self":[{"href":"https:\/\/roveyayinevi.com.tr\/index.php\/wp-json\/wp\/v2\/product\/700391","targetHints":{"allow":["GET"]}}],"collection":[{"href":"https:\/\/roveyayinevi.com.tr\/index.php\/wp-json\/wp\/v2\/product"}],"about":[{"href":"https:\/\/roveyayinevi.com.tr\/index.php\/wp-json\/wp\/v2\/types\/product"}],"wp:attachment":[{"href":"https:\/\/roveyayinevi.com.tr\/index.php\/wp-json\/wp\/v2\/media?parent=700391"}],"wp:term":[{"taxonomy":"product_brand","embeddable":true,"href":"https:\/\/roveyayinevi.com.tr\/index.php\/wp-json\/wp\/v2\/product_brand?post=700391"},{"taxonomy":"product_cat","embeddable":true,"href":"https:\/\/roveyayinevi.com.tr\/index.php\/wp-json\/wp\/v2\/product_cat?post=700391"},{"taxonomy":"product_tag","embeddable":true,"href":"https:\/\/roveyayinevi.com.tr\/index.php\/wp-json\/wp\/v2\/product_tag?post=700391"}],"curies":[{"name":"wp","href":"https:\/\/api.w.org\/{rel}","templated":true}]}}