{"id":700388,"date":"2025-08-27T14:58:22","date_gmt":"2025-08-27T11:58:22","guid":{"rendered":"https:\/\/roveyayinevi.com.tr\/index.php\/urun\/ortacag-cilt-2-katedraller-sovalyeler-sehirler\/"},"modified":"2026-04-16T02:09:38","modified_gmt":"2026-04-15T23:09:38","slug":"ortacag-cilt-2-katedraller-sovalyeler-sehirler","status":"publish","type":"product","link":"https:\/\/roveyayinevi.com.tr\/index.php\/urun\/ortacag-cilt-2-katedraller-sovalyeler-sehirler\/","title":{"rendered":"Orta\u00e7a\u011f Cilt -2 (Katedraller, \u015e\u00f6valyeler, \u015eehirler)"},"content":{"rendered":"<p>Orta\u00e7a\u011f, 476 y\u0131l\u0131nda Bat\u0131 Roma \u0130mparatorlu\u011funun \u00e7\u00f6k\u00fc\u015f\u00fcyle ba\u015flayan ve bin y\u0131ldan fazla s\u00fcren bir \u00e7a\u011fd\u0131r. Ard\u0131ndan gelen \u00e7a\u011flar, orta\u00e7a\u011f\u0131 \u201ckaranl\u0131k \u00e7a\u011f\u201d olarak adland\u0131rm\u0131\u015f olsa da bu uzun d\u00f6nem, asl\u0131nda farkl\u0131 medeniyetlerin kar\u015f\u0131la\u015ft\u0131\u011f\u0131, sava\u015ft\u0131\u011f\u0131, bilgi al\u0131\u015fveri\u015fi yapt\u0131\u011f\u0131, \u015fimdiki bilimlerin temellerinin at\u0131ld\u0131\u011f\u0131 olduk\u00e7a \u00fcretken bir \u00e7a\u011fd\u0131r.   Umberto Eco\u2019nun haz\u0131rlad\u0131\u011f\u0131 bu ansiklopedik \u00e7al\u0131\u015fman\u0131n ikinci cildi, yine orta\u00e7a\u011f\u0131n t\u00fcm y\u00f6nlerine \u0131\u015f\u0131k tutuyor. \u201cUzun bin y\u0131l\u201d\u0131n g\u00fcndelik ya\u015fam\u0131ndan, m\u00fczi\u011fe, teknik geli\u015fmelerden, Ha\u00e7l\u0131 Seferlerine uzanan bin bir y\u00fcz\u00fcn\u00fc uzmanlar taraf\u0131ndan yaz\u0131lm\u0131\u015f makaleler ayd\u0131nlat\u0131yor. \u0130kinci cildini sundu\u011fumuz bu eser, t\u00fcm merakl\u0131 okurlar\u0131n k\u00fct\u00fcphanesinde \u00f6nemli bir yer tutacak. <\/p>\n","protected":false},"excerpt":{"rendered":"<p>Orta\u00e7a\u011f, 476 y\u0131l\u0131nda Bat\u0131 Roma \u0130mparatorlu\u011funun \u00e7\u00f6k\u00fc\u015f\u00fcyle ba\u015flayan ve bin y\u0131ldan fazla s\u00fcren bir \u00e7a\u011fd\u0131r. Ard\u0131ndan gelen \u00e7a\u011flar, orta\u00e7a\u011f\u0131 \u201ckaranl\u0131k \u00e7a\u011f\u201d olarak adland\u0131rm\u0131\u015f olsa da bu<span class=\"excerpt-hellip\"> [\u2026]<\/span><\/p>\n","protected":false},"featured_media":0,"template":"","meta":{"_monsterinsights_skip_tracking":false,"_monsterinsights_sitenote_active":false,"_monsterinsights_sitenote_note":"","_monsterinsights_sitenote_category":0},"product_brand":[],"product_cat":[12305,12304],"product_tag":[],"class_list":{"0":"post-700388","1":"product","2":"type-product","3":"status-publish","5":"product_cat-dunya-tarihi","6":"product_cat-tarih","7":"pa_cilt-ciltli","8":"pa_tur-kitap","9":"pa_yayinevi-alfa-yayinlari","10":"pa_yazar-umberto-eco","12":"first","13":"instock","14":"sale","15":"shipping-taxable","16":"purchasable","17":"product-type-simple"},"_links":{"self":[{"href":"https:\/\/roveyayinevi.com.tr\/index.php\/wp-json\/wp\/v2\/product\/700388","targetHints":{"allow":["GET"]}}],"collection":[{"href":"https:\/\/roveyayinevi.com.tr\/index.php\/wp-json\/wp\/v2\/product"}],"about":[{"href":"https:\/\/roveyayinevi.com.tr\/index.php\/wp-json\/wp\/v2\/types\/product"}],"wp:attachment":[{"href":"https:\/\/roveyayinevi.com.tr\/index.php\/wp-json\/wp\/v2\/media?parent=700388"}],"wp:term":[{"taxonomy":"product_brand","embeddable":true,"href":"https:\/\/roveyayinevi.com.tr\/index.php\/wp-json\/wp\/v2\/product_brand?post=700388"},{"taxonomy":"product_cat","embeddable":true,"href":"https:\/\/roveyayinevi.com.tr\/index.php\/wp-json\/wp\/v2\/product_cat?post=700388"},{"taxonomy":"product_tag","embeddable":true,"href":"https:\/\/roveyayinevi.com.tr\/index.php\/wp-json\/wp\/v2\/product_tag?post=700388"}],"curies":[{"name":"wp","href":"https:\/\/api.w.org\/{rel}","templated":true}]}}