{"id":700387,"date":"2025-08-27T14:58:22","date_gmt":"2025-08-27T11:58:22","guid":{"rendered":"https:\/\/roveyayinevi.com.tr\/index.php\/urun\/sihir-de-neymis\/"},"modified":"2026-04-16T02:09:38","modified_gmt":"2026-04-15T23:09:38","slug":"sihir-de-neymis","status":"publish","type":"product","link":"https:\/\/roveyayinevi.com.tr\/index.php\/urun\/sihir-de-neymis\/","title":{"rendered":"Sihir de Neymi\u015f!"},"content":{"rendered":"<p>Feno\u2019nun ilgin\u00e7, merak uyand\u0131r\u0131c\u0131 fen deneylerini siz de evinizde, okulunuzda uygulamaya ne dersiniz?  Peki, su \u00fczerinde batmadan y\u00fcr\u00fcmeye, \u015fi\u015fenin i\u00e7ine ka\u00e7an bir t\u0131pay\u0131 kolayl\u0131kla \u00e7\u0131karman\u0131n p\u00fcf noktalar\u0131n\u0131 \u00f6\u011frenmeye haz\u0131r m\u0131s\u0131n\u0131z? \u201cOlur mu \u00f6yle \u015fey!\u201d demeyin, \u201cSihir yok, bilim var\u201d diyen Feno\u2019ya kulak verin! <\/p>\n","protected":false},"excerpt":{"rendered":"<p>Feno\u2019nun ilgin\u00e7, merak uyand\u0131r\u0131c\u0131 fen deneylerini siz de evinizde, okulunuzda uygulamaya ne dersiniz? Peki, su \u00fczerinde batmadan y\u00fcr\u00fcmeye, \u015fi\u015fenin i\u00e7ine ka\u00e7an bir t\u0131pay\u0131 kolayl\u0131kla \u00e7\u0131karman\u0131n p\u00fcf<span class=\"excerpt-hellip\"> [\u2026]<\/span><\/p>\n","protected":false},"featured_media":0,"template":"","meta":{"_monsterinsights_skip_tracking":false,"_monsterinsights_sitenote_active":false,"_monsterinsights_sitenote_note":"","_monsterinsights_sitenote_category":0},"product_brand":[],"product_cat":[13829,12274],"product_tag":[],"class_list":{"0":"post-700387","1":"product","2":"type-product","3":"status-publish","5":"product_cat-bilimsel-kitaplar","6":"product_cat-cocuk-ve-genclik-kitaplari","7":"pa_tur-kitap","8":"pa_yayinevi-timas-yayinlari","9":"pa_yazar-ismail-ersoy","11":"first","12":"instock","13":"sale","14":"shipping-taxable","15":"purchasable","16":"product-type-simple"},"_links":{"self":[{"href":"https:\/\/roveyayinevi.com.tr\/index.php\/wp-json\/wp\/v2\/product\/700387","targetHints":{"allow":["GET"]}}],"collection":[{"href":"https:\/\/roveyayinevi.com.tr\/index.php\/wp-json\/wp\/v2\/product"}],"about":[{"href":"https:\/\/roveyayinevi.com.tr\/index.php\/wp-json\/wp\/v2\/types\/product"}],"wp:attachment":[{"href":"https:\/\/roveyayinevi.com.tr\/index.php\/wp-json\/wp\/v2\/media?parent=700387"}],"wp:term":[{"taxonomy":"product_brand","embeddable":true,"href":"https:\/\/roveyayinevi.com.tr\/index.php\/wp-json\/wp\/v2\/product_brand?post=700387"},{"taxonomy":"product_cat","embeddable":true,"href":"https:\/\/roveyayinevi.com.tr\/index.php\/wp-json\/wp\/v2\/product_cat?post=700387"},{"taxonomy":"product_tag","embeddable":true,"href":"https:\/\/roveyayinevi.com.tr\/index.php\/wp-json\/wp\/v2\/product_tag?post=700387"}],"curies":[{"name":"wp","href":"https:\/\/api.w.org\/{rel}","templated":true}]}}