{"id":700386,"date":"2025-08-27T14:58:21","date_gmt":"2025-08-27T11:58:21","guid":{"rendered":"https:\/\/roveyayinevi.com.tr\/index.php\/urun\/zihin-kontrolu\/"},"modified":"2026-04-16T02:09:38","modified_gmt":"2026-04-15T23:09:38","slug":"zihin-kontrolu","status":"publish","type":"product","link":"https:\/\/roveyayinevi.com.tr\/index.php\/urun\/zihin-kontrolu\/","title":{"rendered":"Zihin Kontrol\u00fc"},"content":{"rendered":"<p>\u201c\u0130nsanlar\u0131 harekete ge\u00e7irmek i\u00e7in iki manivela vard\u0131r. Menfaat ve korku.\u201dNapolyonGardony\u2019e g\u00f6re \u201cKorkak insanlar, bu\u011fday sap\u0131n\u0131 bile y\u0131lan san\u0131r.\u201d ve insanlar\u0131n zihinsel faaliyetlerini en b\u00fcy\u00fck bask\u0131layan ger\u00e7eklik korku olgusudur.Korku; psikolojik sava\u015f\u0131n en \u00f6nemli silahlar\u0131ndan birisidir. Korku hissinin, insan zihninde yarataca\u011f\u0131 etkiler ve bunun sonucunda ki\u015fi ya da toplumlar\u0131n davran\u0131\u015f normlar\u0131ndaki de\u011fi\u015fiklik hasm\u0131n en b\u00fcy\u00fck avantaj\u0131 olarak kabul edilebilir. Korku, ak\u0131l d\u0131\u015f\u0131 hareket tarz\u0131na neden olurken zihinler kolayl\u0131kla bask\u0131 alt\u0131na al\u0131narak y\u00f6nlendirilebilir.D\u00fcnyay\u0131 ve zihinleri kontrol etme arzusunda olan g\u00fc\u00e7ler ve \u00fclkeler bu y\u00f6ntemi s\u0131kl\u0131kla kullanmaktad\u0131r. Bu ama\u00e7la da hem kendi kamuoyuna hem de hedef olarak belirledi\u011fi d\u00fc\u015fman s\u0131n\u0131fland\u0131rmas\u0131na dair gruplar \u00fczerinde korku yarat\u0131c\u0131 her t\u00fcrl\u00fc arg\u00fcman\u0131 uygulamaktad\u0131r.G\u00fcn\u00fcm\u00fczde \u00fclkelerin, kurumlar\u0131n ve ki\u015filerin birbirleriyle yapt\u0131klar\u0131 m\u00fccadelede kullan\u0131lan uygulamalardaki metotlardan biri de as\u0131ls\u0131z ve \u00e7arp\u0131t\u0131lm\u0131\u015f bilgilerin yay\u0131lmas\u0131 yani dezenformasyon dur.Bu metot kullan\u0131larak ki\u015filerin ve kurumlar\u0131n zihinleri kar\u0131\u015ft\u0131r\u0131lmaya, inan\u00e7lar\u0131 bozulmaya ve toplumun ortak de\u011ferleri unutturulmaya \u00e7al\u0131\u015f\u0131lmakta, bunlar\u0131n yerlerini kendi d\u00fc\u015f\u00fcnce ve davran\u0131\u015f bi\u00e7imlerinin almas\u0131 hedeflenmektedir. Dedikodu, yalan ve sapt\u0131r\u0131lm\u0131\u015f haber ve her t\u00fcrl\u00fc iftiray\u0131 i\u00e7eren bu uygulamada son d\u00f6nemde elektronik posta (e-mail), Web Siteleri ve sosyal payla\u015f\u0131m sitelerinin kullan\u0131lmas\u0131 \u00f6nemli yer tutmaktad\u0131r.Umar\u0131z ki bu \u00e7al\u0131\u015fma, toplumsal ve bireysel olarak maruz kald\u0131\u011f\u0131m\u0131z psikolojik sava\u015f serpintilerine kar\u015f\u0131 zihnimizi daha a\u00e7\u0131k tutma yolunda bir nebzede olsa katk\u0131 sa\u011flayabilir.<\/p>\n","protected":false},"excerpt":{"rendered":"<p>\u201c\u0130nsanlar\u0131 harekete ge\u00e7irmek i\u00e7in iki manivela vard\u0131r. Menfaat ve korku.\u201dNapolyonGardony\u2019e g\u00f6re \u201cKorkak insanlar, bu\u011fday sap\u0131n\u0131 bile y\u0131lan san\u0131r.\u201d ve insanlar\u0131n zihinsel faaliyetlerini en b\u00fcy\u00fck bask\u0131layan ger\u00e7eklik<span class=\"excerpt-hellip\"> [\u2026]<\/span><\/p>\n","protected":false},"featured_media":0,"template":"","meta":{"_monsterinsights_skip_tracking":false,"_monsterinsights_sitenote_active":false,"_monsterinsights_sitenote_note":"","_monsterinsights_sitenote_category":0},"product_brand":[],"product_cat":[12338,12337],"product_tag":[],"class_list":{"0":"post-700386","1":"product","2":"type-product","3":"status-publish","5":"product_cat-dunya-siyaseti-ve-politikasi","6":"product_cat-politika-siyaset","7":"pa_cilt-ciltsiz","8":"pa_tur-kitap","9":"pa_yayinevi-kripto-basim-yayin","10":"pa_yazar-bora-iyiat","12":"first","13":"instock","14":"sale","15":"shipping-taxable","16":"purchasable","17":"product-type-simple"},"_links":{"self":[{"href":"https:\/\/roveyayinevi.com.tr\/index.php\/wp-json\/wp\/v2\/product\/700386","targetHints":{"allow":["GET"]}}],"collection":[{"href":"https:\/\/roveyayinevi.com.tr\/index.php\/wp-json\/wp\/v2\/product"}],"about":[{"href":"https:\/\/roveyayinevi.com.tr\/index.php\/wp-json\/wp\/v2\/types\/product"}],"wp:attachment":[{"href":"https:\/\/roveyayinevi.com.tr\/index.php\/wp-json\/wp\/v2\/media?parent=700386"}],"wp:term":[{"taxonomy":"product_brand","embeddable":true,"href":"https:\/\/roveyayinevi.com.tr\/index.php\/wp-json\/wp\/v2\/product_brand?post=700386"},{"taxonomy":"product_cat","embeddable":true,"href":"https:\/\/roveyayinevi.com.tr\/index.php\/wp-json\/wp\/v2\/product_cat?post=700386"},{"taxonomy":"product_tag","embeddable":true,"href":"https:\/\/roveyayinevi.com.tr\/index.php\/wp-json\/wp\/v2\/product_tag?post=700386"}],"curies":[{"name":"wp","href":"https:\/\/api.w.org\/{rel}","templated":true}]}}