{"id":700384,"date":"2025-08-27T14:58:21","date_gmt":"2025-08-27T11:58:21","guid":{"rendered":"https:\/\/roveyayinevi.com.tr\/index.php\/urun\/sanatcilarla-anilar-geride-kalanlar\/"},"modified":"2026-04-16T02:09:38","modified_gmt":"2026-04-15T23:09:38","slug":"sanatcilarla-anilar-geride-kalanlar","status":"publish","type":"product","link":"https:\/\/roveyayinevi.com.tr\/index.php\/urun\/sanatcilarla-anilar-geride-kalanlar\/","title":{"rendered":"Sanat\u00e7\u0131larla An\u0131lar Geride Kalanlar"},"content":{"rendered":"<p>Bunca ya\u015fanm\u0131\u015fl\u0131k ard\u0131ndan mutlaka haf\u0131zam\u0131zda kalan ve \u00f6mr\u00fcm\u00fcz\u00fcn sonuna kadar unutmayaca\u011f\u0131m\u0131z olaylar belle\u011fimizin bir yerine silinmemek \u00fczere yerle\u015fir&#8230; Hayat s\u00fcr\u00fcp giderken, onlar\u0131 bize hat\u0131rlatan say\u0131s\u0131z olaylar ve tesad\u00fcfler aniden bizi al\u0131p al\u0131p gerilere g\u00f6t\u00fcr\u00fcr. Arkam\u0131za d\u00f6n\u00fcp bakt\u0131\u011f\u0131m\u0131zda, hat\u0131ralar bir film \u015feridi gibi g\u00f6z\u00fcm\u00fcz\u00fcn \u00f6n\u00fcnden ge\u00e7er. \u0130\u015fte tam da b\u00f6yle bir kitapla Abd\u00fclkadir G\u00fcnyaz, okuyucuyu \u00fclkemizin usta ressamlar\u0131yla, sanat\u00e7\u0131lar\u0131yla bulu\u015fturuyor. Bu topraklarda nefes al\u0131p vermi\u015f, say\u0131s\u0131z resimler kazand\u0131rm\u0131\u015f, farkl\u0131 \u00f6d\u00fcller alm\u0131\u015f ve bir daha izleri kaybolmamak \u00fczere haf\u0131zalara kaz\u0131nm\u0131\u015f Nuri \u0130yem\u2019ler, Avni Arba\u015f\u2019lar, Ara G\u00fcler\u2019ler, Kristin Saleri\u2019ler, Leyla Gams\u0131z\u2019lar ve daha niceleri bir kez daha bu sayfalarda hayat buluyor. Yazar, hayat\u0131n\u0131n farkl\u0131 d\u00f6nemlerinde ya\u015fad\u0131\u011f\u0131 \u00f6l\u00fcms\u00fcz anlar\u0131, \u201csouven\u0131r, souven\u0131r, que me veux-tu?\u201dDiyerek bir kez daha \u00f6l\u00fcms\u00fczle\u015ftiriyor. Bu kitapla kimileri bilmedikleri, duymad\u0131klar\u0131 ve art\u0131k ya\u015famayan isimlerle tan\u0131\u015facak, kimileriyse an\u0131lar\u0131n\u0131 tazeleyecek. <\/p>\n","protected":false},"excerpt":{"rendered":"<p>Bunca ya\u015fanm\u0131\u015fl\u0131k ard\u0131ndan mutlaka haf\u0131zam\u0131zda kalan ve \u00f6mr\u00fcm\u00fcz\u00fcn sonuna kadar unutmayaca\u011f\u0131m\u0131z olaylar belle\u011fimizin bir yerine silinmemek \u00fczere yerle\u015fir&#8230; Hayat s\u00fcr\u00fcp giderken, onlar\u0131 bize hat\u0131rlatan say\u0131s\u0131z olaylar<span class=\"excerpt-hellip\"> [\u2026]<\/span><\/p>\n","protected":false},"featured_media":0,"template":"","meta":{"_monsterinsights_skip_tracking":false,"_monsterinsights_sitenote_active":false,"_monsterinsights_sitenote_note":"","_monsterinsights_sitenote_category":0},"product_brand":[],"product_cat":[12782,12291],"product_tag":[],"class_list":{"0":"post-700384","1":"product","2":"type-product","3":"status-publish","5":"product_cat-alman-edebiyati","6":"product_cat-edebiyat","7":"pa_tur-kitap","8":"pa_yayinevi-kaynak-yayinlari","9":"pa_yazar-abdulkadir-gunyaz","11":"first","12":"instock","13":"sale","14":"shipping-taxable","15":"purchasable","16":"product-type-simple"},"_links":{"self":[{"href":"https:\/\/roveyayinevi.com.tr\/index.php\/wp-json\/wp\/v2\/product\/700384","targetHints":{"allow":["GET"]}}],"collection":[{"href":"https:\/\/roveyayinevi.com.tr\/index.php\/wp-json\/wp\/v2\/product"}],"about":[{"href":"https:\/\/roveyayinevi.com.tr\/index.php\/wp-json\/wp\/v2\/types\/product"}],"wp:attachment":[{"href":"https:\/\/roveyayinevi.com.tr\/index.php\/wp-json\/wp\/v2\/media?parent=700384"}],"wp:term":[{"taxonomy":"product_brand","embeddable":true,"href":"https:\/\/roveyayinevi.com.tr\/index.php\/wp-json\/wp\/v2\/product_brand?post=700384"},{"taxonomy":"product_cat","embeddable":true,"href":"https:\/\/roveyayinevi.com.tr\/index.php\/wp-json\/wp\/v2\/product_cat?post=700384"},{"taxonomy":"product_tag","embeddable":true,"href":"https:\/\/roveyayinevi.com.tr\/index.php\/wp-json\/wp\/v2\/product_tag?post=700384"}],"curies":[{"name":"wp","href":"https:\/\/api.w.org\/{rel}","templated":true}]}}