{"id":700383,"date":"2025-08-27T14:58:20","date_gmt":"2025-08-27T11:58:20","guid":{"rendered":"https:\/\/roveyayinevi.com.tr\/index.php\/urun\/kizila-boyali-saclar\/"},"modified":"2026-04-16T02:09:38","modified_gmt":"2026-04-15T23:09:38","slug":"kizila-boyali-saclar","status":"publish","type":"product","link":"https:\/\/roveyayinevi.com.tr\/index.php\/urun\/kizila-boyali-saclar\/","title":{"rendered":"K\u0131z\u0131la Boyal\u0131 Sa\u00e7lar"},"content":{"rendered":"<p>\u201cTaksitle kitap satt\u0131\u011f\u0131 bir k\u0131z vard\u0131. Ona ha bire kitap g\u00f6t\u00fcr\u00fcyordu ama o hi\u00e7 \u00f6deme yapm\u0131yordu. Bir sabah Aleka\u2019n\u0131n, yirmi bin drahmiden fazla tutan kitap al\u0131\u015fveri\u015fi yapt\u0131\u011f\u0131n\u0131n fark\u0131na vard\u0131\u011f\u0131nda durumun ciddiyetini anlad\u0131. \u2018Aleka neler oluyor? Babana birka\u00e7 kuru\u015f vermesini s\u00f6ylesene,\u2019 dedi. \u2018Benimle evlen, \u00f6de\u015felim. \u0130ster misin?\u2019 dedi Aleka da. Bu d\u00fcnyada her \u015feyi do\u011fal kar\u015f\u0131layan Luis kabul etti. \u2018\u0130sterim,\u2019 dedi.\u201d 14 y\u0131l \u00f6nce T\u00fcrk\u00e7ede ilk yay\u0131mland\u0131\u011f\u0131nda k\u0131sa s\u00fcrede en \u00e7ok okunan kitaplar\u0131n ba\u015f\u0131na yerle\u015fen, yine k\u0131sa s\u00fcrede 100.000\u2019den fazla okura ula\u015fan K\u0131z\u0131la Boyal\u0131 Sa\u00e7lar\u2019\u0131n s\u0131rad\u0131\u015f\u0131 kahraman\u0131 Luis, kendini \u00f6zg\u00fcrl\u00fc\u011fe adam\u0131\u015f, bir insana, bir i\u015fe, bir yere kesinlikle ba\u011fl\u0131 kalmak istemeyen, kafas\u0131na eseni yapan, hayallerinin pe\u015finden ko\u015fan sevimli bir serseri. Zorbalar, serseriler, fahi\u015feler, genelevler, kenar mahalleler, gecekondular, erkek delisi kad\u0131nlar, kad\u0131n delisi erkekler, \u00fc\u00e7k\u00e2\u011f\u0131t\u00e7\u0131lar, k\u00fc\u00e7\u00fck burjuvalar, eski solcular, dol*nd\u0131r\u0131c\u0131lar bu kitab\u0131n dokusunu olu\u015fturuyor. Bir d\u00f6nemin ve insanlar\u0131n\u0131n resmini \u00e7izen K\u0131z\u0131la Boyal\u0131 Sa\u00e7lar; okuru k\u0131\u015fk\u0131rt\u0131yor, g\u00f6zlerini ger\u00e7ek hayata, hayat\u0131n ger\u00e7eklerine \u00e7evirmesini sa\u011fl\u0131yor. Yal\u0131n ve mizah dolu bir anlat\u0131m; egemen sisteme ve sistemin savunucular\u0131na, benimseyenlerine kar\u015f\u0131 g\u00f6z\u00fc pek, alayc\u0131, sert bir ele\u015ftiri. Yazar\u0131n\u0131n tan\u0131m\u0131yla \u201cK\u0131z\u0131la Boyal\u0131 Sa\u00e7lar insan \u00f6zg\u00fcrl\u00fc\u011f\u00fcne yaz\u0131lm\u0131\u015f bir \u00f6vg\u00fc.\u201d Her birimiz i\u00e7imizden Luis gibi olmay\u0131 biraz arzular, ama onun gibilere imrenmekle, \u00f6yk\u00fcnmekle kalmaz m\u0131y\u0131z?<\/p>\n","protected":false},"excerpt":{"rendered":"<p>\u201cTaksitle kitap satt\u0131\u011f\u0131 bir k\u0131z vard\u0131. Ona ha bire kitap g\u00f6t\u00fcr\u00fcyordu ama o hi\u00e7 \u00f6deme yapm\u0131yordu. Bir sabah Aleka\u2019n\u0131n, yirmi bin drahmiden fazla tutan kitap al\u0131\u015fveri\u015fi<span class=\"excerpt-hellip\"> [\u2026]<\/span><\/p>\n","protected":false},"featured_media":0,"template":"","meta":{"_monsterinsights_skip_tracking":false,"_monsterinsights_sitenote_active":false,"_monsterinsights_sitenote_note":"","_monsterinsights_sitenote_category":0},"product_brand":[],"product_cat":[12291,12711],"product_tag":[],"class_list":{"0":"post-700383","1":"product","2":"type-product","3":"status-publish","5":"product_cat-edebiyat","6":"product_cat-roman-oyku","7":"pa_cilt-ciltsiz","8":"pa_tur-kitap","9":"pa_yayinevi-kirmizi-kedi-yayinevi","10":"pa_yazar-kostas-mourselas","12":"first","13":"instock","14":"sale","15":"shipping-taxable","16":"purchasable","17":"product-type-simple"},"_links":{"self":[{"href":"https:\/\/roveyayinevi.com.tr\/index.php\/wp-json\/wp\/v2\/product\/700383","targetHints":{"allow":["GET"]}}],"collection":[{"href":"https:\/\/roveyayinevi.com.tr\/index.php\/wp-json\/wp\/v2\/product"}],"about":[{"href":"https:\/\/roveyayinevi.com.tr\/index.php\/wp-json\/wp\/v2\/types\/product"}],"wp:attachment":[{"href":"https:\/\/roveyayinevi.com.tr\/index.php\/wp-json\/wp\/v2\/media?parent=700383"}],"wp:term":[{"taxonomy":"product_brand","embeddable":true,"href":"https:\/\/roveyayinevi.com.tr\/index.php\/wp-json\/wp\/v2\/product_brand?post=700383"},{"taxonomy":"product_cat","embeddable":true,"href":"https:\/\/roveyayinevi.com.tr\/index.php\/wp-json\/wp\/v2\/product_cat?post=700383"},{"taxonomy":"product_tag","embeddable":true,"href":"https:\/\/roveyayinevi.com.tr\/index.php\/wp-json\/wp\/v2\/product_tag?post=700383"}],"curies":[{"name":"wp","href":"https:\/\/api.w.org\/{rel}","templated":true}]}}