{"id":700376,"date":"2025-08-27T14:58:18","date_gmt":"2025-08-27T11:58:18","guid":{"rendered":"https:\/\/roveyayinevi.com.tr\/index.php\/urun\/ataturk-ve-egitim-bilimleri\/"},"modified":"2026-04-16T02:09:38","modified_gmt":"2026-04-15T23:09:38","slug":"ataturk-ve-egitim-bilimleri","status":"publish","type":"product","link":"https:\/\/roveyayinevi.com.tr\/index.php\/urun\/ataturk-ve-egitim-bilimleri\/","title":{"rendered":"Atat\u00fcrk ve E\u011fitim Bilimleri"},"content":{"rendered":"<p>Bu kitap Atat\u00fcrk\u2019\u00fcn konu ile ilgili g\u00f6r\u00fc\u015flerinin \u00e7a\u011fda\u015f bir yorumudur. Bu \u00e7al\u0131\u015fmam\u0131zda O\u2019nun e\u011fitimle ilgili g\u00f6r\u00fc\u015fleri al\u0131\u015f\u0131lagelmi\u015fin d\u0131\u015f\u0131nda ele al\u0131nm\u0131\u015ft\u0131r. Okuyucu, konunun ele al\u0131n\u0131\u015f\u0131ndaki sosyoloji ve k\u00fclt\u00fcrel yakla\u015f\u0131m\u0131 hemen fark edecektir. <\/p>\n","protected":false},"excerpt":{"rendered":"<p>Bu kitap Atat\u00fcrk\u2019\u00fcn konu ile ilgili g\u00f6r\u00fc\u015flerinin \u00e7a\u011fda\u015f bir yorumudur. Bu \u00e7al\u0131\u015fmam\u0131zda O\u2019nun e\u011fitimle ilgili g\u00f6r\u00fc\u015fleri al\u0131\u015f\u0131lagelmi\u015fin d\u0131\u015f\u0131nda ele al\u0131nm\u0131\u015ft\u0131r. Okuyucu, konunun ele al\u0131n\u0131\u015f\u0131ndaki sosyoloji ve<span class=\"excerpt-hellip\"> [\u2026]<\/span><\/p>\n","protected":false},"featured_media":0,"template":"","meta":{"_monsterinsights_skip_tracking":false,"_monsterinsights_sitenote_active":false,"_monsterinsights_sitenote_note":"","_monsterinsights_sitenote_category":0},"product_brand":[],"product_cat":[12573,12566],"product_tag":[],"class_list":{"0":"post-700376","1":"product","2":"type-product","3":"status-publish","5":"product_cat-akademik-kitaplar","6":"product_cat-egitim","7":"pa_cilt-ciltsiz","8":"pa_tur-kitap","9":"pa_yayinevi-ani-yayincilik","10":"pa_yazar-mahmut-tezcan","12":"first","13":"instock","14":"sale","15":"shipping-taxable","16":"purchasable","17":"product-type-simple"},"_links":{"self":[{"href":"https:\/\/roveyayinevi.com.tr\/index.php\/wp-json\/wp\/v2\/product\/700376","targetHints":{"allow":["GET"]}}],"collection":[{"href":"https:\/\/roveyayinevi.com.tr\/index.php\/wp-json\/wp\/v2\/product"}],"about":[{"href":"https:\/\/roveyayinevi.com.tr\/index.php\/wp-json\/wp\/v2\/types\/product"}],"wp:attachment":[{"href":"https:\/\/roveyayinevi.com.tr\/index.php\/wp-json\/wp\/v2\/media?parent=700376"}],"wp:term":[{"taxonomy":"product_brand","embeddable":true,"href":"https:\/\/roveyayinevi.com.tr\/index.php\/wp-json\/wp\/v2\/product_brand?post=700376"},{"taxonomy":"product_cat","embeddable":true,"href":"https:\/\/roveyayinevi.com.tr\/index.php\/wp-json\/wp\/v2\/product_cat?post=700376"},{"taxonomy":"product_tag","embeddable":true,"href":"https:\/\/roveyayinevi.com.tr\/index.php\/wp-json\/wp\/v2\/product_tag?post=700376"}],"curies":[{"name":"wp","href":"https:\/\/api.w.org\/{rel}","templated":true}]}}