{"id":700373,"date":"2025-08-27T14:58:18","date_gmt":"2025-08-27T11:58:18","guid":{"rendered":"https:\/\/roveyayinevi.com.tr\/index.php\/urun\/merhaba-rus-dili-ders-kitabi-2-cdli\/"},"modified":"2026-04-16T02:09:38","modified_gmt":"2026-04-15T23:09:38","slug":"merhaba-rus-dili-ders-kitabi-2-cdli","status":"publish","type":"product","link":"https:\/\/roveyayinevi.com.tr\/index.php\/urun\/merhaba-rus-dili-ders-kitabi-2-cdli\/","title":{"rendered":"Merhaba Rus Dili Ders Kitab\u0131 2 (Cd&#8217;li)"},"content":{"rendered":"<p>Bu kitapta, Rus\u00e7an\u0131n grameri \u00e7ok k\u0131sa anlat\u0131lm\u0131\u015ft\u0131r. Her dersin sonunda konuya uygun ara\u015ft\u0131rmalar, s\u0131n\u0131fta veya evde yap\u0131lacak can s\u0131kmayacak yaz\u0131l\u0131 ya da s\u00f6zl\u00fc konular, ve Rusya&#8217;daki ya\u015fam\u0131 yans\u0131tan metinler sizi bekliyor. Her dersin sonunda dikkat \u00e7ekici metinler ve diyaloglar Rus k\u00f6kenli spikerler taraf\u0131ndan seslendirilmi\u015ftir. Her ders ilgin\u00e7 diyaloglarla sonu\u00e7lanmaktad\u0131r. Kendinizi s\u0131naman\u0131z i\u00e7in her ders sonunda verilen testler size yard\u0131mc\u0131 olacakt\u0131r. <\/p>\n","protected":false},"excerpt":{"rendered":"<p>Bu kitapta, Rus\u00e7an\u0131n grameri \u00e7ok k\u0131sa anlat\u0131lm\u0131\u015ft\u0131r. Her dersin sonunda konuya uygun ara\u015ft\u0131rmalar, s\u0131n\u0131fta veya evde yap\u0131lacak can s\u0131kmayacak yaz\u0131l\u0131 ya da s\u00f6zl\u00fc konular, ve Rusya&#8217;daki<span class=\"excerpt-hellip\"> [\u2026]<\/span><\/p>\n","protected":false},"featured_media":0,"template":"","meta":{"_monsterinsights_skip_tracking":false,"_monsterinsights_sitenote_active":false,"_monsterinsights_sitenote_note":"","_monsterinsights_sitenote_category":0},"product_brand":[],"product_cat":[14597,12566],"product_tag":[],"class_list":{"0":"post-700373","1":"product","2":"type-product","3":"status-publish","5":"product_cat-dil-ogrenimi","6":"product_cat-egitim","7":"pa_cilt-ciltsiz","8":"pa_tur-kitap","9":"pa_yayinevi-bilgesu-yayincilik","10":"pa_yazar-kabuljan-murzaev","12":"first","13":"instock","14":"sale","15":"shipping-taxable","16":"purchasable","17":"product-type-simple"},"_links":{"self":[{"href":"https:\/\/roveyayinevi.com.tr\/index.php\/wp-json\/wp\/v2\/product\/700373","targetHints":{"allow":["GET"]}}],"collection":[{"href":"https:\/\/roveyayinevi.com.tr\/index.php\/wp-json\/wp\/v2\/product"}],"about":[{"href":"https:\/\/roveyayinevi.com.tr\/index.php\/wp-json\/wp\/v2\/types\/product"}],"wp:attachment":[{"href":"https:\/\/roveyayinevi.com.tr\/index.php\/wp-json\/wp\/v2\/media?parent=700373"}],"wp:term":[{"taxonomy":"product_brand","embeddable":true,"href":"https:\/\/roveyayinevi.com.tr\/index.php\/wp-json\/wp\/v2\/product_brand?post=700373"},{"taxonomy":"product_cat","embeddable":true,"href":"https:\/\/roveyayinevi.com.tr\/index.php\/wp-json\/wp\/v2\/product_cat?post=700373"},{"taxonomy":"product_tag","embeddable":true,"href":"https:\/\/roveyayinevi.com.tr\/index.php\/wp-json\/wp\/v2\/product_tag?post=700373"}],"curies":[{"name":"wp","href":"https:\/\/api.w.org\/{rel}","templated":true}]}}