{"id":700370,"date":"2025-08-27T14:58:17","date_gmt":"2025-08-27T11:58:17","guid":{"rendered":"https:\/\/roveyayinevi.com.tr\/index.php\/urun\/eslik-cdli-nasrettin-hoca-sarkilari\/"},"modified":"2026-04-16T02:09:38","modified_gmt":"2026-04-15T23:09:38","slug":"eslik-cdli-nasrettin-hoca-sarkilari","status":"publish","type":"product","link":"https:\/\/roveyayinevi.com.tr\/index.php\/urun\/eslik-cdli-nasrettin-hoca-sarkilari\/","title":{"rendered":"E\u015flik CD\u2019li Nasrettin Hoca \u015eark\u0131lar\u0131"},"content":{"rendered":"<p>Bu kitap ve i\u00e7indeki \u015fark\u0131lar, \u00f6ncelikle okul \u00f6ncesi \u00e7ocuklar ile ilkokul \u00f6\u011frencileri ve s\u0131n\u0131f \u00f6\u011fretmenleri d\u00fc\u015f\u00fcn\u00fclerek haz\u0131rlanm\u0131\u015ft\u0131r. Konu olarak Nasrettin Hoca f\u0131kralar\u0131 se\u00e7ilmi\u015f ve bu f\u0131kralar \u015fark\u0131 haline getirilmi\u015ftir. \u00c7\u00fcnk\u00fc evrensel ve zaman tan\u0131maz f\u0131kra ve hik\u00e2yeleriyle bilinen Nasrettin Hoca (1208-1284), insan ili\u015fkilerine yapt\u0131\u011f\u0131 mizahi vurgularla yaln\u0131zca T\u00fcrk de\u011fil D\u00fcnya Edebiyat Tarihi&#8217;nin de \u00f6nemli bir fig\u00fcr\u00fcd\u00fcr. Bu niteli\u011fi nedeniyle de 1996-1997 y\u0131l\u0131 UNESCO taraf\u0131ndan Uluslararas\u0131 Nasreddin Y\u0131l\u0131 ilan edilmi\u015ftir. F\u0131kralar\u0131n\/\u015fark\u0131lar\u0131n her biri T\u00fcrk toplumunun ve Anadolu insan\u0131n\u0131n zek\u00e2s\u0131n\u0131, k\u00fclt\u00fcr\u00fcn\u00fc, mizah duygusunu ve toplum diline yerle\u015fmi\u015f olan baz\u0131 \u00f6zdeyi\u015fleri i\u00e7ermektedir. Kitap bu y\u00f6n\u00fcyle ele al\u0131nd\u0131\u011f\u0131nda, k\u00fc\u00e7\u00fck \u00e7ocuklar\u0131m\u0131za bu de\u011ferleri \u00f6\u011fretmeyi ve k\u00fclt\u00fcr\u00fcm\u00fcz\u00fc, i\u00e7indeki \u015fark\u0131lar yoluyla ku\u015faktan ku\u015fa\u011fa aktarmay\u0131 hedeflemektedir.\ufffcTan\u0131t\u0131m Metni<\/p>\n","protected":false},"excerpt":{"rendered":"<p>Bu kitap ve i\u00e7indeki \u015fark\u0131lar, \u00f6ncelikle okul \u00f6ncesi \u00e7ocuklar ile ilkokul \u00f6\u011frencileri ve s\u0131n\u0131f \u00f6\u011fretmenleri d\u00fc\u015f\u00fcn\u00fclerek haz\u0131rlanm\u0131\u015ft\u0131r. Konu olarak Nasrettin Hoca f\u0131kralar\u0131 se\u00e7ilmi\u015f ve bu f\u0131kralar<span class=\"excerpt-hellip\"> [\u2026]<\/span><\/p>\n","protected":false},"featured_media":0,"template":"","meta":{"_monsterinsights_skip_tracking":false,"_monsterinsights_sitenote_active":false,"_monsterinsights_sitenote_note":"","_monsterinsights_sitenote_category":0},"product_brand":[],"product_cat":[12274,12649],"product_tag":[],"class_list":{"0":"post-700370","1":"product","2":"type-product","3":"status-publish","5":"product_cat-cocuk-ve-genclik-kitaplari","6":"product_cat-hobi-muzik","7":"pa_cilt-ciltsiz","8":"pa_tur-kitap","9":"pa_yayinevi-muzik-egitimi-yayinlari","10":"pa_yazar-suleyman-tarman","12":"first","13":"instock","14":"sale","15":"shipping-taxable","16":"purchasable","17":"product-type-simple"},"_links":{"self":[{"href":"https:\/\/roveyayinevi.com.tr\/index.php\/wp-json\/wp\/v2\/product\/700370","targetHints":{"allow":["GET"]}}],"collection":[{"href":"https:\/\/roveyayinevi.com.tr\/index.php\/wp-json\/wp\/v2\/product"}],"about":[{"href":"https:\/\/roveyayinevi.com.tr\/index.php\/wp-json\/wp\/v2\/types\/product"}],"wp:attachment":[{"href":"https:\/\/roveyayinevi.com.tr\/index.php\/wp-json\/wp\/v2\/media?parent=700370"}],"wp:term":[{"taxonomy":"product_brand","embeddable":true,"href":"https:\/\/roveyayinevi.com.tr\/index.php\/wp-json\/wp\/v2\/product_brand?post=700370"},{"taxonomy":"product_cat","embeddable":true,"href":"https:\/\/roveyayinevi.com.tr\/index.php\/wp-json\/wp\/v2\/product_cat?post=700370"},{"taxonomy":"product_tag","embeddable":true,"href":"https:\/\/roveyayinevi.com.tr\/index.php\/wp-json\/wp\/v2\/product_tag?post=700370"}],"curies":[{"name":"wp","href":"https:\/\/api.w.org\/{rel}","templated":true}]}}